{"id":100,"date":"2020-06-02T11:50:31","date_gmt":"2020-06-02T09:50:31","guid":{"rendered":"http:\/\/grundschule-badsoden.de\/?page_id=100"},"modified":"2020-10-04T15:02:57","modified_gmt":"2020-10-04T13:02:57","slug":"schulaufnahme","status":"publish","type":"page","link":"https:\/\/grundschule-badsoden.de\/index.php\/schulaufnahme\/","title":{"rendered":"Schulaufnahme"},"content":{"rendered":"\n<h3 class=\"wp-block-heading\">Wie geht das, wenn mein Kind in die Schule kommt?<\/h3>\n\n\n\n<p>Die Planung f\u00fcr die Schulaufnahme der Schulneulinge beginnt bereits mit der Zustellung der Liste der schulpflichtigen Kinder durch die Gemeindeverwaltung im Fr\u00fchjahr des Vorjahres. Die sich daraus ergebenden Schritte sollen einem gleitenden angstfreien \u00dcbergang der Kindergartenkinder in die Grundschule bzw. Vorklasse dienen.<\/p>\n\n\n\n<h3 class=\"wp-block-heading\">Folgende Schritte sind dazu notwendig:<\/h3>\n\n\n\n<figure class=\"wp-block-table\"><table><tbody><tr><td>Der alle zwei Jahre stattfindende Informationsabend im Kindergarten dient den Eltern als Orientierung. (Was wird von einem schulf\u00e4higen Kind erwartet, was wird aus meinem Kind, wenn es nicht schulf\u00e4hig ist, usw.)<br><br>Die Schulanmeldung im April des Vorjahres ist die erste Kontaktaufnahme der Eltern und Kinder mit der Schule. Sie findet in der Kindertagesst\u00e4tte St. Laurentius statt. Hierbei werden vor allem Sprachdefizite festgestellt, damit die Kinder im Vorlaufkurs angemeldet werden k\u00f6nnen. Dabei ist ein 15-min\u00fctiges Gespr\u00e4ch durch die Schulleiterin mit Eltern\/Kind vorgesehen.<br><br>Die Schulf\u00e4higkeit wird w\u00e4hrend eines Kennenlerntages im Herbst festgestellt. F\u00fcr die Schulanf\u00e4nger wird dabei ein Schulvormittag durch das Kollegium gestaltet.<br><br>Es findet ein Gespr\u00e4ch der Schulleitung mit den Erzieherinnen des Kindergartens \u00fcber die Schulf\u00e4higkeit der Schulneulinge statt.<br><br>Die Schulleitung entscheidet nach einer amts\u00e4rztlichen Untersuchung mit dem Amtsarzt \u00fcber die Schulf\u00e4higkeit.<br><br>Ein Informationsabend f\u00fcr die Eltern \u00fcber organisatorische Abl\u00e4ufe, Klassenbildung, Arbeitsweise der Schule findet vor den Sommerferien statt.<br><br><\/td><\/tr><\/tbody><\/table><\/figure>\n\n\n\n<p><strong>Die eigentliche\u00a0<a href=\"http:\/\/grundschule-badsoden.de\/Einschulung 2020\">Einschulung<\/a>\u00a0wird folgenderma\u00dfen gestaltet:<\/strong><\/p>\n\n\n\n<h3 class=\"wp-block-heading\"><strong>Erster Schultag \/ Einschulung:<\/strong><\/h3>\n\n\n\n<figure class=\"wp-block-table\"><table><tbody><tr><td>Ablauf<\/td><td>Vorbereitung<\/td><td>Zeit<\/td><\/tr><tr><td>Wortgottesdienst in der katholischen oder evangelischen Kirche (j\u00e4hrlicher Wechsel), f\u00fcr die Sch\u00fcler und Eltern der 1. Jahrgangsstufe<\/td><td>Kath. Pfarrer, ev.&nbsp;Pfarrerin<\/td><td>9.00 Uhr-10.00&nbsp;Uhr<\/td><\/tr><tr><td>Einschulungsfeier im Kurzentrum Thermasol<\/td><td>Klasse 3<\/td><td>10.00 Uhr-10.45&nbsp;Uhr<\/td><\/tr><tr><td>Einstimmung der Sch\u00fcler auf den Schulalltag (ohne Eltern)<\/td><td>Klassenlehrerin<\/td><td>11.00 Uhr-12.00&nbsp;Uhr<\/td><\/tr><tr><td>Kennenlernen des Klassenraums<\/td><td>Klassenlehrerin<\/td><td>&nbsp;<\/td><\/tr><tr><td>Eltern der Jahrgangsstufe 2 servieren den Eltern der Jahrgangsstufe 1 Kaffee und Kuchen<\/td><td>Eltern der Jahgangsstufe 2<\/td><td>&nbsp;<\/td><\/tr><tr><td>Austeilen der Schult\u00fcten im Klassenraum durch die Lehrerin<\/td><td>Klassenlehrerin im Beisein der Eltern<\/td><td>ca. 11.45 Uhr<\/td><\/tr><tr><td>M\u00f6glichkeit zur Aufnahme eines Fotos<\/td><td>Eltern<\/td><td>ca. 12.00 Uhr<\/td><\/tr><tr><td>Pressefoto f\u00fcr eine Zeitungsmeldung<\/td><td>Presse<\/td><td>ca. 12.00 Uhr<\/td><\/tr><\/tbody><\/table><\/figure>\n","protected":false},"excerpt":{"rendered":"<p>Wie geht das, wenn mein Kind in die Schule kommt? Die Planung f\u00fcr die Schulaufnahme der Schulneulinge beginnt bereits mit der Zustellung der Liste der schulpflichtigen Kinder durch die Gemeindeverwaltung [&hellip;]<\/p>\n","protected":false},"author":1,"featured_media":0,"parent":0,"menu_order":0,"comment_status":"closed","ping_status":"closed","template":"","meta":{"footnotes":""},"class_list":["post-100","page","type-page","status-publish","hentry"],"_links":{"self":[{"href":"https:\/\/grundschule-badsoden.de\/index.php\/wp-json\/wp\/v2\/pages\/100","targetHints":{"allow":["GET"]}}],"collection":[{"href":"https:\/\/grundschule-badsoden.de\/index.php\/wp-json\/wp\/v2\/pages"}],"about":[{"href":"https:\/\/grundschule-badsoden.de\/index.php\/wp-json\/wp\/v2\/types\/page"}],"author":[{"embeddable":true,"href":"https:\/\/grundschule-badsoden.de\/index.php\/wp-json\/wp\/v2\/users\/1"}],"replies":[{"embeddable":true,"href":"https:\/\/grundschule-badsoden.de\/index.php\/wp-json\/wp\/v2\/comments?post=100"}],"version-history":[{"count":0,"href":"https:\/\/grundschule-badsoden.de\/index.php\/wp-json\/wp\/v2\/pages\/100\/revisions"}],"wp:attachment":[{"href":"https:\/\/grundschule-badsoden.de\/index.php\/wp-json\/wp\/v2\/media?parent=100"}],"curies":[{"name":"wp","href":"https:\/\/api.w.org\/{rel}","templated":true}]}}