{"id":104,"date":"2020-06-02T11:52:14","date_gmt":"2020-06-02T09:52:14","guid":{"rendered":"http:\/\/grundschule-badsoden.de\/?page_id=104"},"modified":"2022-02-02T18:51:41","modified_gmt":"2022-02-02T17:51:41","slug":"antraege","status":"publish","type":"page","link":"https:\/\/grundschule-badsoden.de\/index.php\/antraege\/","title":{"rendered":"Antr\u00e4ge Eltern"},"content":{"rendered":"\n<p>Mit Hilfe dieser Seite k\u00f6nnen sie sich verschiedene Antr\u00e4ge im PDF- Format ansehen und dann ausdrucken und ausf\u00fcllen.<br>Die aktuellen Formulare und weitere Antr\u00e4ge finden Sie auf der Webseite des Kommunalen Centers f\u00fcr Arbeit unter&nbsp;<a href=\"http:\/\/www.kca-mkk.de\/\">www.kca-mkk.de<\/a><\/p>\n\n\n\n<p>Eine Anmeldung f\u00fcr den F\u00f6rderverein k\u00f6nnen Sie hier herunterladen:<\/p>\n\n\n\n<div class=\"wp-block-file\"><a id=\"wp-block-file--media-ee4917da-b1fb-4589-be41-7333560bf779\" href=\"http:\/\/grundschule-badsoden.de\/wp-content\/uploads\/2022\/02\/Beitrittserklaerung-2022-Kopie-1.pdf\">Beitrittserkl\u00e4rung 2022<\/a><a href=\"http:\/\/grundschule-badsoden.de\/wp-content\/uploads\/2022\/02\/Beitrittserklaerung-2022-Kopie-1.pdf\" class=\"wp-block-file__button\" download aria-describedby=\"wp-block-file--media-ee4917da-b1fb-4589-be41-7333560bf779\">Download<\/a><\/div>\n\n\n\n<div style=\"height:20px\" aria-hidden=\"true\" class=\"wp-block-spacer\"><\/div>\n\n\n\n<p>Eine Anmeldung zur Betreuung finden Sie hier:<\/p>\n\n\n\n<div class=\"wp-block-file\"><a id=\"wp-block-file--media-c050b94e-550b-4a17-bdd6-8739509e0313\" href=\"http:\/\/grundschule-badsoden.de\/wp-content\/uploads\/2022\/02\/Anmeldung-Ganztagsbetreuung-2022-Kopie.pdf\">Anmeldung Ganztagsbetreuung 2022<\/a><a href=\"http:\/\/grundschule-badsoden.de\/wp-content\/uploads\/2022\/02\/Anmeldung-Ganztagsbetreuung-2022-Kopie.pdf\" class=\"wp-block-file__button\" download aria-describedby=\"wp-block-file--media-c050b94e-550b-4a17-bdd6-8739509e0313\">Download<\/a><\/div>\n\n\n\n<div style=\"height:20px\" aria-hidden=\"true\" class=\"wp-block-spacer\"><\/div>\n\n\n\n<div class=\"wp-block-group\"><div class=\"wp-block-group__inner-container is-layout-flow wp-block-group-is-layout-flow\">\n<p>Eine Anmeldung zur Tagesbetreuung k\u00f6nnen Sie hier herunterladen:<\/p>\n<\/div><\/div>\n\n\n\n<div class=\"wp-block-file\"><a id=\"wp-block-file--media-69afc90b-51f2-4646-99ab-19c47c975ed5\" href=\"http:\/\/grundschule-badsoden.de\/wp-content\/uploads\/2022\/02\/Anmeldung-Tagesbetreuung-2022-Kopie.pdf\">Anmeldung Tagesbetreuung 2022<\/a><a href=\"http:\/\/grundschule-badsoden.de\/wp-content\/uploads\/2022\/02\/Anmeldung-Tagesbetreuung-2022-Kopie.pdf\" class=\"wp-block-file__button\" download aria-describedby=\"wp-block-file--media-69afc90b-51f2-4646-99ab-19c47c975ed5\">Download<\/a><\/div>\n\n\n\n<div style=\"height:20px\" aria-hidden=\"true\" class=\"wp-block-spacer\"><\/div>\n\n\n\n<p>Wenn Sie im F\u00f6rderverein k\u00fcndigen wollen, klicken Sie hier:<\/p>\n\n\n\n<div class=\"wp-block-file\"><a id=\"wp-block-file--media-3844f7e6-bf02-48b9-b2a6-bb6373b382d3\" href=\"http:\/\/grundschule-badsoden.de\/wp-content\/uploads\/2020\/06\/kuendigung.pdf\">K\u00fcndigung<\/a><a href=\"http:\/\/grundschule-badsoden.de\/wp-content\/uploads\/2020\/06\/kuendigung.pdf\" class=\"wp-block-file__button\" download aria-describedby=\"wp-block-file--media-3844f7e6-bf02-48b9-b2a6-bb6373b382d3\">Download<\/a><\/div>\n\n\n\n<div style=\"height:20px\" aria-hidden=\"true\" class=\"wp-block-spacer\"><\/div>\n\n\n\n<p>Einen Antrag auf Bezuschussung einer Wanderfahrt finden Sie hier:<\/p>\n\n\n\n<div class=\"wp-block-file\"><a id=\"wp-block-file--media-82768179-da8e-4ce2-8b2c-7e745abe0ca0\" href=\"http:\/\/grundschule-badsoden.de\/wp-content\/uploads\/2020\/06\/elternantragfahrt.pdf\">Elternantrag Fahrt<\/a><a href=\"http:\/\/grundschule-badsoden.de\/wp-content\/uploads\/2020\/06\/elternantragfahrt.pdf\" class=\"wp-block-file__button\" download aria-describedby=\"wp-block-file--media-82768179-da8e-4ce2-8b2c-7e745abe0ca0\">Download<\/a><\/div>\n\n\n\n<div style=\"height:20px\" aria-hidden=\"true\" class=\"wp-block-spacer\"><\/div>\n\n\n\n<p>Einen Antrag auf Bezuschussung der Lernf\u00f6rderung finden Sie hier:<\/p>\n\n\n\n<div class=\"wp-block-file\"><a id=\"wp-block-file--media-8bc01793-3148-48fb-870b-e36916270a26\" href=\"http:\/\/grundschule-badsoden.de\/wp-content\/uploads\/2020\/06\/elternantraglf.pdf\">Elternantrag Lernf\u00f6rderung<\/a><a href=\"http:\/\/grundschule-badsoden.de\/wp-content\/uploads\/2020\/06\/elternantraglf.pdf\" class=\"wp-block-file__button\" download aria-describedby=\"wp-block-file--media-8bc01793-3148-48fb-870b-e36916270a26\">Download<\/a><\/div>\n\n\n\n<div style=\"height:20px\" aria-hidden=\"true\" class=\"wp-block-spacer\"><\/div>\n\n\n\n<p>Einen Antrag auf Teilhabe am sozialen und kulturellen Leben finden Sie hier:<\/p>\n\n\n\n<div class=\"wp-block-file\"><a id=\"wp-block-file--media-dec51fe6-0e61-4a75-a158-a1d906b306be\" href=\"http:\/\/grundschule-badsoden.de\/wp-content\/uploads\/2020\/06\/elternantragskt.pdf\">Elternantrag Teilhabe<\/a><a href=\"http:\/\/grundschule-badsoden.de\/wp-content\/uploads\/2020\/06\/elternantragskt.pdf\" class=\"wp-block-file__button\" download aria-describedby=\"wp-block-file--media-dec51fe6-0e61-4a75-a158-a1d906b306be\">Download<\/a><\/div>\n\n\n\n<div style=\"height:20px\" aria-hidden=\"true\" class=\"wp-block-spacer\"><\/div>\n\n\n\n<p>Einen Antrag auf Bezuschussung der Mittagsverpflegung finden Sie hier:<\/p>\n\n\n\n<div class=\"wp-block-file\"><a id=\"wp-block-file--media-e0c5123c-b1d7-4cad-a321-51c00b487993\" href=\"http:\/\/grundschule-badsoden.de\/wp-content\/uploads\/2020\/06\/elternantragmv.pdf\">Elternantrag Mittagsverpflegung<\/a><a href=\"http:\/\/grundschule-badsoden.de\/wp-content\/uploads\/2020\/06\/elternantragmv.pdf\" class=\"wp-block-file__button\" download aria-describedby=\"wp-block-file--media-e0c5123c-b1d7-4cad-a321-51c00b487993\">Download<\/a><\/div>\n","protected":false},"excerpt":{"rendered":"<p>Mit Hilfe dieser Seite k\u00f6nnen sie sich verschiedene Antr\u00e4ge im PDF- Format ansehen und dann ausdrucken und ausf\u00fcllen.Die aktuellen Formulare und weitere Antr\u00e4ge finden Sie auf der Webseite des Kommunalen [&hellip;]<\/p>\n","protected":false},"author":1,"featured_media":0,"parent":0,"menu_order":0,"comment_status":"closed","ping_status":"closed","template":"","meta":{"footnotes":""},"class_list":["post-104","page","type-page","status-publish","hentry"],"_links":{"self":[{"href":"https:\/\/grundschule-badsoden.de\/index.php\/wp-json\/wp\/v2\/pages\/104","targetHints":{"allow":["GET"]}}],"collection":[{"href":"https:\/\/grundschule-badsoden.de\/index.php\/wp-json\/wp\/v2\/pages"}],"about":[{"href":"https:\/\/grundschule-badsoden.de\/index.php\/wp-json\/wp\/v2\/types\/page"}],"author":[{"embeddable":true,"href":"https:\/\/grundschule-badsoden.de\/index.php\/wp-json\/wp\/v2\/users\/1"}],"replies":[{"embeddable":true,"href":"https:\/\/grundschule-badsoden.de\/index.php\/wp-json\/wp\/v2\/comments?post=104"}],"version-history":[{"count":0,"href":"https:\/\/grundschule-badsoden.de\/index.php\/wp-json\/wp\/v2\/pages\/104\/revisions"}],"wp:attachment":[{"href":"https:\/\/grundschule-badsoden.de\/index.php\/wp-json\/wp\/v2\/media?parent=104"}],"curies":[{"name":"wp","href":"https:\/\/api.w.org\/{rel}","templated":true}]}}