{"id":118,"date":"2020-06-02T11:55:56","date_gmt":"2020-06-02T09:55:56","guid":{"rendered":"http:\/\/grundschule-badsoden.de\/?page_id=118"},"modified":"2025-10-01T17:05:39","modified_gmt":"2025-10-01T15:05:39","slug":"vorstand","status":"publish","type":"page","link":"https:\/\/grundschule-badsoden.de\/index.php\/vorstand\/","title":{"rendered":"Vorstand"},"content":{"rendered":"\n<p><\/p>\n\n\n\n<p>Der F\u00f6rderverein lebt, wie jeder Verein, von seinen Mitgliedern. Daher an dieser Stelle die Bitte an die Eltern, die noch nicht Mitglied sind:<\/p>\n\n\n\n<p class=\"has-large-font-size\"><\/p>\n\n\n\n<h4 class=\"wp-block-heading\" id=\"wir-brauchen-ihre-unterstutzung-bitte-treten-sie-in-den-forderverein-ein\"><strong>Wir brauchen Ihre Unterst\u00fctzung!<\/strong> <strong>Bitte treten sie in den F\u00f6rderverein ein!<\/strong><\/h4>\n\n\n\n<p class=\"has-large-font-size\"><\/p>\n\n\n\n<p class=\"has-text-align-center\"><strong>Hier ist der Vorstand des F\u00f6rdervereines zu sehen:<\/strong>&nbsp;<\/p>\n\n\n\n<figure class=\"wp-block-gallery has-nested-images columns-default is-cropped wp-block-gallery-1 is-layout-flex wp-block-gallery-is-layout-flex\">\n<figure class=\"wp-block-image size-large\"><img loading=\"lazy\" decoding=\"async\" width=\"1024\" height=\"768\" data-id=\"3458\" src=\"https:\/\/grundschule-badsoden.de\/wp-content\/uploads\/2025\/10\/IMG_5258-1024x768.jpeg\" alt=\"\" class=\"wp-image-3458\" srcset=\"https:\/\/grundschule-badsoden.de\/wp-content\/uploads\/2025\/10\/IMG_5258-1024x768.jpeg 1024w, https:\/\/grundschule-badsoden.de\/wp-content\/uploads\/2025\/10\/IMG_5258-300x225.jpeg 300w, https:\/\/grundschule-badsoden.de\/wp-content\/uploads\/2025\/10\/IMG_5258-768x576.jpeg 768w, https:\/\/grundschule-badsoden.de\/wp-content\/uploads\/2025\/10\/IMG_5258-1536x1152.jpeg 1536w, https:\/\/grundschule-badsoden.de\/wp-content\/uploads\/2025\/10\/IMG_5258-2048x1536.jpeg 2048w, https:\/\/grundschule-badsoden.de\/wp-content\/uploads\/2025\/10\/IMG_5258-360x270.jpeg 360w, https:\/\/grundschule-badsoden.de\/wp-content\/uploads\/2025\/10\/IMG_5258-80x60.jpeg 80w\" sizes=\"auto, (max-width: 1024px) 100vw, 1024px\" \/><\/figure>\n<figcaption class=\"blocks-gallery-caption wp-element-caption\"><br><strong>Von links nach rechts: Christin Kastner, Diana Froschauer, Annika Fehler, Sara Michel<\/strong><br><br><strong><br><\/strong><br><br><br><strong>1.Vorsitzende:\u00a0<\/strong><br>Frau Christin Kastner Tel. 0177 4000916<br><br><strong>2.Vorsitzende:\u00a0<\/strong><br>Frau Annika Fehler Tel. 0163 3808354<br><br><strong>Schriftf\u00fchrerin:\u00a0<\/strong><br>Frau Sara Michel<br><br><strong>Kassenf\u00fchrerin:<\/strong>\u00a0<br>Frau Diana Froschauer<\/figcaption><\/figure>\n\n\n\n<p><\/p>\n\n\n\n<p class=\"has-large-font-size\"><\/p>\n\n\n\n<p><\/p>\n\n\n\n<p><\/p>\n\n\n\n<p class=\"has-text-align-center\">Elisa Schmitt unterst\u00fctzt seit 2022 den Vorstand des F\u00f6rdervereins und ist dabei haupts\u00e4chlich f\u00fcr organisatorische Dinge zust\u00e4ndig und f\u00fcr den Schriftverkehr; bzw. den Informationsaustausch mit den Eltern der betreuten Kinder.<\/p>\n\n\n\n<p><\/p>\n\n\n\n<div class=\"wp-block-group\"><div class=\"wp-block-group__inner-container is-layout-constrained wp-block-group-is-layout-constrained\">\n<div class=\"wp-block-group\"><div class=\"wp-block-group__inner-container is-layout-constrained wp-block-group-is-layout-constrained\">\n<div class=\"wp-block-group\"><div class=\"wp-block-group__inner-container is-layout-constrained wp-block-group-is-layout-constrained\"><div class=\"wp-block-image\">\n<figure class=\"aligncenter size-full is-resized\"><img loading=\"lazy\" decoding=\"async\" width=\"601\" height=\"800\" src=\"https:\/\/grundschule-badsoden.de\/wp-content\/uploads\/2020\/09\/Schmidt.jpg\" alt=\"\" class=\"wp-image-1646\" style=\"width:263px;height:350px\" srcset=\"https:\/\/grundschule-badsoden.de\/wp-content\/uploads\/2020\/09\/Schmidt.jpg 601w, https:\/\/grundschule-badsoden.de\/wp-content\/uploads\/2020\/09\/Schmidt-225x300.jpg 225w\" sizes=\"auto, (max-width: 601px) 100vw, 601px\" \/><\/figure>\n<\/div><\/div><\/div>\n<\/div><\/div>\n<\/div><\/div>\n","protected":false},"excerpt":{"rendered":"<p>Der F\u00f6rderverein lebt, wie jeder Verein, von seinen Mitgliedern. Daher an dieser Stelle die Bitte an die Eltern, die noch nicht Mitglied sind: Wir brauchen Ihre Unterst\u00fctzung! Bitte treten sie [&hellip;]<\/p>\n","protected":false},"author":1,"featured_media":0,"parent":0,"menu_order":0,"comment_status":"closed","ping_status":"closed","template":"","meta":{"footnotes":""},"class_list":["post-118","page","type-page","status-publish","hentry"],"_links":{"self":[{"href":"https:\/\/grundschule-badsoden.de\/index.php\/wp-json\/wp\/v2\/pages\/118","targetHints":{"allow":["GET"]}}],"collection":[{"href":"https:\/\/grundschule-badsoden.de\/index.php\/wp-json\/wp\/v2\/pages"}],"about":[{"href":"https:\/\/grundschule-badsoden.de\/index.php\/wp-json\/wp\/v2\/types\/page"}],"author":[{"embeddable":true,"href":"https:\/\/grundschule-badsoden.de\/index.php\/wp-json\/wp\/v2\/users\/1"}],"replies":[{"embeddable":true,"href":"https:\/\/grundschule-badsoden.de\/index.php\/wp-json\/wp\/v2\/comments?post=118"}],"version-history":[{"count":0,"href":"https:\/\/grundschule-badsoden.de\/index.php\/wp-json\/wp\/v2\/pages\/118\/revisions"}],"wp:attachment":[{"href":"https:\/\/grundschule-badsoden.de\/index.php\/wp-json\/wp\/v2\/media?parent=118"}],"curies":[{"name":"wp","href":"https:\/\/api.w.org\/{rel}","templated":true}]}}