{"id":120,"date":"2020-06-02T11:56:44","date_gmt":"2020-06-02T09:56:44","guid":{"rendered":"http:\/\/grundschule-badsoden.de\/?page_id=120"},"modified":"2025-10-01T17:16:28","modified_gmt":"2025-10-01T15:16:28","slug":"betreuung","status":"publish","type":"page","link":"https:\/\/grundschule-badsoden.de\/index.php\/betreuung\/","title":{"rendered":"Betreuung: &#8222;KINDERINSEL der Grundschule an der Salz&#8220;"},"content":{"rendered":"\n<p class=\"has-medium-font-size\"><strong>Schuljahr 2025\/2026<\/strong><\/p>\n\n\n\n<p>Seit dem neuen Schuljahr haben wir in der Kinderinsel eine ganz neue K\u00fcche, mit Essensausgabe, Industriesp\u00fclmaschine und viel Stauraum in Schr\u00e4nken, sodass die Essenskinder mittags gut versorgt werden k\u00f6nnen.<\/p>\n\n\n\n<figure class=\"wp-block-image size-large\"><img loading=\"lazy\" decoding=\"async\" width=\"1024\" height=\"768\" src=\"https:\/\/grundschule-badsoden.de\/wp-content\/uploads\/2025\/10\/IMG_5107-1024x768.jpeg\" alt=\"\" class=\"wp-image-3465\" srcset=\"https:\/\/grundschule-badsoden.de\/wp-content\/uploads\/2025\/10\/IMG_5107-1024x768.jpeg 1024w, https:\/\/grundschule-badsoden.de\/wp-content\/uploads\/2025\/10\/IMG_5107-300x225.jpeg 300w, https:\/\/grundschule-badsoden.de\/wp-content\/uploads\/2025\/10\/IMG_5107-768x576.jpeg 768w, https:\/\/grundschule-badsoden.de\/wp-content\/uploads\/2025\/10\/IMG_5107-1536x1152.jpeg 1536w, https:\/\/grundschule-badsoden.de\/wp-content\/uploads\/2025\/10\/IMG_5107-2048x1536.jpeg 2048w, https:\/\/grundschule-badsoden.de\/wp-content\/uploads\/2025\/10\/IMG_5107-360x270.jpeg 360w, https:\/\/grundschule-badsoden.de\/wp-content\/uploads\/2025\/10\/IMG_5107-80x60.jpeg 80w\" sizes=\"auto, (max-width: 1024px) 100vw, 1024px\" \/><\/figure>\n\n\n\n<p class=\"has-medium-font-size\"><strong>Schuljahr 2024\/2025<\/strong><\/p>\n\n\n\n<p>Der F\u00f6rderverein ist Tr\u00e4ger des Betreuungsangebotes f\u00fcr die Grundsch\u00fcler, das sich auf die unterrichtsfreie Zeit von 7.30 Uhr bis 8:00 Uhr erstreckt und danach je nach Bedarf abh\u00e4ngig vom Stundenplan der Kinder und auf die Nachmittagsbetreuung von 13.10 Uhr bis 16.30 Uhr, freitags nur bis 15 Uhr!<\/p>\n\n\n\n<p><\/p>\n\n\n\n<p>Die Kinder werden dort von den Betreuerinnen Frau Zalibera, Frau Hummel, Frau Zimmermann, Frau Schittrigkeit und Frau Plichta beaufsichtigt und besch\u00e4ftigt. In der Betreuung stehen 2 R\u00e4ume zum Spielen zur Verf\u00fcgung, eine K\u00fcche (in der die Kinder ihr Mittagessen einnehmen) und ein eigener &#8222;Hausaufgabenraum&#8220; (ein Klassenraum), in dem die Kinder ihre Aufgaben machen k\u00f6nnen. Nachmittags k\u00f6nnen die Kinder den Schulhof nutzen mit allen Sachen, die im &#8222;Spieleh\u00e4uschen&#8220; zur Verf\u00fcgung stehen.<\/p>\n\n\n\n<div style=\"height:40px\" aria-hidden=\"true\" class=\"wp-block-spacer\"><\/div>\n\n\n\n<p class=\"has-text-align-center\"><\/p>\n\n\n\n<figure class=\"wp-block-image size-large\"><img loading=\"lazy\" decoding=\"async\" width=\"1024\" height=\"768\" src=\"https:\/\/grundschule-badsoden.de\/wp-content\/uploads\/2024\/06\/E42F149B-4402-4240-8E8F-29CC360CB938_1_201_a-1024x768.jpeg\" alt=\"\" class=\"wp-image-3007\" srcset=\"https:\/\/grundschule-badsoden.de\/wp-content\/uploads\/2024\/06\/E42F149B-4402-4240-8E8F-29CC360CB938_1_201_a-1024x768.jpeg 1024w, https:\/\/grundschule-badsoden.de\/wp-content\/uploads\/2024\/06\/E42F149B-4402-4240-8E8F-29CC360CB938_1_201_a-300x225.jpeg 300w, https:\/\/grundschule-badsoden.de\/wp-content\/uploads\/2024\/06\/E42F149B-4402-4240-8E8F-29CC360CB938_1_201_a-768x576.jpeg 768w, https:\/\/grundschule-badsoden.de\/wp-content\/uploads\/2024\/06\/E42F149B-4402-4240-8E8F-29CC360CB938_1_201_a-1536x1152.jpeg 1536w, https:\/\/grundschule-badsoden.de\/wp-content\/uploads\/2024\/06\/E42F149B-4402-4240-8E8F-29CC360CB938_1_201_a-360x270.jpeg 360w, https:\/\/grundschule-badsoden.de\/wp-content\/uploads\/2024\/06\/E42F149B-4402-4240-8E8F-29CC360CB938_1_201_a-80x60.jpeg 80w, https:\/\/grundschule-badsoden.de\/wp-content\/uploads\/2024\/06\/E42F149B-4402-4240-8E8F-29CC360CB938_1_201_a.jpeg 1592w\" sizes=\"auto, (max-width: 1024px) 100vw, 1024px\" \/><\/figure>\n\n\n\n<p class=\"has-text-align-center\" style=\"letter-spacing:px\">Hier ist ein Bild unseres aktuellen Betreuerinnen-Teams: (vorne von links nach rechts) Frau Hummel, Frau Zimmermann, Frau Zalibera, Frau Schittrigkeit; (hinten) Frau Plichta<\/p>\n\n\n\n<p><\/p>\n\n\n\n<p class=\"has-medium-font-size\"><\/p>\n\n\n\n<p class=\"has-x-large-font-size\"><\/p>\n\n\n\n<p><\/p>\n\n\n\n<p>Seit Juli 2021 hat die Betreuung einen neuen Namen. Sie hei\u00dft nun &#8222;<strong>KINDERINSEL<\/strong>&#8222;!<\/p>\n\n\n\n<p>Nach einem Namenswettbewerb und einer Vorauswahl, wurde dieser Name mit gro\u00dfer Mehrheit von den Mitgliedern der Betreuung gew\u00e4hlt. Besonders die Kinder der Betreuung bevorzugten diesen Namen!<\/p>\n\n\n\n<figure class=\"wp-block-image size-large\"><img loading=\"lazy\" decoding=\"async\" width=\"1024\" height=\"768\" src=\"http:\/\/grundschule-badsoden.de\/wp-content\/uploads\/2021\/08\/IMG_4572-1024x768.jpeg\" alt=\"\" class=\"wp-image-1796\" srcset=\"https:\/\/grundschule-badsoden.de\/wp-content\/uploads\/2021\/08\/IMG_4572-1024x768.jpeg 1024w, https:\/\/grundschule-badsoden.de\/wp-content\/uploads\/2021\/08\/IMG_4572-300x225.jpeg 300w, https:\/\/grundschule-badsoden.de\/wp-content\/uploads\/2021\/08\/IMG_4572-768x576.jpeg 768w, https:\/\/grundschule-badsoden.de\/wp-content\/uploads\/2021\/08\/IMG_4572-1536x1152.jpeg 1536w, https:\/\/grundschule-badsoden.de\/wp-content\/uploads\/2021\/08\/IMG_4572-2048x1536.jpeg 2048w, https:\/\/grundschule-badsoden.de\/wp-content\/uploads\/2021\/08\/IMG_4572-360x270.jpeg 360w, https:\/\/grundschule-badsoden.de\/wp-content\/uploads\/2021\/08\/IMG_4572-80x60.jpeg 80w\" sizes=\"auto, (max-width: 1024px) 100vw, 1024px\" \/><\/figure>\n\n\n\n<div style=\"height:75px\" aria-hidden=\"true\" class=\"wp-block-spacer\"><\/div>\n\n\n\n<h5 class=\"wp-block-heading has-text-align-left\" id=\"seit-september-2019-ist-die-betreuung-im-bereich-der-kleinen-forscher-zertifiziert\">Seit September 2019 ist die Betreuung im Bereich der &#8222;Kleinen Forscher&#8220; zertifiziert:<\/h5>\n\n\n\n<figure class=\"wp-block-gallery aligncenter has-nested-images columns-default is-cropped wp-block-gallery-1 is-layout-flex wp-block-gallery-is-layout-flex\">\n<figure class=\"wp-block-image size-large\"><img loading=\"lazy\" decoding=\"async\" width=\"430\" height=\"170\" data-id=\"550\" src=\"http:\/\/grundschule-badsoden.de\/wp-content\/uploads\/2020\/06\/Kleine-Forscher.jpg\" alt=\"\" class=\"wp-image-550\" srcset=\"https:\/\/grundschule-badsoden.de\/wp-content\/uploads\/2020\/06\/Kleine-Forscher.jpg 430w, https:\/\/grundschule-badsoden.de\/wp-content\/uploads\/2020\/06\/Kleine-Forscher-300x119.jpg 300w\" sizes=\"auto, (max-width: 430px) 100vw, 430px\" \/><\/figure>\n<\/figure>\n\n\n\n<div style=\"height:40px\" aria-hidden=\"true\" class=\"wp-block-spacer\"><\/div>\n\n\n\n<h5 class=\"wp-block-heading\" id=\"und-so-sieht-es-bei-uns-in-der-betreuung-aus\">Und so sieht es bei uns in der Betreuung aus:<\/h5>\n\n\n\n<figure class=\"wp-block-gallery has-nested-images columns-default is-cropped wp-block-gallery-2 is-layout-flex wp-block-gallery-is-layout-flex\">\n<figure class=\"wp-block-image size-large\"><img loading=\"lazy\" decoding=\"async\" width=\"600\" height=\"450\" data-id=\"266\" src=\"http:\/\/grundschule-badsoden.de\/wp-content\/uploads\/2020\/06\/sch_betreuung.jpg\" alt=\"\" class=\"wp-image-266\" srcset=\"https:\/\/grundschule-badsoden.de\/wp-content\/uploads\/2020\/06\/sch_betreuung.jpg 600w, https:\/\/grundschule-badsoden.de\/wp-content\/uploads\/2020\/06\/sch_betreuung-300x225.jpg 300w\" sizes=\"auto, (max-width: 600px) 100vw, 600px\" \/><\/figure>\n\n\n\n<figure class=\"wp-block-image size-large\"><img loading=\"lazy\" decoding=\"async\" width=\"600\" height=\"450\" data-id=\"267\" src=\"http:\/\/grundschule-badsoden.de\/wp-content\/uploads\/2020\/06\/sch_betreuung1.jpg\" alt=\"\" class=\"wp-image-267\" srcset=\"https:\/\/grundschule-badsoden.de\/wp-content\/uploads\/2020\/06\/sch_betreuung1.jpg 600w, https:\/\/grundschule-badsoden.de\/wp-content\/uploads\/2020\/06\/sch_betreuung1-300x225.jpg 300w\" sizes=\"auto, (max-width: 600px) 100vw, 600px\" \/><\/figure>\n\n\n\n<figure class=\"wp-block-image size-large\"><img loading=\"lazy\" decoding=\"async\" width=\"600\" height=\"450\" data-id=\"241\" src=\"http:\/\/grundschule-badsoden.de\/wp-content\/uploads\/2020\/06\/f\u00f6_betreuung3.jpg\" alt=\"\" class=\"wp-image-241\" srcset=\"https:\/\/grundschule-badsoden.de\/wp-content\/uploads\/2020\/06\/f\u00f6_betreuung3.jpg 600w, https:\/\/grundschule-badsoden.de\/wp-content\/uploads\/2020\/06\/f\u00f6_betreuung3-300x225.jpg 300w\" sizes=\"auto, (max-width: 600px) 100vw, 600px\" \/><\/figure>\n\n\n\n<figure class=\"wp-block-image size-large\"><img loading=\"lazy\" decoding=\"async\" width=\"600\" height=\"450\" data-id=\"268\" src=\"http:\/\/grundschule-badsoden.de\/wp-content\/uploads\/2020\/06\/sch_betreuung2.jpg\" alt=\"\" class=\"wp-image-268\" srcset=\"https:\/\/grundschule-badsoden.de\/wp-content\/uploads\/2020\/06\/sch_betreuung2.jpg 600w, https:\/\/grundschule-badsoden.de\/wp-content\/uploads\/2020\/06\/sch_betreuung2-300x225.jpg 300w\" sizes=\"auto, (max-width: 600px) 100vw, 600px\" \/><\/figure>\n<figcaption class=\"blocks-gallery-caption wp-element-caption\"><strong>Oben:<\/strong> Spielecke mit Korkboden \/ Forscher- und Hausaufgabenraum \/ Ruheecke mit Sofa<br><strong>Unten: <\/strong>Im Hintergrund der Schreibtisch der Betreuerinnen \/ vorne: Spieltisch f\u00fcr Gesellschaftsspiele<\/figcaption><\/figure>\n\n\n\n<div style=\"height:40px\" aria-hidden=\"true\" class=\"wp-block-spacer\"><\/div>\n\n\n\n<h5 class=\"wp-block-heading\" id=\"die-betreuungskosten-verteilen-sich-wie-folgt\">Die Betreuungskosten verteilen sich wie folgt:<\/h5>\n\n\n\n<p><strong>40 Euro pro Kind<\/strong>&nbsp;f\u00fcr die Zeit von 7.30 Uhr bis 13.10 Uhr<\/p>\n\n\n\n<p><strong>85 Euro pro Kind<\/strong>&nbsp;f\u00fcr die Zeit von 7.30 Uhr bis 15.00 Uhr <\/p>\n\n\n\n<p><strong>120 Euro pro Kind<\/strong>&nbsp;f\u00fcr die Zeit von 7.30 Uhr bis 16.30 Uhr.<\/p>\n\n\n\n<p>Wenn die Kinder in der Schule zu Mittag essen, wird ein Betrag von <strong>4,25 Euro pro Kind und Tag <\/strong>w\u00f6chentlich mit den Betreuerinnen abgerechnet.<\/p>\n\n\n\n<div style=\"height:40px\" aria-hidden=\"true\" class=\"wp-block-spacer\"><\/div>\n\n\n\n<h5 class=\"wp-block-heading\" id=\"das-angebot-gilt-in-der-regel-fur-kinder-deren-eltern-aus-beruflichen-grunden-auf-eine-geregelte-betreuung-angewiesen-sind-betreuungszeiten-konnen-aber-auch-flexibel-gehandhabt-werden-so-bietet-der-forderverein-auch-eine-tagesbetreuung-in-notfallen-an\"><br>Das Angebot gilt in der Regel f\u00fcr Kinder, deren Eltern aus beruflichen Gr\u00fcnden auf eine geregelte Betreuung angewiesen sind.&nbsp;<br>Betreuungszeiten k\u00f6nnen aber auch flexibel gehandhabt werden. So bietet der F\u00f6rderverein auch eine &#8222;Tagesbetreuung&#8220; in Notf\u00e4llen an.<\/h5>\n\n\n\n<div style=\"height:40px\" aria-hidden=\"true\" class=\"wp-block-spacer\"><\/div>\n\n\n\n<p>Die Kinder k\u00f6nnen auf Wunsch ihre<strong> Hausaufgaben<\/strong> w\u00e4hrend der Betreuungszeit unter Aufsicht erledigen.<br><strong>F\u00fcr die Kontrolle der Hausaufgaben und das t\u00e4gliche \u00dcben sind jedoch die Eltern verantwortlich!<\/strong><\/p>\n\n\n\n<div style=\"height:40px\" aria-hidden=\"true\" class=\"wp-block-spacer\"><\/div>\n\n\n\n<h5 class=\"wp-block-heading\" id=\"die-nachmittagsbetreuung-sieht-wie-folgt-aus\">Die Nachmittagsbetreuung sieht wie folgt aus:<\/h5>\n\n\n\n<p><strong>Mittagessen:<\/strong> Gemeinsam in der Zeit von 13.00 bis 14.00 Uhr<\/p>\n\n\n\n<p><strong>Hausaufgaben<\/strong>: Zeit steht daf\u00fcr von 13.30 Uhr bis 14.30 Uhr zur Verf\u00fcgung<\/p>\n\n\n\n<p><strong>Wochenplanangebot<\/strong>: Am Nachmittag haben die Kinder Zeit zum Spielen, je nach Wetter drau\u00dfen oder drinnen. Regelm\u00e4\u00dfig basteln, spielen oder backen die Betreuerinnen mit den Kindern. <\/p>\n\n\n\n<p>Zwei bis dreimal pro Jahr finden nach M\u00f6glichkeit <strong>zus\u00e4tzliche Kurse<\/strong> statt (z. B. Seidenmalkurs, Kinderyoga), die der F\u00f6rderverin finanziert.<\/p>\n","protected":false},"excerpt":{"rendered":"<p>Schuljahr 2025\/2026 Seit dem neuen Schuljahr haben wir in der Kinderinsel eine ganz neue K\u00fcche, mit Essensausgabe, Industriesp\u00fclmaschine und viel Stauraum in Schr\u00e4nken, sodass die Essenskinder mittags gut versorgt werden [&hellip;]<\/p>\n","protected":false},"author":1,"featured_media":0,"parent":0,"menu_order":0,"comment_status":"closed","ping_status":"closed","template":"","meta":{"footnotes":""},"class_list":["post-120","page","type-page","status-publish","hentry"],"_links":{"self":[{"href":"https:\/\/grundschule-badsoden.de\/index.php\/wp-json\/wp\/v2\/pages\/120","targetHints":{"allow":["GET"]}}],"collection":[{"href":"https:\/\/grundschule-badsoden.de\/index.php\/wp-json\/wp\/v2\/pages"}],"about":[{"href":"https:\/\/grundschule-badsoden.de\/index.php\/wp-json\/wp\/v2\/types\/page"}],"author":[{"embeddable":true,"href":"https:\/\/grundschule-badsoden.de\/index.php\/wp-json\/wp\/v2\/users\/1"}],"replies":[{"embeddable":true,"href":"https:\/\/grundschule-badsoden.de\/index.php\/wp-json\/wp\/v2\/comments?post=120"}],"version-history":[{"count":0,"href":"https:\/\/grundschule-badsoden.de\/index.php\/wp-json\/wp\/v2\/pages\/120\/revisions"}],"wp:attachment":[{"href":"https:\/\/grundschule-badsoden.de\/index.php\/wp-json\/wp\/v2\/media?parent=120"}],"curies":[{"name":"wp","href":"https:\/\/api.w.org\/{rel}","templated":true}]}}