{"id":131,"date":"2020-06-02T11:59:22","date_gmt":"2020-06-02T09:59:22","guid":{"rendered":"http:\/\/grundschule-badsoden.de\/?page_id=131"},"modified":"2020-09-11T16:27:56","modified_gmt":"2020-09-11T14:27:56","slug":"leitbild","status":"publish","type":"page","link":"https:\/\/grundschule-badsoden.de\/index.php\/leitbild\/","title":{"rendered":"Leitbild"},"content":{"rendered":"\n<p><\/p>\n\n\n\n<figure class=\"wp-block-image size-large\"><img loading=\"lazy\" decoding=\"async\" width=\"719\" height=\"959\" src=\"http:\/\/grundschule-badsoden.de\/wp-content\/uploads\/2020\/09\/leitbild1.gif\" alt=\"\" class=\"wp-image-1668\"\/><figcaption><br><br><\/figcaption><\/figure>\n\n\n\n<p>         <\/p>\n\n\n\n<figure class=\"wp-block-image size-large\"><img loading=\"lazy\" decoding=\"async\" width=\"719\" height=\"959\" src=\"http:\/\/grundschule-badsoden.de\/wp-content\/uploads\/2020\/09\/leitbild2.gif\" alt=\"\" class=\"wp-image-1669\"\/><\/figure>\n\n\n\n<p>Wir sind stets bem\u00fcht &#8211; entsprechend unseres Leitbildes &#8211; den Sch\u00fclern als Vorbild zu fungieren, sie mit ihren Problemen ernst zu nehmen und ihre Anliegen zu respektieren; ihnen aber auch gegebenenfalls Grenzen zu setzen. Die Grundschule verf\u00fcgt \u00fcber eine Schulordnung und \u00fcber einheitliche Ma\u00dfnahmen bei Verst\u00f6\u00dfen gegen die&nbsp;<a href=\"http:\/\/www.grundschule-badsoden.de\/schule\/schulregeln.htm\">Schulregeln<\/a>.<\/p>\n\n\n\n<p>Erziehung ist aber in erster Linie Aufgabe der Eltern, deshalb wollen wir mit den Eltern \u00fcber gemeinsame Erziehungsziele diskutieren. F\u00fcr eine erfolgreiche Erziehung ist eine \u00dcbereinstimmung zwischen Schule und Elternhaus notwendig.<br>Die Schule bietet nicht nur die \u00fcblichen Elternsprechtage an, sondern dar\u00fcber hinaus sucht jede Kollegin\/jeder Kollege bei evtl. Auff\u00e4lligkeiten der Sch\u00fclerin\/des Sch\u00fclers unverz\u00fcglich das Gespr\u00e4ch mit den Eltern.<\/p>\n\n\n\n<p><strong>Die Eltern selbst sind mit ihren Anliegen in der Schule jederzeit willkommen!<\/strong><\/p>\n","protected":false},"excerpt":{"rendered":"<p>Wir sind stets bem\u00fcht &#8211; entsprechend unseres Leitbildes &#8211; den Sch\u00fclern als Vorbild zu fungieren, sie mit ihren Problemen ernst zu nehmen und ihre Anliegen zu respektieren; ihnen aber auch [&hellip;]<\/p>\n","protected":false},"author":1,"featured_media":0,"parent":0,"menu_order":0,"comment_status":"closed","ping_status":"closed","template":"","meta":{"footnotes":""},"class_list":["post-131","page","type-page","status-publish","hentry"],"_links":{"self":[{"href":"https:\/\/grundschule-badsoden.de\/index.php\/wp-json\/wp\/v2\/pages\/131","targetHints":{"allow":["GET"]}}],"collection":[{"href":"https:\/\/grundschule-badsoden.de\/index.php\/wp-json\/wp\/v2\/pages"}],"about":[{"href":"https:\/\/grundschule-badsoden.de\/index.php\/wp-json\/wp\/v2\/types\/page"}],"author":[{"embeddable":true,"href":"https:\/\/grundschule-badsoden.de\/index.php\/wp-json\/wp\/v2\/users\/1"}],"replies":[{"embeddable":true,"href":"https:\/\/grundschule-badsoden.de\/index.php\/wp-json\/wp\/v2\/comments?post=131"}],"version-history":[{"count":0,"href":"https:\/\/grundschule-badsoden.de\/index.php\/wp-json\/wp\/v2\/pages\/131\/revisions"}],"wp:attachment":[{"href":"https:\/\/grundschule-badsoden.de\/index.php\/wp-json\/wp\/v2\/media?parent=131"}],"curies":[{"name":"wp","href":"https:\/\/api.w.org\/{rel}","templated":true}]}}