{"id":133,"date":"2020-06-02T12:00:31","date_gmt":"2020-06-02T10:00:31","guid":{"rendered":"http:\/\/grundschule-badsoden.de\/?page_id=133"},"modified":"2022-09-10T13:23:25","modified_gmt":"2022-09-10T11:23:25","slug":"kooperation","status":"publish","type":"page","link":"https:\/\/grundschule-badsoden.de\/index.php\/kooperation\/","title":{"rendered":"Kooperation"},"content":{"rendered":"\n<h3 class=\"wp-block-heading\">Kooperation mit den Banken<\/h3>\n\n\n\n<p>Schule von heute ist keine im Ort isolierte p\u00e4dagogische Anstalt mehr. Die Schule sollte sich nach au\u00dfen \u00f6ffnen und zum Beispiel auch mit Hilfe von Vereinen und anderen Institutionen sich als eine lebendige Lebens- und Lerngemeinschaft darstellen.<\/p>\n\n\n\n<p>Die Grundschule an der Salz hat durch die zahlreichen Malwettbewerbe engen Kontakt zu der&nbsp;<strong>im Ort ans\u00e4ssigen Raiffeisen-Bank<\/strong>.<\/p>\n\n\n\n<div style=\"height:20px\" aria-hidden=\"true\" class=\"wp-block-spacer\"><\/div>\n\n\n\n<h3 class=\"wp-block-heading\">Kooperation mit der Henry-Harnischfeger-Schule, Salm\u00fcnster<\/h3>\n\n\n\n<p>Im Fr\u00fchjahr 2003 hat sich eine Gruppe von vier Lehrerinnen der Grundschule an der Salz mit Kollegen der benachbarten&nbsp;<a href=\"http:\/\/www.hhigs.de\/\">Henry-Harnischfeger-Schule<\/a>&nbsp;gebildet. Diese Gruppe hat es sich zum Ziel gesetzt, ein Deutsch-F\u00f6rderkonzept f\u00fcr den Grundschulbereich zu entwickeln.<br>Schwerpunkt der Arbeitsgruppe war und ist es, ein Verfahren zu erstellen, um fr\u00fchzeitig vorhandenen Lese- und Rechtschreibschwierigkeiten entgegen wirken zu k\u00f6nnen.<br>Aus diesem Konzept ist ein Buch entstanden, das seit August 2006 beim Verlag an der Ruhr zu beziehen ist.<\/p>\n\n\n\n<div style=\"height:20px\" aria-hidden=\"true\" class=\"wp-block-spacer\"><\/div>\n\n\n\n<h3 class=\"wp-block-heading\">Kooperation mit dem Netzwerk Gesundheit Main-Kinzig<\/h3>\n\n\n\n<p>Eine rege Zusammenarbeit hat sich mit dem\u00a0<a href=\"http:\/\/www.nfg-mkk.de\/\">Netzwerk f\u00fcr Gesundheit Main-Kinzig<\/a>\u00a0entwickelt. Daraus ist ein reger Kontakt zu den Kliniken Bad Sodens entstanden, die Patenschaften f\u00fcr einzelne Jahrg\u00e4nge \u00fcbernehmen. Im September 2007 wurde in dieser Kooperation unter Beteiligung der Sozialministerin Silke Lautenschl\u00e4ger die hessenweit einmalige Ern\u00e4hrungsinitiative &#8222;Club der Kochm\u00fctzen&#8220; gegr\u00fcndet.<br>Die Patenschaft f\u00fcr das Schuljahr 2007\/2008 hat f\u00fcr die Schulanf\u00e4nger die\u00a0<strong>Rehaklinik Bellevue<\/strong>\u00a0\u00fcbernommen. Gemeinsam mit dem Gesundheitsteam, dem Leiter des Netzwerkes f\u00fcr Gesundheit, der Klinikleitung und zwei Di\u00e4tassistentinnen, erarbeitet die Klassenlehrerin zwei Ern\u00e4hrungsprojekte pro Schuljahr. Diese Projekte werden in der Schule theoretisch vorbereitet und praktisch in der Klinik umgesetzt.<br>Die einzelnen Kliniken \u00fcbernehmen die Patenschaft f\u00fcr den jeweiligen Jahrgang \u00fcber die gesamte Grundschulzeit.<br>Im Schuljahr 2008\/2009 hat die\u00a0<strong>Knappschaftsklinik<\/strong>\u00a0das neue erste Schuljahr \u00fcbernommen und betreut es seitdem.<br>Im folgenden Jahr (2009\/2010) kam die\u00a0<strong>Salztalklinik<\/strong>\u00a0dazu.<br>Den vierten Durchgang \u00fcbernahm die\u00a0<strong>Klinik St. Marien<\/strong>\u00a0im Jahr 2010\/2011.<br>Im Jahr 2011\/2012 \u00fcbernahm die\u00a0<strong>Kinzigtalklinik<\/strong>\u00a0unsere neuen Erstkl\u00e4ssler.<br>Die\u00a0<strong>Klinik Lohrey\u00a0<\/strong>\u00fcbernahm im Schuljahr 2012\/2013 die Patenschaft f\u00fcr die neuen ersten Klassen von Frau Merlau und Frau B\u00f6hme.<br>Im Schuljahr 2013\/14 ist die\u00a0<strong>Rehaklinik Bellevue<\/strong>\u00a0wieder neu eingestiegen als Patenklinik f\u00fcr die ersten Klassen von Frau Scherer und Herrn Vogeley.<br>Nachdem die\u00a0<strong>Knappschaftsklinik<\/strong>\u00a0zwei Jahre ausgesetzt hat, betreute sie ab dem Schuljahr 2014\/15 die Klasse 1a von Frau B\u00f6hme als Patenklinik.<br>Die\u00a0<strong>Salztalklinik<\/strong>\u00a0\u00fcbernahm im Schuljahr 2015\/16 die Klasse 1a von Frau Ringler-Fenner als Patenklinik und betreute sie bis zur Klasse 4.<br>Die\u00a0<strong>Klinik St Marien<\/strong>\u00a0stieg im Schuljahr 2016\/17 wieder als Patenklinik f\u00fcr die Klassen 1a und 1b von Frau Wennesheimer und Frau Merlau ein. Im Schuljahr 2018\/19 beendete die Klinik bedauerlicherweise die Kooperation mit der Grundschule. Im Schuljahr 2019\/20 \u00fcbernimmt die\u00a0<strong>Salztalklinik<\/strong>\u00a0die Klassen 4a und 4b.<br>Die\u00a0<strong>Kinzigtalklinik<\/strong>\u00a0betreut ab dem Schuljahr 2017\/18 die Klassen 1a und 1b von Frau Sch\u00e4fer und Frau Schulz als Patenklinik.<br>Im Schuljahr 2018\/19 \u00fcbernimmt die\u00a0<strong>Klinik Bellevue<\/strong>\u00a0die Klasse 1a von Frau B\u00f6hme als Patenklinik und die\u00a0<strong>Klinik Lohrey<\/strong>\u00a0die Klasse 1b von Herrn Vogeley.<br>Die\u00a0<strong>Knappschaftsklinik<\/strong>\u00a0steigt im Schuljahr 2019\/20 als Patenklinik f\u00fcr die Klasse 1a von Frau Ringler-Fenner wieder ein.<br>In den Schuljahren 2020\/21 und 2021\/2022 gab es wegen Corona keine neue Patenschaften. <br>Wer im Schuljahr 2022\/23 die ersten Klassen \u00fcbernimmt, steht noch nicht fest. <\/p>\n\n\n\n<p>Seit dem Schuljahr 2012\/2013 f\u00fchrt das Netzwerk Gesundheit einen&nbsp;<strong>Mal-Wettbewerb<\/strong>&nbsp;mit den Kindern unserer Schule durch. Die Kinder der Klassen 1-4 malen, was sie in den Kliniken mit dem &#8222;Club der Kochm\u00fctzen&#8220; so alles erlebt haben. Das beste Bild eines jeden Jahrgangs wird pr\u00e4miert und die Gewinner erhalten einen Preis.<\/p>\n\n\n\n<div style=\"height:20px\" aria-hidden=\"true\" class=\"wp-block-spacer\"><\/div>\n\n\n\n<h3 class=\"wp-block-heading\">Kooperation mit dem Sportabzeichenobmann Bernhard M\u00e4der aus Steinau<\/h3>\n\n\n\n<p>Seit dem Schuljahr 2012\/2013 haben die Kinder der Grundschule an der Salz die M\u00f6glichkeit, im Sportunterricht und bei den Bundesjugendspielen das Deutsche Sportabzeichen zu erwerben. Im Schuljahr 2013\/2014 konnten 96 Kinder w\u00e4hrend einer gemeinsamen Feierstunde in der Turnhalle das Sportabzeichen von Bernhard M\u00e4der entgegennehmen. Auch im Schuljahr 2018\/2019 wurden wieder 92 Kinder w\u00e4hrend einer gemeinsamen Feierstunde in der Turnhalle mit dem Sportabzeichen beehrt. Frau Ringler-Fenner und Herr Vogeley, beide Sportlehrer der Grundschule an der Salz, nahmen im vergangenen Jahr im Rahmen des Sportunterrichtes die Leistungen ihrer Sch\u00fcler f\u00fcr das Deutsche Sportabzeichen ab.<\/p>\n\n\n<div class=\"wp-block-image\">\n<figure class=\"aligncenter size-large\"><img loading=\"lazy\" decoding=\"async\" width=\"650\" height=\"488\" src=\"http:\/\/grundschule-badsoden.de\/wp-content\/uploads\/2020\/06\/pr_abzeichen.jpg\" alt=\"\" class=\"wp-image-297\" srcset=\"https:\/\/grundschule-badsoden.de\/wp-content\/uploads\/2020\/06\/pr_abzeichen.jpg 650w, https:\/\/grundschule-badsoden.de\/wp-content\/uploads\/2020\/06\/pr_abzeichen-300x225.jpg 300w\" sizes=\"auto, (max-width: 650px) 100vw, 650px\" \/><figcaption>Sportabzeichen im Schuljahr 2018\/2019<\/figcaption><\/figure>\n<\/div>\n\n\n<div style=\"height:20px\" aria-hidden=\"true\" class=\"wp-block-spacer\"><\/div>\n\n\n\n<h3 class=\"wp-block-heading\">Kooperation mit dem Maler Honikel<\/h3>\n\n\n\n<p>Im Schuljahr 2019\/2020 stellten wir erstmals in den R\u00e4umen des Malers Honikel Bilder aus, von den Sch\u00fclern der Grundschule an der Salz gestaltet. Im Rahmen der Er\u00f6ffnung, organisiert von Familie Honikel, besuchten alle Sch\u00fcler der Grundschule die Ausstellung, wie bei einer Vernissage.<\/p>\n\n\n<div class=\"wp-block-image\">\n<figure class=\"aligncenter size-large is-resized\"><img loading=\"lazy\" decoding=\"async\" src=\"http:\/\/grundschule-badsoden.de\/wp-content\/uploads\/2020\/06\/pr_vernissage.jpg\" alt=\"\" class=\"wp-image-312\" width=\"600\" height=\"450\" srcset=\"https:\/\/grundschule-badsoden.de\/wp-content\/uploads\/2020\/06\/pr_vernissage.jpg 600w, https:\/\/grundschule-badsoden.de\/wp-content\/uploads\/2020\/06\/pr_vernissage-300x225.jpg 300w\" sizes=\"auto, (max-width: 600px) 100vw, 600px\" \/><figcaption>Ausstellung der Sch\u00fclerarbeiten in den R\u00e4umen des Malers Honikel<\/figcaption><\/figure>\n<\/div>\n\n\n<p><\/p>\n","protected":false},"excerpt":{"rendered":"<p>Kooperation mit den Banken Schule von heute ist keine im Ort isolierte p\u00e4dagogische Anstalt mehr. Die Schule sollte sich nach au\u00dfen \u00f6ffnen und zum Beispiel auch mit Hilfe von Vereinen [&hellip;]<\/p>\n","protected":false},"author":1,"featured_media":0,"parent":0,"menu_order":0,"comment_status":"closed","ping_status":"closed","template":"","meta":{"footnotes":""},"class_list":["post-133","page","type-page","status-publish","hentry"],"_links":{"self":[{"href":"https:\/\/grundschule-badsoden.de\/index.php\/wp-json\/wp\/v2\/pages\/133","targetHints":{"allow":["GET"]}}],"collection":[{"href":"https:\/\/grundschule-badsoden.de\/index.php\/wp-json\/wp\/v2\/pages"}],"about":[{"href":"https:\/\/grundschule-badsoden.de\/index.php\/wp-json\/wp\/v2\/types\/page"}],"author":[{"embeddable":true,"href":"https:\/\/grundschule-badsoden.de\/index.php\/wp-json\/wp\/v2\/users\/1"}],"replies":[{"embeddable":true,"href":"https:\/\/grundschule-badsoden.de\/index.php\/wp-json\/wp\/v2\/comments?post=133"}],"version-history":[{"count":0,"href":"https:\/\/grundschule-badsoden.de\/index.php\/wp-json\/wp\/v2\/pages\/133\/revisions"}],"wp:attachment":[{"href":"https:\/\/grundschule-badsoden.de\/index.php\/wp-json\/wp\/v2\/media?parent=133"}],"curies":[{"name":"wp","href":"https:\/\/api.w.org\/{rel}","templated":true}]}}