{"id":155,"date":"2020-06-02T12:08:25","date_gmt":"2020-06-02T10:08:25","guid":{"rendered":"http:\/\/grundschule-badsoden.de\/?page_id=155"},"modified":"2020-08-06T13:09:52","modified_gmt":"2020-08-06T11:09:52","slug":"olympiade","status":"publish","type":"page","link":"https:\/\/grundschule-badsoden.de\/index.php\/olympiade\/","title":{"rendered":"Olympiade"},"content":{"rendered":"\n<p>2020 fiel die Sch\u00fclerolympiade wegen der Corona-Pandemie aus. <\/p>\n\n\n\n<p>Jedes Jahr, kurz vor den Sommerferien, findet eine Sch\u00fclerolympiade f\u00fcr die Kinder der 3. und 4. Jahrgangsstufen der Grundschulen im Main-Kinzig-Kreis statt. Auch unsere Schule nimmt mit einer Auswahl an Kindern daran teil.<\/p>\n\n\n\n<p>Im Schuljahr 2008\/09 erzielte unsere Schule in der Disziplin &#8222;Leichtathletik&#8220; den\u00a0<strong>3. Platz.<\/strong><br>Im Schuljahr 2009\/10 erzielte unsere Schule in der Disziplin &#8222;Leichtathletik&#8220; den\u00a0<strong>1. Platz.<\/strong><br>Im Schuljahr 2009\/10 erzielte unsere Schule in der Disziplin &#8222;Fu\u00dfball&#8220; den<strong>\u00a03. Platz.<\/strong><br>Im Schuljahr 2010\/11 fiel die Sch\u00fclerolympiade &#8222;ins Wasser&#8220;.<br>Im Schuljahr 2011\/12 fiel die Sch\u00fclerolympiade wegen der Schulinspektion aus.<br>Im Schuljahr 2012\/13 erzielte unsere Schule in der Disziplin &#8222;Leichtathletik&#8220; den\u00a0<strong>2. Platz.<\/strong><br>Im Schuljahr 2013\/14 erzielte unsere Schule in der Disziplin &#8222;Leichtathletik&#8220; den\u00a0<strong>2. Platz.<\/strong><br>Im Schuljahr 2014\/15 erzielte unsere Schule in der Disziplin &#8222;Leichtathletik&#8220; den\u00a0<strong>4. Platz.<\/strong><br>Im Schuljahr 2015\/16 erzielte unsere Schule in der Disziplin &#8222;Leichtathletik&#8220; den\u00a0<strong>3. Platz.<\/strong><br>Im Schuljahr 2016\/17 fand keine Sch\u00fclerolympiade statt.<br>Im Schuljahr 2017\/18 konnten wir nicht teilnehmen, weil wir da Projektwoche hatten.<br>Im vorletzten Schuljahr (2018\/19) fand keine Sch\u00fclerolympiade statt.<br>Im letzten Schuljahr (2019\/2020) fiel die Sch\u00fclerolympiade wegen der Corona-Pandemie aus.<\/p>\n","protected":false},"excerpt":{"rendered":"<p>2020 fiel die Sch\u00fclerolympiade wegen der Corona-Pandemie aus. Jedes Jahr, kurz vor den Sommerferien, findet eine Sch\u00fclerolympiade f\u00fcr die Kinder der 3. und 4. Jahrgangsstufen der Grundschulen im Main-Kinzig-Kreis statt. [&hellip;]<\/p>\n","protected":false},"author":1,"featured_media":0,"parent":0,"menu_order":0,"comment_status":"closed","ping_status":"closed","template":"","meta":{"footnotes":""},"class_list":["post-155","page","type-page","status-publish","hentry"],"_links":{"self":[{"href":"https:\/\/grundschule-badsoden.de\/index.php\/wp-json\/wp\/v2\/pages\/155","targetHints":{"allow":["GET"]}}],"collection":[{"href":"https:\/\/grundschule-badsoden.de\/index.php\/wp-json\/wp\/v2\/pages"}],"about":[{"href":"https:\/\/grundschule-badsoden.de\/index.php\/wp-json\/wp\/v2\/types\/page"}],"author":[{"embeddable":true,"href":"https:\/\/grundschule-badsoden.de\/index.php\/wp-json\/wp\/v2\/users\/1"}],"replies":[{"embeddable":true,"href":"https:\/\/grundschule-badsoden.de\/index.php\/wp-json\/wp\/v2\/comments?post=155"}],"version-history":[{"count":0,"href":"https:\/\/grundschule-badsoden.de\/index.php\/wp-json\/wp\/v2\/pages\/155\/revisions"}],"wp:attachment":[{"href":"https:\/\/grundschule-badsoden.de\/index.php\/wp-json\/wp\/v2\/media?parent=155"}],"curies":[{"name":"wp","href":"https:\/\/api.w.org\/{rel}","templated":true}]}}