{"id":1590,"date":"2020-09-02T15:34:21","date_gmt":"2020-09-02T13:34:21","guid":{"rendered":"http:\/\/grundschule-badsoden.de\/?page_id=1590"},"modified":"2020-09-08T15:46:42","modified_gmt":"2020-09-08T13:46:42","slug":"schulhund-frieda","status":"publish","type":"page","link":"https:\/\/grundschule-badsoden.de\/index.php\/schulhund-frieda\/","title":{"rendered":"Schulhund Frieda"},"content":{"rendered":"\n<p><\/p>\n\n\n\n<figure class=\"wp-block-image size-large\"><img loading=\"lazy\" decoding=\"async\" width=\"1000\" height=\"667\" src=\"http:\/\/grundschule-badsoden.de\/wp-content\/uploads\/2020\/09\/Frieda.jpg\" alt=\"\" class=\"wp-image-1633\" srcset=\"https:\/\/grundschule-badsoden.de\/wp-content\/uploads\/2020\/09\/Frieda.jpg 1000w, https:\/\/grundschule-badsoden.de\/wp-content\/uploads\/2020\/09\/Frieda-300x200.jpg 300w, https:\/\/grundschule-badsoden.de\/wp-content\/uploads\/2020\/09\/Frieda-768x512.jpg 768w\" sizes=\"auto, (max-width: 1000px) 100vw, 1000px\" \/><\/figure>\n\n\n\n<p><\/p>\n\n\n\n<p>Ein Hund ist der ideale Lernbegleiter f\u00fcr Grundschulkinder, denn er steht in der &#8222;Rangfolge&#8220; ganz unten, macht auch mal Fehler, bewahrt Geheimnisse. Beim Streicheln kann man die W\u00e4rme und Ruhe des Hundes sp\u00fcren, man kann ihm Sorgen anvertrauen und mit ihm zu arbeiten macht mutig, d.h. die Arbeit mit dem Hund macht einfach Spa\u00df!!!<\/p>\n\n\n\n<p><\/p>\n\n\n\n<h3 class=\"wp-block-heading\"><strong>Darf ich mich vorstellen:<\/strong><\/h3>\n\n\n\n<p>Hallo, mein Name ist Frieda, ich bin im Dezember 2014 in Fulda geboren und wohne seit der 8. Woche bei meiner Familie. Seit dem 3. Tag bin ich mit meinem Frauchen t\u00e4glich in die Schule gegangen und habe meine Pr\u00e4gephase bereits mit einer Horde Kinder verbracht. Schule ist f\u00fcr mich das Sch\u00f6nste, auch wenn ich ab und zu mal Ruhe und eine Pause brauche. 2017 habe ich mit meinem Frauchen Birthe Sch\u00e4fer im Team-Hund-Gespann eine Ausbildung zum Schulhund gemacht. Vorher habe ich schon eine Begleithundepr\u00fcfung und einen Wesenstest gemacht.<br>Ich bin auch ganz regelm\u00e4\u00dfig beim Tierarzt, auch wenn ich den \u00fcberhaupt nicht leiden kann, bin ich trotzdem regelm\u00e4\u00dfig entwurmt, geimpft und frei von Fl\u00f6hen.<\/p>\n\n\n\n<p><\/p>\n\n\n\n<h3 class=\"wp-block-heading\">Fakten \u00fcber Schulhunde und mich (Frieda):<\/h3>\n\n\n\n<p>\uf0b7 Die Kinder sollen den korrekten Umgang mit mir erlernen und in Bezug auf den Hund sicherer werden, so dass das Unfallrisiko mit Hunden im Alltag minimiert wird.<br>\uf0b7 Die Kinder sollen sich intensiv mit meiner K\u00f6rpersprache und der K\u00f6rpersprache des Hundes auseinandersetzen.<br>\uf0b7 Vorhandene \u00c4ngste in Bezug auf Hunde oder Pr\u00fcfungen k\u00f6nnen abgebaut werden.<br>\uf0b7 Die Kinder haben die M\u00f6glichkeit, ihr bisher gesammeltes Wissen zum Thema \u201eHund\u201c zu erweitern.<br>\uf0b7 Konzentration, Aufmerksamkeit und Ged\u00e4chtnis der Kinder sollen geschult werden.<br>\uf0b7 Das Regelverst\u00e4ndnis der Kinder soll geschult werden.<br>\uf0b7 Die Kinder sollen in ihrem Selbstwertgef\u00fchl und Selbstbewusstsein gef\u00f6rdert werden.<br>\uf0b7 Das soziale Miteinander soll gef\u00f6rdert werden.<\/p>\n\n\n\n<p>Der Einsatz eines Hundes kann \u00fcber physiologische und psychologische Wirkmechanismen die individuellen Lernvoraussetzungen einer Sch\u00fclerin oder eines Sch\u00fclers verbessern, lernf\u00f6rdernde Bedingungen schaffen und somit zu einem erfolgreichen Lernergebnis beitragen, z.B. bei der Lesef\u00f6rderung.<\/p>\n\n\n\n<p><\/p>\n\n\n\n<h3 class=\"wp-block-heading\">Was kann ich bewirken:<\/h3>\n\n\n\n<p>\uf0b7 Das Lernklima in der Klasse kann verbessert werden.<br>\uf0b7 Eine ruhigere Lernatmosph\u00e4re kann geschaffen werden.<br>\uf0b7 Konzentration und Aufmerksamkeit der Kinder k\u00f6nnen geschult werden.<br>\uf0b7 Das soziale Miteinander kann gef\u00f6rdert werden.<br>\uf0b7 Das Regelverst\u00e4ndnis der Kinder kann geschult werden.<br>\uf0b7 Die Kinder k\u00f6nnen in ihrem Selbstwertgef\u00fchl und Selbstbewusstsein gef\u00f6rdert werden.<br>\uf0b7 Die Kinder k\u00f6nnen den nat\u00fcrlichen Umgang mit dem Hund erleben und sich in der Gruppe \u00fcber den Hund austauschen.<br>\uf0b7 Vorhandene \u00c4ngste in Bezug auf Hunde k\u00f6nnen abgebaut werden<br>\uf0b7 In einer AG kann ein Hundef\u00fchrerschein erworben werden.<\/p>\n","protected":false},"excerpt":{"rendered":"<p>Ein Hund ist der ideale Lernbegleiter f\u00fcr Grundschulkinder, denn er steht in der &#8222;Rangfolge&#8220; ganz unten, macht auch mal Fehler, bewahrt Geheimnisse. Beim Streicheln kann man die W\u00e4rme und Ruhe [&hellip;]<\/p>\n","protected":false},"author":1,"featured_media":0,"parent":0,"menu_order":0,"comment_status":"closed","ping_status":"closed","template":"","meta":{"footnotes":""},"class_list":["post-1590","page","type-page","status-publish","hentry"],"_links":{"self":[{"href":"https:\/\/grundschule-badsoden.de\/index.php\/wp-json\/wp\/v2\/pages\/1590","targetHints":{"allow":["GET"]}}],"collection":[{"href":"https:\/\/grundschule-badsoden.de\/index.php\/wp-json\/wp\/v2\/pages"}],"about":[{"href":"https:\/\/grundschule-badsoden.de\/index.php\/wp-json\/wp\/v2\/types\/page"}],"author":[{"embeddable":true,"href":"https:\/\/grundschule-badsoden.de\/index.php\/wp-json\/wp\/v2\/users\/1"}],"replies":[{"embeddable":true,"href":"https:\/\/grundschule-badsoden.de\/index.php\/wp-json\/wp\/v2\/comments?post=1590"}],"version-history":[{"count":0,"href":"https:\/\/grundschule-badsoden.de\/index.php\/wp-json\/wp\/v2\/pages\/1590\/revisions"}],"wp:attachment":[{"href":"https:\/\/grundschule-badsoden.de\/index.php\/wp-json\/wp\/v2\/media?parent=1590"}],"curies":[{"name":"wp","href":"https:\/\/api.w.org\/{rel}","templated":true}]}}