{"id":2079,"date":"2022-06-10T16:26:01","date_gmt":"2022-06-10T14:26:01","guid":{"rendered":"https:\/\/grundschule-badsoden.de\/?page_id=2079"},"modified":"2022-06-10T16:41:17","modified_gmt":"2022-06-10T14:41:17","slug":"bundesjugendspiele-2022","status":"publish","type":"page","link":"https:\/\/grundschule-badsoden.de\/index.php\/bundesjugendspiele-2022\/","title":{"rendered":"Bundesjugendspiele 2022"},"content":{"rendered":"\n<p>In (fast) jedem Schuljahr veranstaltet unsere Schule f\u00fcr unsere Kinder die Bundesjugendspiele. Hierf\u00fcr gehen wir alle zum Sportplatz nach Salm\u00fcnster. Es wird um die Wette gesprungen, gelaufen und geworfen, um eine Ehren-, Sieger- bzw. Teilnehmerurkunde zu bekommen. In diesem Schuljahr f\u00fchrten wir das sechste Mal einen 800-m-Lauf f\u00fcr alle Kinder der Klassen 1, 2, 3 und 4 durch. Dadurch konnten und k\u00f6nnen die Kinder das Sportabzeichen erwerben.<br>Die Erstkl\u00e4ssler nehmen an den Bundesjugendspielen noch nicht teil. Aber sie bew\u00e4ltigen die Disziplinen Werfen, Zielwerfen, Zielschie\u00dfen und Geschicklichkeits\u00fcbungen mit dem Ball.<\/p>\n\n\n<div id=\"grid-gallery-33-41435\" data-gg-id=\"33\" data-title=\"Bundesjugendspiele 2022\" data-grid-type=\"0\" data-offset=\"5.3\" data-area-position=\"center\" data-icons=\"\" data-preloader=\"true\" data-width=\"250\" data-height=\"250\" data-padding=\"0\" data-quicksand=\"disabled\" data-quicksand-duration=\"none\" data-popup-theme=\"theme_6\" data-popup-type=\"pretty-photo\" data-popup-image-text=\"data-description\" data-popup-widthsize=\"auto\" data-popup-heightsize=\"auto\" data-popup-i18n-words=\"{&quot;close&quot;:&quot;schlie\\u00dfen&quot;,&quot;next&quot;:&quot;n\\u00e4chste&quot;,&quot;previous&quot;:&quot;vorherige&quot;,&quot;start_slideshow&quot;:&quot;Starte Slideshow&quot;,&quot;stop_slideshow&quot;:&quot;Stoppe Slideshow&quot;,&quot;image&quot;:&quot;Bild&quot;,&quot;of&quot;:&quot;von&quot;,&quot;prev&quot;:&quot;vorherige&quot;,&quot;cExpand&quot;:&quot;Erweitere&quot;,&quot;cPrevious&quot;:&quot;Vorheriges&quot;,&quot;cNext&quot;:&quot;N\\u00e4chstes&quot;,&quot;cExpandStr&quot;:&quot;Erweitere Bild&quot;,&quot;cRotate&quot;:&quot;Rotate&quot;,&quot;cDetails&quot;:&quot;Details&quot;}\" data-popup-slideshow=\"false\" data-popup-slideshow-speed=\"2500\" data-popup-hoverstop=\"true\" data-popup-slideshow-auto=\"false\" data-popup-background=\"\" data-popup-transparency=\"30\" data-popup-disable-history=\"\" data-popup-disable-changed-url=\"\" data-popup-border-type=\"solid\" data-popup-border-color=\"\" data-popup-border-width=\"\" data-popup-border-enable=\"\" data-fullscreen=\"false\" data-hide-tooltip=\"false\" data-caption-font-family=\"Default\" data-caption-text-size=\"140\" data-is-mobile=\"0\" data-caption-mobile=\"false\" data-hide-long-tltp-title=\"0\" data-caption-disabled-on-mobile=\"false\" data-popup-placement-type=\"0\" data-social-sharing=\"{&quot;enabled&quot;:&quot;&quot;,&quot;gallerySharing&quot;:{&quot;enabled&quot;:null,&quot;position&quot;:null},&quot;imageSharing&quot;:{&quot;enabled&quot;:null,&quot;wrapperClass&quot;:&quot; vertical &quot;},&quot;popupSharing&quot;:{&quot;enabled&quot;:null,&quot;wrapperClass&quot;:&quot; vertical &quot;}}\" class=\"grid-gallery grid-gallery-fixed \" style=\" width:100%; height:auto; margin-left:auto; margin-right:auto;position:relative;\"> <div class=\"gallery-loading\"> <div class=\"blocks\"> <div class=\"block\"><\/div> <div class=\"block\"><\/div> <div class=\"block\"><\/div> <div class=\"block\"><\/div> <\/div> <\/div> <div class=\"gallery-sharing-top\" style=\"display:none;\"> <\/div> <div id=\"photos-33\" class=\"grid-gallery-photos\"><FIGURE class=\"grid-gallery-caption\" data-grid-gallery-type=\"quarter-slide-up\" data-index=\"0\" style=\"display:none;border-radius:00;; margin:5.3px; width:2500;\" ><div class=\"crop\" style=\" width:2500; height:2500; overflow:hidden;\"><img decoding=\"async\" src=\"https:\/\/grundschule-badsoden.de\/wp-content\/uploads\/2022\/06\/bjsp1-250x250.jpg\" class=\"ggImg\" alt=\"bjsp1\" title=\"Einteilung der Riegen\" data-description=\"Einteilung der Riegen\" data-caption=\"Einteilung der Riegen\" data-title=\"bjsp1\" style=\" width:250px; height:250px;\" \/><\/div><FIGCAPTION class=\"\" data-alpha=\"5\" style=\"color:#ffffff; background-color:#6f0000; font-size:140; text-align:left; font-family:Default;\" ><div class=\"grid-gallery-figcaption-wrap\" style=\"\"><\/div><\/FIGCAPTION><\/FIGURE><FIGURE class=\"grid-gallery-caption\" data-grid-gallery-type=\"quarter-slide-up\" data-index=\"1\" style=\"display:none;border-radius:00;; margin:5.3px; width:2500;\" ><div class=\"crop\" style=\" width:2500; height:2500; overflow:hidden;\"><img decoding=\"async\" src=\"https:\/\/grundschule-badsoden.de\/wp-content\/uploads\/2022\/06\/bjsp2-250x250.jpg\" class=\"ggImg\" alt=\"bjsp2\" title=\"Einteilung der Riegen\" data-description=\"Einteilung der Riegen\" data-caption=\"Einteilung der Riegen\" data-title=\"bjsp2\" style=\" width:250px; height:250px;\" \/><\/div><FIGCAPTION class=\"\" data-alpha=\"5\" style=\"color:#ffffff; background-color:#6f0000; font-size:140; text-align:left; font-family:Default;\" ><div class=\"grid-gallery-figcaption-wrap\" style=\"\"><\/div><\/FIGCAPTION><\/FIGURE><FIGURE class=\"grid-gallery-caption\" data-grid-gallery-type=\"quarter-slide-up\" data-index=\"2\" style=\"display:none;border-radius:00;; margin:5.3px; width:2500;\" ><div class=\"crop\" style=\" width:2500; height:2500; overflow:hidden;\"><img decoding=\"async\" src=\"https:\/\/grundschule-badsoden.de\/wp-content\/uploads\/2022\/06\/bjsp3-scaled-250x250.jpg\" class=\"ggImg\" alt=\"bjsp3\" title=\"800-Meter-Lauf\" data-description=\"800-Meter-Lauf\" data-caption=\"800-Meter-Lauf\" data-title=\"bjsp3\" style=\" width:250px; height:250px;\" \/><\/div><FIGCAPTION class=\"\" data-alpha=\"5\" style=\"color:#ffffff; background-color:#6f0000; font-size:140; text-align:left; font-family:Default;\" ><div class=\"grid-gallery-figcaption-wrap\" style=\"\"><\/div><\/FIGCAPTION><\/FIGURE><FIGURE class=\"grid-gallery-caption\" data-grid-gallery-type=\"quarter-slide-up\" data-index=\"3\" style=\"display:none;border-radius:00;; margin:5.3px; width:2500;\" ><div class=\"crop\" style=\" width:2500; height:2500; overflow:hidden;\"><img decoding=\"async\" src=\"https:\/\/grundschule-badsoden.de\/wp-content\/uploads\/2022\/06\/bjsp4-scaled-250x250.jpg\" class=\"ggImg\" alt=\"bjsp4\" title=\"800-Meter-Lauf\" data-description=\"800-Meter-Lauf\" data-caption=\"800-Meter-Lauf\" data-title=\"bjsp4\" style=\" width:250px; height:250px;\" \/><\/div><FIGCAPTION class=\"\" data-alpha=\"5\" style=\"color:#ffffff; background-color:#6f0000; font-size:140; text-align:left; font-family:Default;\" ><div class=\"grid-gallery-figcaption-wrap\" style=\"\"><\/div><\/FIGCAPTION><\/FIGURE><FIGURE class=\"grid-gallery-caption\" data-grid-gallery-type=\"quarter-slide-up\" data-index=\"4\" style=\"display:none;border-radius:00;; margin:5.3px; width:2500;\" ><div class=\"crop\" style=\" width:2500; height:2500; overflow:hidden;\"><img decoding=\"async\" src=\"https:\/\/grundschule-badsoden.de\/wp-content\/uploads\/2022\/06\/bjsp5-scaled-250x250.jpg\" class=\"ggImg\" alt=\"bjsp5\" title=\"800-Meter-Lauf\" data-description=\"800-Meter-Lauf\" data-caption=\"800-Meter-Lauf\" data-title=\"bjsp5\" style=\" width:250px; height:250px;\" \/><\/div><FIGCAPTION class=\"\" data-alpha=\"5\" style=\"color:#ffffff; background-color:#6f0000; font-size:140; text-align:left; font-family:Default;\" ><div class=\"grid-gallery-figcaption-wrap\" style=\"\"><\/div><\/FIGCAPTION><\/FIGURE><FIGURE class=\"grid-gallery-caption\" data-grid-gallery-type=\"quarter-slide-up\" data-index=\"5\" style=\"display:none;border-radius:00;; margin:5.3px; width:2500;\" ><div class=\"crop\" style=\" width:2500; height:2500; overflow:hidden;\"><img decoding=\"async\" src=\"https:\/\/grundschule-badsoden.de\/wp-content\/uploads\/2022\/06\/bjsp6-scaled-250x250.jpg\" class=\"ggImg\" alt=\"bjsp6\" title=\"800-Meter-Lauf\" data-description=\"800-Meter-Lauf\" data-caption=\"800-Meter-Lauf\" data-title=\"bjsp6\" style=\" width:250px; height:250px;\" \/><\/div><FIGCAPTION class=\"\" data-alpha=\"5\" style=\"color:#ffffff; background-color:#6f0000; font-size:140; text-align:left; font-family:Default;\" ><div class=\"grid-gallery-figcaption-wrap\" style=\"\"><\/div><\/FIGCAPTION><\/FIGURE><FIGURE class=\"grid-gallery-caption\" data-grid-gallery-type=\"quarter-slide-up\" data-index=\"6\" style=\"display:none;border-radius:00;; margin:5.3px; width:2500;\" ><div class=\"crop\" style=\" width:2500; height:2500; overflow:hidden;\"><img decoding=\"async\" src=\"https:\/\/grundschule-badsoden.de\/wp-content\/uploads\/2022\/06\/bjsp7-scaled-250x250.jpg\" class=\"ggImg\" alt=\"bjsp7\" title=\"800-Meter-Lauf\" data-description=\"800-Meter-Lauf\" data-caption=\"800-Meter-Lauf\" data-title=\"bjsp7\" style=\" width:250px; height:250px;\" \/><\/div><FIGCAPTION class=\"\" data-alpha=\"5\" style=\"color:#ffffff; background-color:#6f0000; font-size:140; text-align:left; font-family:Default;\" ><div class=\"grid-gallery-figcaption-wrap\" style=\"\"><\/div><\/FIGCAPTION><\/FIGURE><FIGURE class=\"grid-gallery-caption\" data-grid-gallery-type=\"quarter-slide-up\" data-index=\"7\" style=\"display:none;border-radius:00;; margin:5.3px; width:2500;\" ><div class=\"crop\" style=\" width:2500; height:2500; overflow:hidden;\"><img decoding=\"async\" src=\"https:\/\/grundschule-badsoden.de\/wp-content\/uploads\/2022\/06\/bjsp8-scaled-250x250.jpg\" class=\"ggImg\" alt=\"bjsp8\" title=\"800-Meter-Lauf\" data-description=\"800-Meter-Lauf\" data-caption=\"800-Meter-Lauf\" data-title=\"bjsp8\" style=\" width:250px; height:250px;\" \/><\/div><FIGCAPTION class=\"\" data-alpha=\"5\" style=\"color:#ffffff; background-color:#6f0000; font-size:140; text-align:left; font-family:Default;\" ><div class=\"grid-gallery-figcaption-wrap\" style=\"\"><\/div><\/FIGCAPTION><\/FIGURE><FIGURE class=\"grid-gallery-caption\" data-grid-gallery-type=\"quarter-slide-up\" data-index=\"8\" style=\"display:none;border-radius:00;; margin:5.3px; width:2500;\" ><div class=\"crop\" style=\" width:2500; height:2500; overflow:hidden;\"><img decoding=\"async\" src=\"https:\/\/grundschule-badsoden.de\/wp-content\/uploads\/2022\/06\/bjsp9-scaled-250x250.jpg\" class=\"ggImg\" alt=\"bjsp9\" title=\"Weitsprung\" data-description=\"Weitsprung\" data-caption=\"Weitsprung\" data-title=\"bjsp9\" style=\" width:250px; height:250px;\" \/><\/div><FIGCAPTION class=\"\" data-alpha=\"5\" style=\"color:#ffffff; background-color:#6f0000; font-size:140; text-align:left; font-family:Default;\" ><div class=\"grid-gallery-figcaption-wrap\" style=\"\"><\/div><\/FIGCAPTION><\/FIGURE><FIGURE class=\"grid-gallery-caption\" data-grid-gallery-type=\"quarter-slide-up\" data-index=\"9\" style=\"display:none;border-radius:00;; margin:5.3px; width:2500;\" ><div class=\"crop\" style=\" width:2500; height:2500; overflow:hidden;\"><img decoding=\"async\" src=\"https:\/\/grundschule-badsoden.de\/wp-content\/uploads\/2022\/06\/bjsp10-scaled-250x250.jpg\" class=\"ggImg\" alt=\"bjsp10\" title=\"Weitsprung\" data-description=\"Weitsprung\" data-caption=\"Weitsprung\" data-title=\"bjsp10\" style=\" width:250px; height:250px;\" \/><\/div><FIGCAPTION class=\"\" data-alpha=\"5\" style=\"color:#ffffff; background-color:#6f0000; font-size:140; text-align:left; font-family:Default;\" ><div class=\"grid-gallery-figcaption-wrap\" style=\"\"><\/div><\/FIGCAPTION><\/FIGURE><FIGURE class=\"grid-gallery-caption\" data-grid-gallery-type=\"quarter-slide-up\" data-index=\"10\" style=\"display:none;border-radius:00;; margin:5.3px; width:2500;\" ><div class=\"crop\" style=\" width:2500; height:2500; overflow:hidden;\"><img decoding=\"async\" src=\"https:\/\/grundschule-badsoden.de\/wp-content\/uploads\/2022\/06\/bjsp11-scaled-250x250.jpg\" class=\"ggImg\" alt=\"bjsp11\" title=\"Weitsprung\" data-description=\"Weitsprung\" data-caption=\"Weitsprung\" data-title=\"bjsp11\" style=\" width:250px; height:250px;\" \/><\/div><FIGCAPTION class=\"\" data-alpha=\"5\" style=\"color:#ffffff; background-color:#6f0000; font-size:140; text-align:left; font-family:Default;\" ><div class=\"grid-gallery-figcaption-wrap\" style=\"\"><\/div><\/FIGCAPTION><\/FIGURE><FIGURE class=\"grid-gallery-caption\" data-grid-gallery-type=\"quarter-slide-up\" data-index=\"11\" style=\"display:none;border-radius:00;; margin:5.3px; width:2500;\" ><div class=\"crop\" style=\" width:2500; height:2500; overflow:hidden;\"><img decoding=\"async\" src=\"https:\/\/grundschule-badsoden.de\/wp-content\/uploads\/2022\/06\/bjsp12-scaled-250x250.jpg\" class=\"ggImg\" alt=\"bjsp12\" title=\"Weitsprung\" data-description=\"Weitsprung\" data-caption=\"Weitsprung\" data-title=\"bjsp12\" style=\" width:250px; height:250px;\" \/><\/div><FIGCAPTION class=\"\" data-alpha=\"5\" style=\"color:#ffffff; background-color:#6f0000; font-size:140; text-align:left; font-family:Default;\" ><div class=\"grid-gallery-figcaption-wrap\" style=\"\"><\/div><\/FIGCAPTION><\/FIGURE><FIGURE class=\"grid-gallery-caption\" data-grid-gallery-type=\"quarter-slide-up\" data-index=\"12\" style=\"display:none;border-radius:00;; margin:5.3px; width:2500;\" ><div class=\"crop\" style=\" width:2500; height:2500; overflow:hidden;\"><img decoding=\"async\" src=\"https:\/\/grundschule-badsoden.de\/wp-content\/uploads\/2022\/06\/bjsp13-scaled-250x250.jpg\" class=\"ggImg\" alt=\"bjsp13\" title=\"Weitsprung\" data-description=\"Weitsprung\" data-caption=\"Weitsprung\" data-title=\"bjsp13\" style=\" width:250px; height:250px;\" \/><\/div><FIGCAPTION class=\"\" data-alpha=\"5\" style=\"color:#ffffff; background-color:#6f0000; font-size:140; text-align:left; font-family:Default;\" ><div class=\"grid-gallery-figcaption-wrap\" style=\"\"><\/div><\/FIGCAPTION><\/FIGURE><FIGURE class=\"grid-gallery-caption\" data-grid-gallery-type=\"quarter-slide-up\" data-index=\"13\" style=\"display:none;border-radius:00;; margin:5.3px; width:2500;\" ><div class=\"crop\" style=\" width:2500; height:2500; overflow:hidden;\"><img decoding=\"async\" src=\"https:\/\/grundschule-badsoden.de\/wp-content\/uploads\/2022\/06\/bjsp14-scaled-250x250.jpg\" class=\"ggImg\" alt=\"bjsp14\" title=\"Weitsprung\" data-description=\"Weitsprung\" data-caption=\"Weitsprung\" data-title=\"bjsp14\" style=\" width:250px; height:250px;\" \/><\/div><FIGCAPTION class=\"\" data-alpha=\"5\" style=\"color:#ffffff; background-color:#6f0000; font-size:140; text-align:left; font-family:Default;\" ><div class=\"grid-gallery-figcaption-wrap\" style=\"\"><\/div><\/FIGCAPTION><\/FIGURE><FIGURE class=\"grid-gallery-caption\" data-grid-gallery-type=\"quarter-slide-up\" data-index=\"14\" style=\"display:none;border-radius:00;; margin:5.3px; width:2500;\" ><div class=\"crop\" style=\" width:2500; height:2500; overflow:hidden;\"><img decoding=\"async\" src=\"https:\/\/grundschule-badsoden.de\/wp-content\/uploads\/2022\/06\/bjsp15-scaled-250x250.jpg\" class=\"ggImg\" alt=\"bjsp15\" title=\"Weitsprung\" data-description=\"Weitsprung\" data-caption=\"Weitsprung\" data-title=\"bjsp15\" style=\" width:250px; height:250px;\" \/><\/div><FIGCAPTION class=\"\" data-alpha=\"5\" style=\"color:#ffffff; background-color:#6f0000; font-size:140; text-align:left; font-family:Default;\" ><div class=\"grid-gallery-figcaption-wrap\" style=\"\"><\/div><\/FIGCAPTION><\/FIGURE><FIGURE class=\"grid-gallery-caption\" data-grid-gallery-type=\"quarter-slide-up\" data-index=\"15\" style=\"display:none;border-radius:00;; margin:5.3px; width:2500;\" ><div class=\"crop\" style=\" width:2500; height:2500; overflow:hidden;\"><img decoding=\"async\" src=\"https:\/\/grundschule-badsoden.de\/wp-content\/uploads\/2022\/06\/bjsp16-scaled-250x250.jpg\" class=\"ggImg\" alt=\"bjsp16\" title=\"Weitsprung\" data-description=\"Weitsprung\" data-caption=\"Weitsprung\" data-title=\"bjsp16\" style=\" width:250px; height:250px;\" \/><\/div><FIGCAPTION class=\"\" data-alpha=\"5\" style=\"color:#ffffff; background-color:#6f0000; font-size:140; text-align:left; font-family:Default;\" ><div class=\"grid-gallery-figcaption-wrap\" style=\"\"><\/div><\/FIGCAPTION><\/FIGURE><FIGURE class=\"grid-gallery-caption\" data-grid-gallery-type=\"quarter-slide-up\" data-index=\"16\" style=\"display:none;border-radius:00;; margin:5.3px; width:2500;\" ><div class=\"crop\" style=\" width:2500; height:2500; overflow:hidden;\"><img decoding=\"async\" src=\"https:\/\/grundschule-badsoden.de\/wp-content\/uploads\/2022\/06\/bjsp17-scaled-250x250.jpg\" class=\"ggImg\" alt=\"bjsp17\" title=\"Weitsprung\" data-description=\"Weitsprung\" data-caption=\"Weitsprung\" data-title=\"bjsp17\" style=\" width:250px; height:250px;\" \/><\/div><FIGCAPTION class=\"\" data-alpha=\"5\" style=\"color:#ffffff; background-color:#6f0000; font-size:140; text-align:left; font-family:Default;\" ><div class=\"grid-gallery-figcaption-wrap\" style=\"\"><\/div><\/FIGCAPTION><\/FIGURE><FIGURE class=\"grid-gallery-caption\" data-grid-gallery-type=\"quarter-slide-up\" data-index=\"17\" style=\"display:none;border-radius:00;; margin:5.3px; width:2500;\" ><div class=\"crop\" style=\" width:2500; height:2500; overflow:hidden;\"><img decoding=\"async\" src=\"https:\/\/grundschule-badsoden.de\/wp-content\/uploads\/2022\/06\/bjsp18-scaled-250x250.jpg\" class=\"ggImg\" alt=\"bjsp18\" title=\"v\" data-description=\"v\" data-caption=\"Weitsprung\" data-title=\"bjsp18\" style=\" width:250px; height:250px;\" \/><\/div><FIGCAPTION class=\"\" data-alpha=\"5\" style=\"color:#ffffff; background-color:#6f0000; font-size:140; text-align:left; font-family:Default;\" ><div class=\"grid-gallery-figcaption-wrap\" style=\"\"><\/div><\/FIGCAPTION><\/FIGURE><FIGURE class=\"grid-gallery-caption\" data-grid-gallery-type=\"quarter-slide-up\" data-index=\"18\" style=\"display:none;border-radius:00;; margin:5.3px; width:2500;\" ><div class=\"crop\" style=\" width:2500; height:2500; overflow:hidden;\"><img decoding=\"async\" src=\"https:\/\/grundschule-badsoden.de\/wp-content\/uploads\/2022\/06\/bjsp19-scaled-250x250.jpg\" class=\"ggImg\" alt=\"bjsp19\" title=\"Weitsprung\" data-description=\"Weitsprung\" data-caption=\"Weitsprung\" data-title=\"bjsp19\" style=\" width:250px; height:250px;\" \/><\/div><FIGCAPTION class=\"\" data-alpha=\"5\" style=\"color:#ffffff; background-color:#6f0000; font-size:140; text-align:left; font-family:Default;\" ><div class=\"grid-gallery-figcaption-wrap\" style=\"\"><\/div><\/FIGCAPTION><\/FIGURE><FIGURE class=\"grid-gallery-caption\" data-grid-gallery-type=\"quarter-slide-up\" data-index=\"19\" style=\"display:none;border-radius:00;; margin:5.3px; width:2500;\" ><div class=\"crop\" style=\" width:2500; height:2500; overflow:hidden;\"><img decoding=\"async\" src=\"https:\/\/grundschule-badsoden.de\/wp-content\/uploads\/2022\/06\/bjsp20-scaled-250x250.jpg\" class=\"ggImg\" alt=\"bjsp20\" title=\"Weitsprung\" data-description=\"Weitsprung\" data-caption=\"Weitsprung\" data-title=\"bjsp20\" style=\" width:250px; height:250px;\" \/><\/div><FIGCAPTION class=\"\" data-alpha=\"5\" style=\"color:#ffffff; background-color:#6f0000; font-size:140; text-align:left; font-family:Default;\" ><div class=\"grid-gallery-figcaption-wrap\" style=\"\"><\/div><\/FIGCAPTION><\/FIGURE><FIGURE class=\"grid-gallery-caption\" data-grid-gallery-type=\"quarter-slide-up\" data-index=\"20\" style=\"display:none;border-radius:00;; margin:5.3px; width:2500;\" ><div class=\"crop\" style=\" width:2500; height:2500; overflow:hidden;\"><img decoding=\"async\" src=\"https:\/\/grundschule-badsoden.de\/wp-content\/uploads\/2022\/06\/bjsp21-scaled-250x250.jpg\" class=\"ggImg\" alt=\"bjsp21\" title=\"Weitsprung\" data-description=\"Weitsprung\" data-caption=\"Weitsprung\" data-title=\"bjsp21\" style=\" width:250px; height:250px;\" \/><\/div><FIGCAPTION class=\"\" data-alpha=\"5\" style=\"color:#ffffff; background-color:#6f0000; font-size:140; text-align:left; font-family:Default;\" ><div class=\"grid-gallery-figcaption-wrap\" style=\"\"><\/div><\/FIGCAPTION><\/FIGURE><FIGURE class=\"grid-gallery-caption\" data-grid-gallery-type=\"quarter-slide-up\" data-index=\"21\" style=\"display:none;border-radius:00;; margin:5.3px; width:2500;\" ><div class=\"crop\" style=\" width:2500; height:2500; overflow:hidden;\"><img decoding=\"async\" src=\"https:\/\/grundschule-badsoden.de\/wp-content\/uploads\/2022\/06\/bjsp22-scaled-250x250.jpg\" class=\"ggImg\" alt=\"bjsp22\" title=\"Weitsprung\" data-description=\"Weitsprung\" data-caption=\"Weitsprung\" data-title=\"bjsp22\" style=\" width:250px; height:250px;\" \/><\/div><FIGCAPTION class=\"\" data-alpha=\"5\" style=\"color:#ffffff; background-color:#6f0000; font-size:140; text-align:left; font-family:Default;\" ><div class=\"grid-gallery-figcaption-wrap\" style=\"\"><\/div><\/FIGCAPTION><\/FIGURE><FIGURE class=\"grid-gallery-caption\" data-grid-gallery-type=\"quarter-slide-up\" data-index=\"22\" style=\"display:none;border-radius:00;; margin:5.3px; width:2500;\" ><div class=\"crop\" style=\" width:2500; height:2500; overflow:hidden;\"><img decoding=\"async\" src=\"https:\/\/grundschule-badsoden.de\/wp-content\/uploads\/2022\/06\/bjsp23-scaled-250x250.jpg\" class=\"ggImg\" alt=\"bjsp23\" title=\"Weitsprung\" data-description=\"Weitsprung\" data-caption=\"Weitsprung\" data-title=\"bjsp23\" style=\" width:250px; height:250px;\" \/><\/div><FIGCAPTION class=\"\" data-alpha=\"5\" style=\"color:#ffffff; background-color:#6f0000; font-size:140; text-align:left; font-family:Default;\" ><div class=\"grid-gallery-figcaption-wrap\" style=\"\"><\/div><\/FIGCAPTION><\/FIGURE> <div class=\"grid-gallery-clearfix\"><\/div> <\/div> <div class=\"gallery-sharing-bottom\" style=\"display:none;\"> <\/div> <div class=\"gallery-sharing-image\" style=\"display:none;\"> <\/div> <div class=\"gallery-sharing-popup\" style=\"display:none;\"> <\/div> <div class=\"grid-gallery-clearfix\"><\/div> <\/div> <!-- Gallery by Supsystic plugin1.16.0 --><a title=\"WordPress Photo Gallery Plugin\" style=\"display:none;\" href=\"https:\/\/supsystic.com\/plugins\/photo-gallery\/?utm_medium=love_link\" target=\"_blank\">WordPress Photo Gallery Plugin<\/a>\n","protected":false},"excerpt":{"rendered":"<p>In (fast) jedem Schuljahr veranstaltet unsere Schule f\u00fcr unsere Kinder die Bundesjugendspiele. Hierf\u00fcr gehen wir alle zum Sportplatz nach Salm\u00fcnster. Es wird um die Wette gesprungen, gelaufen und geworfen, um [&hellip;]<\/p>\n","protected":false},"author":1,"featured_media":0,"parent":0,"menu_order":0,"comment_status":"closed","ping_status":"closed","template":"","meta":{"footnotes":""},"class_list":["post-2079","page","type-page","status-publish","hentry"],"_links":{"self":[{"href":"https:\/\/grundschule-badsoden.de\/index.php\/wp-json\/wp\/v2\/pages\/2079","targetHints":{"allow":["GET"]}}],"collection":[{"href":"https:\/\/grundschule-badsoden.de\/index.php\/wp-json\/wp\/v2\/pages"}],"about":[{"href":"https:\/\/grundschule-badsoden.de\/index.php\/wp-json\/wp\/v2\/types\/page"}],"author":[{"embeddable":true,"href":"https:\/\/grundschule-badsoden.de\/index.php\/wp-json\/wp\/v2\/users\/1"}],"replies":[{"embeddable":true,"href":"https:\/\/grundschule-badsoden.de\/index.php\/wp-json\/wp\/v2\/comments?post=2079"}],"version-history":[{"count":0,"href":"https:\/\/grundschule-badsoden.de\/index.php\/wp-json\/wp\/v2\/pages\/2079\/revisions"}],"wp:attachment":[{"href":"https:\/\/grundschule-badsoden.de\/index.php\/wp-json\/wp\/v2\/media?parent=2079"}],"curies":[{"name":"wp","href":"https:\/\/api.w.org\/{rel}","templated":true}]}}