{"id":22,"date":"2020-05-22T15:04:18","date_gmt":"2020-05-22T13:04:18","guid":{"rendered":"http:\/\/grundschule-badsoden.de\/?page_id=22"},"modified":"2025-10-10T09:52:04","modified_gmt":"2025-10-10T07:52:04","slug":"kollegium","status":"publish","type":"page","link":"https:\/\/grundschule-badsoden.de\/index.php\/kollegium\/","title":{"rendered":"Kollegium"},"content":{"rendered":"\n<p><strong>Unser Schulteam im Schuljahr 2025\/2026:<\/strong><\/p>\n\n\n\n<p>Hier auf dieser Seite stellt sich das Team der Grundschule an der Salz vor:<br>Insgesamt unterrichten an der Schule die Schulleiterin Frau Sch\u00e4fer und 7 Lehrer\/Innen mit Klassenleiterfunktion. In manchen Klassen sind zus\u00e4tzlich Teilhabeassistentinnen mit dabei, das sind Frau Eichenauer, Frau B\u00f6s und Frau Raab. Frau Noll leitet den Vorlaufkurs in diesem Schuljahr und unterst\u00fctzt die Klassenlehrerinnen im Unterricht. Frau Schittrigkeit leitet den IK-Kurs und ist Klassenlehrerin der Klasse 3b, zusammen mit Herrn Vogeley. Frau Schmidt ist unsere UBUS-Kraft und unterst\u00fctzt, wo sie nur kann. In der neu eingef\u00fchrten &#8222;Lernzeit&#8220;, die zum Teil die Hausaufgaben ersetzt, sind neben den Klassenlehrer\/Innen auch Frau Suppan und Frau Noll eingesetzt. Frau Wolf unterrichtet Sport und ist f\u00fcr die Lesef\u00f6rderung der Kinder zust\u00e4ndig. Frau Froschauer leitet das Sekretariat. Herr Umbach unterst\u00fctzt das Team an zwei Tagen in der Woche als Hausmeister.<\/p>\n\n\n\n<p><br>Im Schuljahr 2023\/2024 ist Frau Sch\u00e4fer zur Rektorin berufen worden.<\/p>\n\n\n\n<p><\/p>\n\n\n\n<p><\/p>\n\n\n\n<figure class=\"wp-block-image size-full is-resized\"><img loading=\"lazy\" decoding=\"async\" width=\"640\" height=\"427\" src=\"https:\/\/grundschule-badsoden.de\/wp-content\/uploads\/2025\/10\/DSC07138.jpeg\" alt=\"\" class=\"wp-image-3491\" style=\"width:640px;height:427px\" srcset=\"https:\/\/grundschule-badsoden.de\/wp-content\/uploads\/2025\/10\/DSC07138.jpeg 640w, https:\/\/grundschule-badsoden.de\/wp-content\/uploads\/2025\/10\/DSC07138-300x200.jpeg 300w\" sizes=\"auto, (max-width: 640px) 100vw, 640px\" \/><figcaption class=\"wp-element-caption\">Von links nach rechts (hinten): Frau Merlau, Frau Noll, Frau B\u00f6hme, Frau Froschauer, <br>Frau Fehler, Frau Suppan, Frau Schittrigkeit<br>Vorne: Frau Schulz, Herr Vogeley, Frau Spahn, Frau Sch\u00e4fer, Frau Wennesheimer, Frau Wolf, Frau Schmitt, Frau Kreis<\/figcaption><\/figure>\n\n\n\n<p><\/p>\n\n\n\n<p><\/p>\n\n\n\n<p><\/p>\n\n\n\n<p><\/p>\n\n\n\n<p><\/p>\n\n\n<div class=\"wp-block-image\">\n<figure class=\"aligncenter size-medium\"><img loading=\"lazy\" decoding=\"async\" width=\"200\" height=\"300\" src=\"https:\/\/grundschule-badsoden.de\/wp-content\/uploads\/2024\/10\/spahn-200x300.jpg\" alt=\"\" class=\"wp-image-3227\" srcset=\"https:\/\/grundschule-badsoden.de\/wp-content\/uploads\/2024\/10\/spahn-200x300.jpg 200w, https:\/\/grundschule-badsoden.de\/wp-content\/uploads\/2024\/10\/spahn.jpg 427w\" sizes=\"auto, (max-width: 200px) 100vw, 200px\" \/><figcaption class=\"wp-element-caption\">Frau Spahn<\/figcaption><\/figure>\n<\/div>\n\n\n<p>Unserer Schule ist die Beratungslehrerin<strong> Frau Spahn<\/strong> von der <strong>Bergwinkelschule <\/strong>in Schl\u00fcchtern zugeteilt, die bei uns f\u00fcr Beratungsverfahren zust\u00e4ndig sind.<\/p>\n\n\n\n<p><\/p>\n\n\n<div class=\"wp-block-image\">\n<figure class=\"aligncenter size-medium\"><img loading=\"lazy\" decoding=\"async\" width=\"225\" height=\"300\" src=\"https:\/\/grundschule-badsoden.de\/wp-content\/uploads\/2020\/09\/Schmidt-225x300.jpg\" alt=\"\" class=\"wp-image-1646\" srcset=\"https:\/\/grundschule-badsoden.de\/wp-content\/uploads\/2020\/09\/Schmidt-225x300.jpg 225w, https:\/\/grundschule-badsoden.de\/wp-content\/uploads\/2020\/09\/Schmidt.jpg 601w\" sizes=\"auto, (max-width: 225px) 100vw, 225px\" \/><figcaption class=\"wp-element-caption\">Frau Schmitt<\/figcaption><\/figure>\n<\/div>\n\n\n<p>Frau Schmitt ist die f\u00fcr unsere Schule zust\u00e4ndige UBUS- Kraft ((Unterrichtsbegleitende Unterst\u00fctzung durch sozialp\u00e4dagogische Fachkr\u00e4fte). <\/p>\n\n\n\n<p>Die sozialp\u00e4dagogischen Fachkr\u00e4fte unterst\u00fctzen die Sch\u00fclerinnen und Sch\u00fcler in ihrer allgemeinen und schulischen Entwicklung, in der St\u00e4rkung ihrer sozialen Kompetenzen und f\u00f6rdern sie individuell. Weiterhin unterst\u00fctzen sie Lehrkr\u00e4fte im Unterricht und sind bei der Koordination mit au\u00dferschulischen Einrichtungen behilflich. Den multiprofessionellen Teams aus Lehrkr\u00e4ften und sozialp\u00e4dagogischen Fachkr\u00e4ften ist es so m\u00f6glich, Sch\u00fclerinnen und Sch\u00fcler zu f\u00f6rdern und auf ihre unterschiedlichen Ausgangsbedingungen einzugehen. Zus\u00e4tzlich k\u00f6nnen schulische Teamarbeit und unterrichtsbegleitende Prozesse unterst\u00fctzt oder gef\u00f6rdert werden.<\/p>\n\n\n\n<p><\/p>\n\n\n\n<p><\/p>\n\n\n\n<p><\/p>\n\n\n\n<p>Nat\u00fcrlich geh\u00f6ren zu unserer Schule auch die Damen der Betreuung, die sich w\u00e4hrend des ganzen Tages, wenn kein Unterricht stattfindet, um die in der Betreuung angemeldeten Kinder k\u00fcmmern.<\/p>\n\n\n<div class=\"wp-block-image\">\n<figure class=\"aligncenter size-large\"><img loading=\"lazy\" decoding=\"async\" width=\"1024\" height=\"768\" src=\"https:\/\/grundschule-badsoden.de\/wp-content\/uploads\/2024\/06\/E42F149B-4402-4240-8E8F-29CC360CB938_1_201_a-1024x768.jpeg\" alt=\"\" class=\"wp-image-3007\" srcset=\"https:\/\/grundschule-badsoden.de\/wp-content\/uploads\/2024\/06\/E42F149B-4402-4240-8E8F-29CC360CB938_1_201_a-1024x768.jpeg 1024w, https:\/\/grundschule-badsoden.de\/wp-content\/uploads\/2024\/06\/E42F149B-4402-4240-8E8F-29CC360CB938_1_201_a-300x225.jpeg 300w, https:\/\/grundschule-badsoden.de\/wp-content\/uploads\/2024\/06\/E42F149B-4402-4240-8E8F-29CC360CB938_1_201_a-768x576.jpeg 768w, https:\/\/grundschule-badsoden.de\/wp-content\/uploads\/2024\/06\/E42F149B-4402-4240-8E8F-29CC360CB938_1_201_a-1536x1152.jpeg 1536w, https:\/\/grundschule-badsoden.de\/wp-content\/uploads\/2024\/06\/E42F149B-4402-4240-8E8F-29CC360CB938_1_201_a-360x270.jpeg 360w, https:\/\/grundschule-badsoden.de\/wp-content\/uploads\/2024\/06\/E42F149B-4402-4240-8E8F-29CC360CB938_1_201_a-80x60.jpeg 80w, https:\/\/grundschule-badsoden.de\/wp-content\/uploads\/2024\/06\/E42F149B-4402-4240-8E8F-29CC360CB938_1_201_a.jpeg 1592w\" sizes=\"auto, (max-width: 1024px) 100vw, 1024px\" \/><figcaption class=\"wp-element-caption\">Sitzend: Frau Hummel, Frau Zimmermann, Frau Zalibera, Frau Schittrigkeit<br>Stehend: Frau Plichta<\/figcaption><\/figure>\n<\/div>","protected":false},"excerpt":{"rendered":"<p>Unser Schulteam im Schuljahr 2025\/2026: Hier auf dieser Seite stellt sich das Team der Grundschule an der Salz vor:Insgesamt unterrichten an der Schule die Schulleiterin Frau Sch\u00e4fer und 7 Lehrer\/Innen [&hellip;]<\/p>\n","protected":false},"author":1,"featured_media":0,"parent":0,"menu_order":0,"comment_status":"closed","ping_status":"closed","template":"","meta":{"footnotes":""},"class_list":["post-22","page","type-page","status-publish","hentry"],"_links":{"self":[{"href":"https:\/\/grundschule-badsoden.de\/index.php\/wp-json\/wp\/v2\/pages\/22","targetHints":{"allow":["GET"]}}],"collection":[{"href":"https:\/\/grundschule-badsoden.de\/index.php\/wp-json\/wp\/v2\/pages"}],"about":[{"href":"https:\/\/grundschule-badsoden.de\/index.php\/wp-json\/wp\/v2\/types\/page"}],"author":[{"embeddable":true,"href":"https:\/\/grundschule-badsoden.de\/index.php\/wp-json\/wp\/v2\/users\/1"}],"replies":[{"embeddable":true,"href":"https:\/\/grundschule-badsoden.de\/index.php\/wp-json\/wp\/v2\/comments?post=22"}],"version-history":[{"count":0,"href":"https:\/\/grundschule-badsoden.de\/index.php\/wp-json\/wp\/v2\/pages\/22\/revisions"}],"wp:attachment":[{"href":"https:\/\/grundschule-badsoden.de\/index.php\/wp-json\/wp\/v2\/media?parent=22"}],"curies":[{"name":"wp","href":"https:\/\/api.w.org\/{rel}","templated":true}]}}