{"id":2339,"date":"2022-09-10T12:48:32","date_gmt":"2022-09-10T10:48:32","guid":{"rendered":"https:\/\/grundschule-badsoden.de\/?page_id=2339"},"modified":"2022-09-10T12:48:32","modified_gmt":"2022-09-10T10:48:32","slug":"einschulung-2022-23","status":"publish","type":"page","link":"https:\/\/grundschule-badsoden.de\/index.php\/einschulung-2022-23\/","title":{"rendered":"Einschulung 2022\/23"},"content":{"rendered":"\n<h2 class=\"wp-block-heading\">Bilder von der Einschulungsfeier im Schuljahr 2022\/23<\/h2>\n\n\n\n<p>Die Klasse 4a  f\u00fchrte unter der Leitung von Frau Ringler-Fenner mehrere Lieder und ein Gedicht auf. Erstmals konnte die Einschulungsfeier nach den Corona-Jahren 2020 und 2021 wieder mit vielen G\u00e4sten und der gesamten Schulgemeinde stattfinden. <\/p>\n\n\n\n<div id=\"grid-gallery-39-62055\" data-gg-id=\"39\" data-title=\"Einschulung 2022\" data-grid-type=\"0\" data-offset=\"5.3\" data-area-position=\"center\" data-icons=\"\" data-preloader=\"true\" data-width=\"250\" data-height=\"250\" data-padding=\"0\" data-quicksand=\"disabled\" data-quicksand-duration=\"none\" data-popup-theme=\"theme_6\" data-popup-type=\"pretty-photo\" data-popup-image-text=\"data-description\" data-popup-widthsize=\"auto\" data-popup-heightsize=\"auto\" data-popup-i18n-words=\"{&quot;close&quot;:&quot;schlie\\u00dfen&quot;,&quot;next&quot;:&quot;n\\u00e4chste&quot;,&quot;previous&quot;:&quot;vorherige&quot;,&quot;start_slideshow&quot;:&quot;Starte Slideshow&quot;,&quot;stop_slideshow&quot;:&quot;Stoppe Slideshow&quot;,&quot;image&quot;:&quot;Bild&quot;,&quot;of&quot;:&quot;von&quot;,&quot;prev&quot;:&quot;vorherige&quot;,&quot;cExpand&quot;:&quot;Erweitere&quot;,&quot;cPrevious&quot;:&quot;Vorheriges&quot;,&quot;cNext&quot;:&quot;N\\u00e4chstes&quot;,&quot;cExpandStr&quot;:&quot;Erweitere Bild&quot;,&quot;cRotate&quot;:&quot;Rotate&quot;,&quot;cDetails&quot;:&quot;Details&quot;}\" data-popup-slideshow=\"false\" data-popup-slideshow-speed=\"2500\" data-popup-hoverstop=\"true\" data-popup-slideshow-auto=\"false\" data-popup-background=\"\" data-popup-transparency=\"30\" data-popup-disable-history=\"\" data-popup-disable-changed-url=\"\" data-popup-border-type=\"solid\" data-popup-border-color=\"\" data-popup-border-width=\"\" data-popup-border-enable=\"\" data-fullscreen=\"false\" data-hide-tooltip=\"false\" data-caption-font-family=\"Default\" data-caption-text-size=\"140\" data-is-mobile=\"0\" data-caption-mobile=\"false\" data-hide-long-tltp-title=\"0\" data-caption-disabled-on-mobile=\"false\" data-popup-placement-type=\"0\" data-social-sharing=\"{&quot;enabled&quot;:&quot;&quot;,&quot;gallerySharing&quot;:{&quot;enabled&quot;:null,&quot;position&quot;:null},&quot;imageSharing&quot;:{&quot;enabled&quot;:null,&quot;wrapperClass&quot;:&quot; vertical &quot;},&quot;popupSharing&quot;:{&quot;enabled&quot;:null,&quot;wrapperClass&quot;:&quot; vertical &quot;}}\" class=\"grid-gallery grid-gallery-fixed \" style=\" width:100%; height:auto; margin-left:auto; margin-right:auto;position:relative;\"> <div class=\"gallery-loading\"> <div class=\"blocks\"> <div class=\"block\"><\/div> <div class=\"block\"><\/div> <div class=\"block\"><\/div> <div class=\"block\"><\/div> <\/div> <\/div> <div class=\"gallery-sharing-top\" style=\"display:none;\"> <\/div> <div id=\"photos-39\" class=\"grid-gallery-photos\"><FIGURE class=\"grid-gallery-caption\" data-grid-gallery-type=\"quarter-slide-up\" data-index=\"0\" style=\"display:none;border-radius:00;; margin:5.3px; width:2500;\" ><div class=\"crop\" style=\" width:2500; height:2500; overflow:hidden;\"><img decoding=\"async\" src=\"https:\/\/grundschule-badsoden.de\/wp-content\/uploads\/2022\/09\/einschulung1-scaled-250x250.jpeg\" class=\"ggImg\" alt=\"einschulung1\" title=\"Die Klasse 4a von Frai Ringler-Fenner gestaltet die Einschulungsfeier\" data-description=\"Die Klasse 4a von Frai Ringler-Fenner gestaltet die Einschulungsfeier\" data-caption=\"Die Klasse 4a von Frai Ringler-Fenner gestaltet die Einschulungsfeier\" data-title=\"einschulung1\" style=\" width:250px; height:250px;\" \/><\/div><FIGCAPTION class=\"\" data-alpha=\"5\" style=\"color:#ffffff; background-color:#6f0000; font-size:140; text-align:left; font-family:Default;\" ><div class=\"grid-gallery-figcaption-wrap\" style=\"\"><\/div><\/FIGCAPTION><\/FIGURE><FIGURE class=\"grid-gallery-caption\" data-grid-gallery-type=\"quarter-slide-up\" data-index=\"1\" style=\"display:none;border-radius:00;; margin:5.3px; width:2500;\" ><div class=\"crop\" style=\" width:2500; height:2500; overflow:hidden;\"><img decoding=\"async\" src=\"https:\/\/grundschule-badsoden.de\/wp-content\/uploads\/2022\/09\/einschulung15-scaled-250x250.jpeg\" class=\"ggImg\" alt=\"einschulung15\" title=\"Ein Rap zum Schulanfang\" data-description=\"Ein Rap zum Schulanfang\" data-caption=\"Ein Rap zum Schulanfang\" data-title=\"einschulung15\" style=\" width:250px; height:250px;\" \/><\/div><FIGCAPTION class=\"\" data-alpha=\"5\" style=\"color:#ffffff; background-color:#6f0000; font-size:140; text-align:left; font-family:Default;\" ><div class=\"grid-gallery-figcaption-wrap\" style=\"\"><\/div><\/FIGCAPTION><\/FIGURE><FIGURE class=\"grid-gallery-caption\" data-grid-gallery-type=\"quarter-slide-up\" data-index=\"2\" style=\"display:none;border-radius:00;; margin:5.3px; width:2500;\" ><div class=\"crop\" style=\" width:2500; height:2500; overflow:hidden;\"><img decoding=\"async\" src=\"https:\/\/grundschule-badsoden.de\/wp-content\/uploads\/2022\/09\/einschulung14-scaled-250x250.jpeg\" class=\"ggImg\" alt=\"einschulung14\" title=\"Unsere derzeitige Rektorin Frau Sch\u00e4fer begr\u00fc\u00dft die Schulgemeinde\" data-description=\"Unsere derzeitige Rektorin Frau Sch\u00e4fer begr\u00fc\u00dft die Schulgemeinde\" data-caption=\"Unsere derzeitige Rektorin Frau Sch\u00e4fer begr\u00fc\u00dft die Schulgemeinde\" data-title=\"einschulung14\" style=\" width:250px; height:250px;\" \/><\/div><FIGCAPTION class=\"\" data-alpha=\"5\" style=\"color:#ffffff; background-color:#6f0000; font-size:140; text-align:left; font-family:Default;\" ><div class=\"grid-gallery-figcaption-wrap\" style=\"\"><\/div><\/FIGCAPTION><\/FIGURE><FIGURE class=\"grid-gallery-caption\" data-grid-gallery-type=\"quarter-slide-up\" data-index=\"3\" style=\"display:none;border-radius:00;; margin:5.3px; width:2500;\" ><div class=\"crop\" style=\" width:2500; height:2500; overflow:hidden;\"><img decoding=\"async\" src=\"https:\/\/grundschule-badsoden.de\/wp-content\/uploads\/2022\/09\/einschulung13-scaled-250x250.jpeg\" class=\"ggImg\" alt=\"einschulung13\" title=\"Die Kinder der ersten Klassen\" data-description=\"Die Kinder der ersten Klassen\" data-caption=\"Die Kinder der ersten Klassen\" data-title=\"einschulung13\" style=\" width:250px; height:250px;\" \/><\/div><FIGCAPTION class=\"\" data-alpha=\"5\" style=\"color:#ffffff; background-color:#6f0000; font-size:140; text-align:left; font-family:Default;\" ><div class=\"grid-gallery-figcaption-wrap\" style=\"\"><\/div><\/FIGCAPTION><\/FIGURE><FIGURE class=\"grid-gallery-caption\" data-grid-gallery-type=\"quarter-slide-up\" data-index=\"4\" style=\"display:none;border-radius:00;; margin:5.3px; width:2500;\" ><div class=\"crop\" style=\" width:2500; height:2500; overflow:hidden;\"><img decoding=\"async\" src=\"https:\/\/grundschule-badsoden.de\/wp-content\/uploads\/2022\/09\/einschulung12-scaled-250x250.jpeg\" class=\"ggImg\" alt=\"einschulung12\" title=\"Die Kinder der ersten Klassen\" data-description=\"Die Kinder der ersten Klassen\" data-caption=\"Die Kinder der ersten Klassen\" data-title=\"einschulung12\" style=\" width:250px; height:250px;\" \/><\/div><FIGCAPTION class=\"\" data-alpha=\"5\" style=\"color:#ffffff; background-color:#6f0000; font-size:140; text-align:left; font-family:Default;\" ><div class=\"grid-gallery-figcaption-wrap\" style=\"\"><\/div><\/FIGCAPTION><\/FIGURE><FIGURE class=\"grid-gallery-caption\" data-grid-gallery-type=\"quarter-slide-up\" data-index=\"5\" style=\"display:none;border-radius:00;; margin:5.3px; width:2500;\" ><div class=\"crop\" style=\" width:2500; height:2500; overflow:hidden;\"><img decoding=\"async\" src=\"https:\/\/grundschule-badsoden.de\/wp-content\/uploads\/2022\/09\/einschulung11-scaled-250x250.jpeg\" class=\"ggImg\" alt=\"einschulung11\" title=\"Frau Sch\u00e4fer h\u00e4lt eine kurze Rede\" data-description=\"Frau Sch\u00e4fer h\u00e4lt eine kurze Rede\" data-caption=\"Frau Sch\u00e4fer h\u00e4lt eine kurze Rede\" data-title=\"einschulung11\" style=\" width:250px; height:250px;\" \/><\/div><FIGCAPTION class=\"\" data-alpha=\"5\" style=\"color:#ffffff; background-color:#6f0000; font-size:140; text-align:left; font-family:Default;\" ><div class=\"grid-gallery-figcaption-wrap\" style=\"\"><\/div><\/FIGCAPTION><\/FIGURE><FIGURE class=\"grid-gallery-caption\" data-grid-gallery-type=\"quarter-slide-up\" data-index=\"6\" style=\"display:none;border-radius:00;; margin:5.3px; width:2500;\" ><div class=\"crop\" style=\" width:2500; height:2500; overflow:hidden;\"><img decoding=\"async\" src=\"https:\/\/grundschule-badsoden.de\/wp-content\/uploads\/2022\/09\/einschulung10-scaled-250x250.jpeg\" class=\"ggImg\" alt=\"einschulung10\" title=\"Das Lied &quot;Alle Kinder lernen lesen&quot;, gesungen von der Klasse 4a\" data-description=\"Das Lied &quot;Alle Kinder lernen lesen&quot;, gesungen von der Klasse 4a\" data-caption=\"Das Lied &quot;Alle Kinder lernen lesen&quot;, gesungen von der Klasse 4a\" data-title=\"einschulung10\" style=\" width:250px; height:250px;\" \/><\/div><FIGCAPTION class=\"\" data-alpha=\"5\" style=\"color:#ffffff; background-color:#6f0000; font-size:140; text-align:left; font-family:Default;\" ><div class=\"grid-gallery-figcaption-wrap\" style=\"\"><\/div><\/FIGCAPTION><\/FIGURE><FIGURE class=\"grid-gallery-caption\" data-grid-gallery-type=\"quarter-slide-up\" data-index=\"7\" style=\"display:none;border-radius:00;; margin:5.3px; width:2500;\" ><div class=\"crop\" style=\" width:2500; height:2500; overflow:hidden;\"><img decoding=\"async\" src=\"https:\/\/grundschule-badsoden.de\/wp-content\/uploads\/2022\/09\/einschulung9-scaled-250x250.jpeg\" class=\"ggImg\" alt=\"einschulung9\" title=\"Ein weiteres Lied zum Mitmachen\" data-description=\"Ein weiteres Lied zum Mitmachen\" data-caption=\"Ein weiteres Lied zum Mitmachen\" data-title=\"einschulung9\" style=\" width:250px; height:250px;\" \/><\/div><FIGCAPTION class=\"\" data-alpha=\"5\" style=\"color:#ffffff; background-color:#6f0000; font-size:140; text-align:left; font-family:Default;\" ><div class=\"grid-gallery-figcaption-wrap\" style=\"\"><\/div><\/FIGCAPTION><\/FIGURE><FIGURE class=\"grid-gallery-caption\" data-grid-gallery-type=\"quarter-slide-up\" data-index=\"8\" style=\"display:none;border-radius:00;; margin:5.3px; width:2500;\" ><div class=\"crop\" style=\" width:2500; height:2500; overflow:hidden;\"><img decoding=\"async\" src=\"https:\/\/grundschule-badsoden.de\/wp-content\/uploads\/2022\/09\/einschulung8-scaled-250x250.jpeg\" class=\"ggImg\" alt=\"einschulung8\" title=\"Ein weiteres Lied zum Mitmachen\" data-description=\"Ein weiteres Lied zum Mitmachen\" data-caption=\"Ein weiteres Lied zum Mitmachen\" data-title=\"einschulung8\" style=\" width:250px; height:250px;\" \/><\/div><FIGCAPTION class=\"\" data-alpha=\"5\" style=\"color:#ffffff; background-color:#6f0000; font-size:140; text-align:left; font-family:Default;\" ><div class=\"grid-gallery-figcaption-wrap\" style=\"\"><\/div><\/FIGCAPTION><\/FIGURE><FIGURE class=\"grid-gallery-caption\" data-grid-gallery-type=\"quarter-slide-up\" data-index=\"9\" style=\"display:none;border-radius:00;; margin:5.3px; width:2500;\" ><div class=\"crop\" style=\" width:2500; height:2500; overflow:hidden;\"><img decoding=\"async\" src=\"https:\/\/grundschule-badsoden.de\/wp-content\/uploads\/2022\/09\/einschulung17-scaled-250x250.jpeg\" class=\"ggImg\" alt=\"einschulung17\" title=\"Klasse 1a mit Frau B\u00f6hme und den Patenkindern aus der Klasse 4a\" data-description=\"Klasse 1a mit Frau B\u00f6hme und den Patenkindern aus der Klasse 4a\" data-caption=\"Klasse 1a mit Frau B\u00f6hme und den Patenkindern aus der Klasse 4a\" data-title=\"einschulung17\" style=\" width:250px; height:250px;\" \/><\/div><FIGCAPTION class=\"\" data-alpha=\"5\" style=\"color:#ffffff; background-color:#6f0000; font-size:140; text-align:left; font-family:Default;\" ><div class=\"grid-gallery-figcaption-wrap\" style=\"\"><\/div><\/FIGCAPTION><\/FIGURE><FIGURE class=\"grid-gallery-caption\" data-grid-gallery-type=\"quarter-slide-up\" data-index=\"10\" style=\"display:none;border-radius:00;; margin:5.3px; width:2500;\" ><div class=\"crop\" style=\" width:2500; height:2500; overflow:hidden;\"><img decoding=\"async\" src=\"https:\/\/grundschule-badsoden.de\/wp-content\/uploads\/2022\/09\/einschulung18-scaled-250x250.jpeg\" class=\"ggImg\" alt=\"einschulung18\" title=\"Klasse 1b mit Herrn Vogeleyund den Patenkindern aus der Klasse 4a\" data-description=\"Klasse 1b mit Herrn Vogeleyund den Patenkindern aus der Klasse 4a\" data-caption=\"Klasse 1b mit Herrn Vogeleyund den Patenkindern aus der Klasse 4a\" data-title=\"einschulung18\" style=\" width:250px; height:250px;\" \/><\/div><FIGCAPTION class=\"\" data-alpha=\"5\" style=\"color:#ffffff; background-color:#6f0000; font-size:140; text-align:left; font-family:Default;\" ><div class=\"grid-gallery-figcaption-wrap\" style=\"\"><\/div><\/FIGCAPTION><\/FIGURE> <div class=\"grid-gallery-clearfix\"><\/div> <\/div> <div class=\"gallery-sharing-bottom\" style=\"display:none;\"> <\/div> <div class=\"gallery-sharing-image\" style=\"display:none;\"> <\/div> <div class=\"gallery-sharing-popup\" style=\"display:none;\"> <\/div> <div class=\"grid-gallery-clearfix\"><\/div> <\/div> <!-- Gallery by Supsystic plugin1.15.32 --><a title=\"WordPress Photo Gallery Plugin\" style=\"display:none;\" href=\"https:\/\/supsystic.com\/plugins\/photo-gallery\/?utm_medium=love_link\" target=\"_blank\">WordPress Photo Gallery Plugin<\/a>\n","protected":false},"excerpt":{"rendered":"<p>Bilder von der Einschulungsfeier im Schuljahr 2022\/23 Die Klasse 4a f\u00fchrte unter der Leitung von Frau Ringler-Fenner mehrere Lieder und ein Gedicht auf. Erstmals konnte die Einschulungsfeier nach den Corona-Jahren [&hellip;]<\/p>\n","protected":false},"author":1,"featured_media":0,"parent":0,"menu_order":0,"comment_status":"closed","ping_status":"closed","template":"","meta":{"footnotes":""},"class_list":["post-2339","page","type-page","status-publish","hentry"],"_links":{"self":[{"href":"https:\/\/grundschule-badsoden.de\/index.php\/wp-json\/wp\/v2\/pages\/2339","targetHints":{"allow":["GET"]}}],"collection":[{"href":"https:\/\/grundschule-badsoden.de\/index.php\/wp-json\/wp\/v2\/pages"}],"about":[{"href":"https:\/\/grundschule-badsoden.de\/index.php\/wp-json\/wp\/v2\/types\/page"}],"author":[{"embeddable":true,"href":"https:\/\/grundschule-badsoden.de\/index.php\/wp-json\/wp\/v2\/users\/1"}],"replies":[{"embeddable":true,"href":"https:\/\/grundschule-badsoden.de\/index.php\/wp-json\/wp\/v2\/comments?post=2339"}],"version-history":[{"count":0,"href":"https:\/\/grundschule-badsoden.de\/index.php\/wp-json\/wp\/v2\/pages\/2339\/revisions"}],"wp:attachment":[{"href":"https:\/\/grundschule-badsoden.de\/index.php\/wp-json\/wp\/v2\/media?parent=2339"}],"curies":[{"name":"wp","href":"https:\/\/api.w.org\/{rel}","templated":true}]}}