{"id":2519,"date":"2023-06-08T14:52:11","date_gmt":"2023-06-08T12:52:11","guid":{"rendered":"https:\/\/grundschule-badsoden.de\/?page_id=2519"},"modified":"2023-06-08T15:24:50","modified_gmt":"2023-06-08T13:24:50","slug":"falkenflug-2023","status":"publish","type":"page","link":"https:\/\/grundschule-badsoden.de\/index.php\/falkenflug-2023\/","title":{"rendered":"Falkenflug 2023"},"content":{"rendered":"\n<p>Am 24.05.2023 f\u00fchrten wir im Rahmen des Sport- und Spieletages wieder das Projekt Falkenflug durch. Wir konnten die Jahrg\u00e4nge endlich wieder mischen und gro\u00df und klein hatten viel Spa\u00df an diesem Tag. Nicht zuletzt dank der vielen Helferinnen und Helfer war es ein gelungenes Fest. Sponsor des Projektes ist die Familie Mesbah der Firma Steinbach und Partner.<\/p>\n\n\n\n<p><\/p>\n\n\n<div id=\"grid-gallery-44-8409\" data-gg-id=\"44\" data-title=\"Falkenflug 2023\" data-grid-type=\"0\" data-offset=\"5.3\" data-area-position=\"center\" data-icons=\"\" data-preloader=\"true\" data-width=\"250\" data-height=\"250\" data-padding=\"0\" data-quicksand=\"disabled\" data-quicksand-duration=\"none\" data-popup-theme=\"theme_6\" data-popup-type=\"pretty-photo\" data-popup-image-text=\"data-description\" data-popup-widthsize=\"auto\" data-popup-heightsize=\"auto\" data-popup-i18n-words=\"{&quot;close&quot;:&quot;schlie\\u00dfen&quot;,&quot;next&quot;:&quot;n\\u00e4chste&quot;,&quot;previous&quot;:&quot;vorherige&quot;,&quot;start_slideshow&quot;:&quot;Starte Slideshow&quot;,&quot;stop_slideshow&quot;:&quot;Stoppe Slideshow&quot;,&quot;image&quot;:&quot;Bild&quot;,&quot;of&quot;:&quot;von&quot;,&quot;prev&quot;:&quot;vorherige&quot;,&quot;cExpand&quot;:&quot;Erweitere&quot;,&quot;cPrevious&quot;:&quot;Vorheriges&quot;,&quot;cNext&quot;:&quot;N\\u00e4chstes&quot;,&quot;cExpandStr&quot;:&quot;Erweitere Bild&quot;,&quot;cRotate&quot;:&quot;Rotate&quot;,&quot;cDetails&quot;:&quot;Details&quot;}\" data-popup-slideshow=\"false\" data-popup-slideshow-speed=\"2500\" data-popup-hoverstop=\"true\" data-popup-slideshow-auto=\"false\" data-popup-background=\"\" data-popup-transparency=\"30\" data-popup-disable-history=\"\" data-popup-disable-changed-url=\"\" data-popup-border-type=\"solid\" data-popup-border-color=\"\" data-popup-border-width=\"\" data-popup-border-enable=\"\" data-fullscreen=\"false\" data-hide-tooltip=\"false\" data-caption-font-family=\"Default\" data-caption-text-size=\"140\" data-is-mobile=\"0\" data-caption-mobile=\"false\" data-hide-long-tltp-title=\"0\" data-caption-disabled-on-mobile=\"false\" data-popup-placement-type=\"0\" data-social-sharing=\"{&quot;enabled&quot;:&quot;&quot;,&quot;gallerySharing&quot;:{&quot;enabled&quot;:null,&quot;position&quot;:null},&quot;imageSharing&quot;:{&quot;enabled&quot;:null,&quot;wrapperClass&quot;:&quot; vertical &quot;},&quot;popupSharing&quot;:{&quot;enabled&quot;:null,&quot;wrapperClass&quot;:&quot; vertical &quot;}}\" class=\"grid-gallery grid-gallery-fixed \" style=\" width:100%; height:auto; margin-left:auto; margin-right:auto;position:relative;\"> <div class=\"gallery-loading\"> <div class=\"blocks\"> <div class=\"block\"><\/div> <div class=\"block\"><\/div> <div class=\"block\"><\/div> <div class=\"block\"><\/div> <\/div> <\/div> <div class=\"gallery-sharing-top\" style=\"display:none;\"> <\/div> <div id=\"photos-44\" class=\"grid-gallery-photos\"><FIGURE class=\"grid-gallery-caption\" data-grid-gallery-type=\"quarter-slide-up\" data-index=\"0\" style=\"display:none;border-radius:00;; margin:5.3px; width:2500;\" ><div class=\"crop\" style=\" width:2500; height:2500; overflow:hidden;\"><img decoding=\"async\" src=\"https:\/\/grundschule-badsoden.de\/wp-content\/uploads\/2023\/06\/Falkenflug0-scaled-250x250.jpg\" class=\"ggImg\" alt=\"Falkenflug0\" title=\"Er\u00f6ffnung\" data-description=\"Er\u00f6ffnung\" data-caption=\"Er\u00f6ffnung\" data-title=\"Falkenflug0\" style=\" width:250px; height:250px;\" \/><\/div><FIGCAPTION class=\"\" data-alpha=\"5\" style=\"color:#ffffff; background-color:#6f0000; font-size:140; text-align:left; font-family:Default;\" ><div class=\"grid-gallery-figcaption-wrap\" style=\"\"><\/div><\/FIGCAPTION><\/FIGURE><FIGURE class=\"grid-gallery-caption\" data-grid-gallery-type=\"quarter-slide-up\" data-index=\"1\" style=\"display:none;border-radius:00;; margin:5.3px; width:2500;\" ><div class=\"crop\" style=\" width:2500; height:2500; overflow:hidden;\"><img decoding=\"async\" src=\"https:\/\/grundschule-badsoden.de\/wp-content\/uploads\/2023\/06\/Falkenflug1-scaled-250x250.jpg\" class=\"ggImg\" alt=\"Falkenflug1\" title=\"Er\u00f6ffnung\" data-description=\"Er\u00f6ffnung\" data-caption=\"Er\u00f6ffnung\" data-title=\"Falkenflug1\" style=\" width:250px; height:250px;\" \/><\/div><FIGCAPTION class=\"\" data-alpha=\"5\" style=\"color:#ffffff; background-color:#6f0000; font-size:140; text-align:left; font-family:Default;\" ><div class=\"grid-gallery-figcaption-wrap\" style=\"\"><\/div><\/FIGCAPTION><\/FIGURE><FIGURE class=\"grid-gallery-caption\" data-grid-gallery-type=\"quarter-slide-up\" data-index=\"2\" style=\"display:none;border-radius:00;; margin:5.3px; width:2500;\" ><div class=\"crop\" style=\" width:2500; height:2500; overflow:hidden;\"><img decoding=\"async\" src=\"https:\/\/grundschule-badsoden.de\/wp-content\/uploads\/2023\/06\/Falkenflug2-scaled-250x250.jpg\" class=\"ggImg\" alt=\"Falkenflug2\" title=\"Kleiderstaffel\" data-description=\"Kleiderstaffel\" data-caption=\"Kleiderstaffel\" data-title=\"Falkenflug2\" style=\" width:250px; height:250px;\" \/><\/div><FIGCAPTION class=\"\" data-alpha=\"5\" style=\"color:#ffffff; background-color:#6f0000; font-size:140; text-align:left; font-family:Default;\" ><div class=\"grid-gallery-figcaption-wrap\" style=\"\"><\/div><\/FIGCAPTION><\/FIGURE><FIGURE class=\"grid-gallery-caption\" data-grid-gallery-type=\"quarter-slide-up\" data-index=\"3\" style=\"display:none;border-radius:00;; margin:5.3px; width:2500;\" ><div class=\"crop\" style=\" width:2500; height:2500; overflow:hidden;\"><img decoding=\"async\" src=\"https:\/\/grundschule-badsoden.de\/wp-content\/uploads\/2023\/06\/Falkenflug3-scaled-250x250.jpg\" class=\"ggImg\" alt=\"Falkenflug3\" title=\"Sackh\u00fcpfen\" data-description=\"Sackh\u00fcpfen\" data-caption=\"Sackh\u00fcpfen\" data-title=\"Falkenflug3\" style=\" width:250px; height:250px;\" \/><\/div><FIGCAPTION class=\"\" data-alpha=\"5\" style=\"color:#ffffff; background-color:#6f0000; font-size:140; text-align:left; font-family:Default;\" ><div class=\"grid-gallery-figcaption-wrap\" style=\"\"><\/div><\/FIGCAPTION><\/FIGURE><FIGURE class=\"grid-gallery-caption\" data-grid-gallery-type=\"quarter-slide-up\" data-index=\"4\" style=\"display:none;border-radius:00;; margin:5.3px; width:2500;\" ><div class=\"crop\" style=\" width:2500; height:2500; overflow:hidden;\"><img decoding=\"async\" src=\"https:\/\/grundschule-badsoden.de\/wp-content\/uploads\/2023\/06\/Falkenflug4-scaled-250x250.jpg\" class=\"ggImg\" alt=\"Falkenflug4\" title=\"Tic, Tac, Toe\" data-description=\"Tic, Tac, Toe\" data-caption=\"Tic, Tac, Toe\" data-title=\"Falkenflug4\" style=\" width:250px; height:250px;\" \/><\/div><FIGCAPTION class=\"\" data-alpha=\"5\" style=\"color:#ffffff; background-color:#6f0000; font-size:140; text-align:left; font-family:Default;\" ><div class=\"grid-gallery-figcaption-wrap\" style=\"\"><\/div><\/FIGCAPTION><\/FIGURE><FIGURE class=\"grid-gallery-caption\" data-grid-gallery-type=\"quarter-slide-up\" data-index=\"5\" style=\"display:none;border-radius:00;; margin:5.3px; width:2500;\" ><div class=\"crop\" style=\" width:2500; height:2500; overflow:hidden;\"><img decoding=\"async\" src=\"https:\/\/grundschule-badsoden.de\/wp-content\/uploads\/2023\/06\/Falkenflug5-scaled-250x250.jpg\" class=\"ggImg\" alt=\"Falkenflug5\" title=\"Der Wir-Sprung\" data-description=\"Der Wir-Sprung\" data-caption=\"Der Wir-Sprung\" data-title=\"Falkenflug5\" style=\" width:250px; height:250px;\" \/><\/div><FIGCAPTION class=\"\" data-alpha=\"5\" style=\"color:#ffffff; background-color:#6f0000; font-size:140; text-align:left; font-family:Default;\" ><div class=\"grid-gallery-figcaption-wrap\" style=\"\"><\/div><\/FIGCAPTION><\/FIGURE><FIGURE class=\"grid-gallery-caption\" data-grid-gallery-type=\"quarter-slide-up\" data-index=\"6\" style=\"display:none;border-radius:00;; margin:5.3px; width:2500;\" ><div class=\"crop\" style=\" width:2500; height:2500; overflow:hidden;\"><img decoding=\"async\" src=\"https:\/\/grundschule-badsoden.de\/wp-content\/uploads\/2023\/06\/Falkenflug6-scaled-250x250.jpg\" class=\"ggImg\" alt=\"Falkenflug6\" title=\"Der Wir-Sprung\" data-description=\"Der Wir-Sprung\" data-caption=\"Der Wir-Sprung\" data-title=\"Falkenflug6\" style=\" width:250px; height:250px;\" \/><\/div><FIGCAPTION class=\"\" data-alpha=\"5\" style=\"color:#ffffff; background-color:#6f0000; font-size:140; text-align:left; font-family:Default;\" ><div class=\"grid-gallery-figcaption-wrap\" style=\"\"><\/div><\/FIGCAPTION><\/FIGURE><FIGURE class=\"grid-gallery-caption\" data-grid-gallery-type=\"quarter-slide-up\" data-index=\"7\" style=\"display:none;border-radius:00;; margin:5.3px; width:2500;\" ><div class=\"crop\" style=\" width:2500; height:2500; overflow:hidden;\"><img decoding=\"async\" src=\"https:\/\/grundschule-badsoden.de\/wp-content\/uploads\/2023\/06\/Falkenflug7-scaled-250x250.jpg\" class=\"ggImg\" alt=\"Falkenflug7\" title=\"W\u00e4scheleinenstaffel\" data-description=\"W\u00e4scheleinenstaffel\" data-caption=\"W\u00e4scheleinenstaffel\" data-title=\"Falkenflug7\" style=\" width:250px; height:250px;\" \/><\/div><FIGCAPTION class=\"\" data-alpha=\"5\" style=\"color:#ffffff; background-color:#6f0000; font-size:140; text-align:left; font-family:Default;\" ><div class=\"grid-gallery-figcaption-wrap\" style=\"\"><\/div><\/FIGCAPTION><\/FIGURE><FIGURE class=\"grid-gallery-caption\" data-grid-gallery-type=\"quarter-slide-up\" data-index=\"8\" style=\"display:none;border-radius:00;; margin:5.3px; width:2500;\" ><div class=\"crop\" style=\" width:2500; height:2500; overflow:hidden;\"><img decoding=\"async\" src=\"https:\/\/grundschule-badsoden.de\/wp-content\/uploads\/2023\/06\/Falkenflug8-scaled-250x250.jpg\" class=\"ggImg\" alt=\"Falkenflug8\" title=\"Luftballon auf Fallschirm\" data-description=\"Luftballon auf Fallschirm\" data-caption=\"Luftballon auf Fallschirm\" data-title=\"Falkenflug8\" style=\" width:250px; height:250px;\" \/><\/div><FIGCAPTION class=\"\" data-alpha=\"5\" style=\"color:#ffffff; background-color:#6f0000; font-size:140; text-align:left; font-family:Default;\" ><div class=\"grid-gallery-figcaption-wrap\" style=\"\"><\/div><\/FIGCAPTION><\/FIGURE><FIGURE class=\"grid-gallery-caption\" data-grid-gallery-type=\"quarter-slide-up\" data-index=\"9\" style=\"display:none;border-radius:00;; margin:5.3px; width:2500;\" ><div class=\"crop\" style=\" width:2500; height:2500; overflow:hidden;\"><img decoding=\"async\" src=\"https:\/\/grundschule-badsoden.de\/wp-content\/uploads\/2023\/06\/Falkenflug9-scaled-250x250.jpg\" class=\"ggImg\" alt=\"Falkenflug9\" title=\"Luftballon auf Fallschirm\" data-description=\"Luftballon auf Fallschirm\" data-caption=\"Luftballon auf Fallschirm\" data-title=\"Falkenflug9\" style=\" width:250px; height:250px;\" \/><\/div><FIGCAPTION class=\"\" data-alpha=\"5\" style=\"color:#ffffff; background-color:#6f0000; font-size:140; text-align:left; font-family:Default;\" ><div class=\"grid-gallery-figcaption-wrap\" style=\"\"><\/div><\/FIGCAPTION><\/FIGURE><FIGURE class=\"grid-gallery-caption\" data-grid-gallery-type=\"quarter-slide-up\" data-index=\"10\" style=\"display:none;border-radius:00;; margin:5.3px; width:2500;\" ><div class=\"crop\" style=\" width:2500; height:2500; overflow:hidden;\"><img decoding=\"async\" src=\"https:\/\/grundschule-badsoden.de\/wp-content\/uploads\/2023\/06\/Falkenflug10-scaled-250x250.jpg\" class=\"ggImg\" alt=\"Falkenflug10\" title=\"Turmbau\" data-description=\"Turmbau\" data-caption=\"Turmbau\" data-title=\"Falkenflug10\" style=\" width:250px; height:250px;\" \/><\/div><FIGCAPTION class=\"\" data-alpha=\"5\" style=\"color:#ffffff; background-color:#6f0000; font-size:140; text-align:left; font-family:Default;\" ><div class=\"grid-gallery-figcaption-wrap\" style=\"\"><\/div><\/FIGCAPTION><\/FIGURE><FIGURE class=\"grid-gallery-caption\" data-grid-gallery-type=\"quarter-slide-up\" data-index=\"11\" style=\"display:none;border-radius:00;; margin:5.3px; width:2500;\" ><div class=\"crop\" style=\" width:2500; height:2500; overflow:hidden;\"><img decoding=\"async\" src=\"https:\/\/grundschule-badsoden.de\/wp-content\/uploads\/2023\/06\/Falkenflug11-scaled-250x250.jpg\" class=\"ggImg\" alt=\"Falkenflug11\" title=\"Turmbau\" data-description=\"Turmbau\" data-caption=\"Turmbau\" data-title=\"Falkenflug11\" style=\" width:250px; height:250px;\" \/><\/div><FIGCAPTION class=\"\" data-alpha=\"5\" style=\"color:#ffffff; background-color:#6f0000; font-size:140; text-align:left; font-family:Default;\" ><div class=\"grid-gallery-figcaption-wrap\" style=\"\"><\/div><\/FIGCAPTION><\/FIGURE><FIGURE class=\"grid-gallery-caption\" data-grid-gallery-type=\"quarter-slide-up\" data-index=\"12\" style=\"display:none;border-radius:00;; margin:5.3px; width:2500;\" ><div class=\"crop\" style=\" width:2500; height:2500; overflow:hidden;\"><img decoding=\"async\" src=\"https:\/\/grundschule-badsoden.de\/wp-content\/uploads\/2023\/06\/Falkenflug12-scaled-250x250.jpg\" class=\"ggImg\" alt=\"Falkenflug12\" title=\"Eingest\u00fcrzt\" data-description=\"Eingest\u00fcrzt\" data-caption=\"Eingest\u00fcrzt\" data-title=\"Falkenflug12\" style=\" width:250px; height:250px;\" \/><\/div><FIGCAPTION class=\"\" data-alpha=\"5\" style=\"color:#ffffff; background-color:#6f0000; font-size:140; text-align:left; font-family:Default;\" ><div class=\"grid-gallery-figcaption-wrap\" style=\"\"><\/div><\/FIGCAPTION><\/FIGURE><FIGURE class=\"grid-gallery-caption\" data-grid-gallery-type=\"quarter-slide-up\" data-index=\"13\" style=\"display:none;border-radius:00;; margin:5.3px; width:2500;\" ><div class=\"crop\" style=\" width:2500; height:2500; overflow:hidden;\"><img decoding=\"async\" src=\"https:\/\/grundschule-badsoden.de\/wp-content\/uploads\/2023\/06\/Falkenflug13-scaled-250x250.jpg\" class=\"ggImg\" alt=\"Falkenflug13\" title=\"Schubkarren-Kuscheltier- Staffel\" data-description=\"Schubkarren-Kuscheltier- Staffel\" data-caption=\"Schubkarren-Kuscheltier- Staffel\" data-title=\"Falkenflug13\" style=\" width:250px; height:250px;\" \/><\/div><FIGCAPTION class=\"\" data-alpha=\"5\" style=\"color:#ffffff; background-color:#6f0000; font-size:140; text-align:left; font-family:Default;\" ><div class=\"grid-gallery-figcaption-wrap\" style=\"\"><\/div><\/FIGCAPTION><\/FIGURE><FIGURE class=\"grid-gallery-caption\" data-grid-gallery-type=\"quarter-slide-up\" data-index=\"14\" style=\"display:none;border-radius:00;; margin:5.3px; width:2500;\" ><div class=\"crop\" style=\" width:2500; height:2500; overflow:hidden;\"><img decoding=\"async\" src=\"https:\/\/grundschule-badsoden.de\/wp-content\/uploads\/2023\/06\/Falkenflug14-scaled-250x250.jpg\" class=\"ggImg\" alt=\"Falkenflug14\" title=\"Schubkarren-Kuscheltier- Staffel\" data-description=\"Schubkarren-Kuscheltier- Staffel\" data-caption=\"Schubkarren-Kuscheltier- Staffel\" data-title=\"Falkenflug14\" style=\" width:250px; height:250px;\" \/><\/div><FIGCAPTION class=\"\" data-alpha=\"5\" style=\"color:#ffffff; background-color:#6f0000; font-size:140; text-align:left; font-family:Default;\" ><div class=\"grid-gallery-figcaption-wrap\" style=\"\"><\/div><\/FIGCAPTION><\/FIGURE><FIGURE class=\"grid-gallery-caption\" data-grid-gallery-type=\"quarter-slide-up\" data-index=\"15\" style=\"display:none;border-radius:00;; margin:5.3px; width:2500;\" ><div class=\"crop\" style=\" width:2500; height:2500; overflow:hidden;\"><img decoding=\"async\" src=\"https:\/\/grundschule-badsoden.de\/wp-content\/uploads\/2023\/06\/Falkenflug15-scaled-250x250.jpg\" class=\"ggImg\" alt=\"Falkenflug15\" title=\"Schubkarren-Kuscheltier- Staffel\" data-description=\"Schubkarren-Kuscheltier- Staffel\" data-caption=\"Schubkarren-Kuscheltier- Staffel\" data-title=\"Falkenflug15\" style=\" width:250px; height:250px;\" \/><\/div><FIGCAPTION class=\"\" data-alpha=\"5\" style=\"color:#ffffff; background-color:#6f0000; font-size:140; text-align:left; font-family:Default;\" ><div class=\"grid-gallery-figcaption-wrap\" style=\"\"><\/div><\/FIGCAPTION><\/FIGURE><FIGURE class=\"grid-gallery-caption\" data-grid-gallery-type=\"quarter-slide-up\" data-index=\"16\" style=\"display:none;border-radius:00;; margin:5.3px; width:2500;\" ><div class=\"crop\" style=\" width:2500; height:2500; overflow:hidden;\"><img decoding=\"async\" src=\"https:\/\/grundschule-badsoden.de\/wp-content\/uploads\/2023\/06\/Falkenflug16-scaled-250x250.jpg\" class=\"ggImg\" alt=\"Falkenflug16\" title=\"Schubkarren-Kuscheltier- Staffel\" data-description=\"Schubkarren-Kuscheltier- Staffel\" data-caption=\"Schubkarren-Kuscheltier- Staffel\" data-title=\"Falkenflug16\" style=\" width:250px; height:250px;\" \/><\/div><FIGCAPTION class=\"\" data-alpha=\"5\" style=\"color:#ffffff; background-color:#6f0000; font-size:140; text-align:left; font-family:Default;\" ><div class=\"grid-gallery-figcaption-wrap\" style=\"\"><\/div><\/FIGCAPTION><\/FIGURE><FIGURE class=\"grid-gallery-caption\" data-grid-gallery-type=\"quarter-slide-up\" data-index=\"17\" style=\"display:none;border-radius:00;; margin:5.3px; width:2500;\" ><div class=\"crop\" style=\" width:2500; height:2500; overflow:hidden;\"><img decoding=\"async\" src=\"https:\/\/grundschule-badsoden.de\/wp-content\/uploads\/2023\/06\/Falkenflug17-scaled-250x250.jpg\" class=\"ggImg\" alt=\"Falkenflug17\" title=\"Kleiderstaffel\" data-description=\"Kleiderstaffel\" data-caption=\"Kleiderstaffel\" data-title=\"Falkenflug17\" style=\" width:250px; height:250px;\" \/><\/div><FIGCAPTION class=\"\" data-alpha=\"5\" style=\"color:#ffffff; background-color:#6f0000; font-size:140; text-align:left; font-family:Default;\" ><div class=\"grid-gallery-figcaption-wrap\" style=\"\"><\/div><\/FIGCAPTION><\/FIGURE><FIGURE class=\"grid-gallery-caption\" data-grid-gallery-type=\"quarter-slide-up\" data-index=\"18\" style=\"display:none;border-radius:00;; margin:5.3px; width:2500;\" ><div class=\"crop\" style=\" width:2500; height:2500; overflow:hidden;\"><img decoding=\"async\" src=\"https:\/\/grundschule-badsoden.de\/wp-content\/uploads\/2023\/06\/Falkenflug18-scaled-250x250.jpg\" class=\"ggImg\" alt=\"Falkenflug18\" title=\"Alle helfen sich gegenseitig\" data-description=\"Alle helfen sich gegenseitig\" data-caption=\"Alle helfen sich gegenseitig\" data-title=\"Falkenflug18\" style=\" width:250px; height:250px;\" \/><\/div><FIGCAPTION class=\"\" data-alpha=\"5\" style=\"color:#ffffff; background-color:#6f0000; font-size:140; text-align:left; font-family:Default;\" ><div class=\"grid-gallery-figcaption-wrap\" style=\"\"><\/div><\/FIGCAPTION><\/FIGURE> <div class=\"grid-gallery-clearfix\"><\/div> <\/div> <div class=\"gallery-sharing-bottom\" style=\"display:none;\"> <\/div> <div class=\"gallery-sharing-image\" style=\"display:none;\"> <\/div> <div class=\"gallery-sharing-popup\" style=\"display:none;\"> <\/div> <div class=\"grid-gallery-clearfix\"><\/div> <\/div> <!-- Gallery by Supsystic plugin1.16.0 --><a title=\"WordPress Photo Gallery Plugin\" style=\"display:none;\" href=\"https:\/\/supsystic.com\/plugins\/photo-gallery\/?utm_medium=love_link\" target=\"_blank\">WordPress Photo Gallery Plugin<\/a>\n","protected":false},"excerpt":{"rendered":"<p>Am 24.05.2023 f\u00fchrten wir im Rahmen des Sport- und Spieletages wieder das Projekt Falkenflug durch. Wir konnten die Jahrg\u00e4nge endlich wieder mischen und gro\u00df und klein hatten viel Spa\u00df an [&hellip;]<\/p>\n","protected":false},"author":1,"featured_media":0,"parent":0,"menu_order":0,"comment_status":"closed","ping_status":"closed","template":"","meta":{"footnotes":""},"class_list":["post-2519","page","type-page","status-publish","hentry"],"_links":{"self":[{"href":"https:\/\/grundschule-badsoden.de\/index.php\/wp-json\/wp\/v2\/pages\/2519","targetHints":{"allow":["GET"]}}],"collection":[{"href":"https:\/\/grundschule-badsoden.de\/index.php\/wp-json\/wp\/v2\/pages"}],"about":[{"href":"https:\/\/grundschule-badsoden.de\/index.php\/wp-json\/wp\/v2\/types\/page"}],"author":[{"embeddable":true,"href":"https:\/\/grundschule-badsoden.de\/index.php\/wp-json\/wp\/v2\/users\/1"}],"replies":[{"embeddable":true,"href":"https:\/\/grundschule-badsoden.de\/index.php\/wp-json\/wp\/v2\/comments?post=2519"}],"version-history":[{"count":0,"href":"https:\/\/grundschule-badsoden.de\/index.php\/wp-json\/wp\/v2\/pages\/2519\/revisions"}],"wp:attachment":[{"href":"https:\/\/grundschule-badsoden.de\/index.php\/wp-json\/wp\/v2\/media?parent=2519"}],"curies":[{"name":"wp","href":"https:\/\/api.w.org\/{rel}","templated":true}]}}