{"id":2707,"date":"2023-09-10T14:12:10","date_gmt":"2023-09-10T12:12:10","guid":{"rendered":"https:\/\/grundschule-badsoden.de\/?page_id=2707"},"modified":"2023-09-10T14:29:16","modified_gmt":"2023-09-10T12:29:16","slug":"einschulungsfeier-2023-24","status":"publish","type":"page","link":"https:\/\/grundschule-badsoden.de\/index.php\/einschulungsfeier-2023-24\/","title":{"rendered":"Einschulungsfeier 2023\/24"},"content":{"rendered":"\n<p>Die Klassen 4a  und 4b f\u00fchrten unter der Leitung von Frau Merlau und Frau Wennesheimer das gelungene kleine Theaterst\u00fcck &#8222;Ich nehm dich an die Hand&#8220; auf, bei dem es um den Sinn und Zweck von Patenkindern ging. Die Klassen sangen auch zwei Lieder, unter anderem das Lied &#8222;Ich nehm dich an die Hand&#8220;. <\/p>\n\n\n\n<div id=\"grid-gallery-49-83841\" data-gg-id=\"49\" data-title=\"Einschulung 2023\/24\" data-grid-type=\"0\" data-offset=\"5.3\" data-area-position=\"center\" data-icons=\"\" data-preloader=\"true\" data-width=\"250\" data-height=\"250\" data-padding=\"0\" data-quicksand=\"disabled\" data-quicksand-duration=\"none\" data-popup-theme=\"theme_6\" data-popup-type=\"pretty-photo\" data-popup-image-text=\"data-description\" data-popup-widthsize=\"auto\" data-popup-heightsize=\"auto\" data-popup-i18n-words=\"{&quot;close&quot;:&quot;schlie\\u00dfen&quot;,&quot;next&quot;:&quot;n\\u00e4chste&quot;,&quot;previous&quot;:&quot;vorherige&quot;,&quot;start_slideshow&quot;:&quot;Starte Slideshow&quot;,&quot;stop_slideshow&quot;:&quot;Stoppe Slideshow&quot;,&quot;image&quot;:&quot;Bild&quot;,&quot;of&quot;:&quot;von&quot;,&quot;prev&quot;:&quot;vorherige&quot;,&quot;cExpand&quot;:&quot;Erweitere&quot;,&quot;cPrevious&quot;:&quot;Vorheriges&quot;,&quot;cNext&quot;:&quot;N\\u00e4chstes&quot;,&quot;cExpandStr&quot;:&quot;Erweitere Bild&quot;,&quot;cRotate&quot;:&quot;Rotate&quot;,&quot;cDetails&quot;:&quot;Details&quot;}\" data-popup-slideshow=\"false\" data-popup-slideshow-speed=\"2500\" data-popup-hoverstop=\"true\" data-popup-slideshow-auto=\"false\" data-popup-background=\"\" data-popup-transparency=\"30\" data-popup-disable-history=\"\" data-popup-disable-changed-url=\"\" data-popup-border-type=\"solid\" data-popup-border-color=\"\" data-popup-border-width=\"\" data-popup-border-enable=\"\" data-fullscreen=\"false\" data-hide-tooltip=\"false\" data-caption-font-family=\"Default\" data-caption-text-size=\"140\" data-is-mobile=\"0\" data-caption-mobile=\"false\" data-hide-long-tltp-title=\"0\" data-caption-disabled-on-mobile=\"false\" data-popup-placement-type=\"0\" data-social-sharing=\"{&quot;enabled&quot;:&quot;&quot;,&quot;gallerySharing&quot;:{&quot;enabled&quot;:null,&quot;position&quot;:null},&quot;imageSharing&quot;:{&quot;enabled&quot;:null,&quot;wrapperClass&quot;:&quot; vertical &quot;},&quot;popupSharing&quot;:{&quot;enabled&quot;:null,&quot;wrapperClass&quot;:&quot; vertical &quot;}}\" class=\"grid-gallery grid-gallery-fixed \" style=\" width:100%; height:auto; margin-left:auto; margin-right:auto;position:relative;\"> <div class=\"gallery-loading\"> <div class=\"blocks\"> <div class=\"block\"><\/div> <div class=\"block\"><\/div> <div class=\"block\"><\/div> <div class=\"block\"><\/div> <\/div> <\/div> <div class=\"gallery-sharing-top\" style=\"display:none;\"> <\/div> <div id=\"photos-49\" class=\"grid-gallery-photos\"><FIGURE class=\"grid-gallery-caption\" data-grid-gallery-type=\"quarter-slide-up\" data-index=\"0\" style=\"display:none;border-radius:00;; margin:5.3px; width:2500;\" ><div class=\"crop\" style=\" width:2500; height:2500; overflow:hidden;\"><img decoding=\"async\" src=\"https:\/\/grundschule-badsoden.de\/wp-content\/uploads\/2023\/09\/einschulung1-scaled-250x250.jpg\" class=\"ggImg\" alt=\"einschulung1\" title=\"Die neuen Erstkl\u00e4sser im Konzertsaal\" data-description=\"Die neuen Erstkl\u00e4sser im Konzertsaal\" data-caption=\"Die neuen Erstkl\u00e4sser im Konzertsaal\" data-title=\"einschulung1\" style=\" width:250px; height:250px;\" \/><\/div><FIGCAPTION class=\"\" data-alpha=\"5\" style=\"color:#ffffff; background-color:#6f0000; font-size:140; text-align:left; font-family:Default;\" ><div class=\"grid-gallery-figcaption-wrap\" style=\"\"><\/div><\/FIGCAPTION><\/FIGURE><FIGURE class=\"grid-gallery-caption\" data-grid-gallery-type=\"quarter-slide-up\" data-index=\"1\" style=\"display:none;border-radius:00;; margin:5.3px; width:2500;\" ><div class=\"crop\" style=\" width:2500; height:2500; overflow:hidden;\"><img decoding=\"async\" src=\"https:\/\/grundschule-badsoden.de\/wp-content\/uploads\/2023\/09\/einschulung2-scaled-250x250.jpg\" class=\"ggImg\" alt=\"einschulung2\" title=\"Die neuen Erstkl\u00e4sser im Konzertsaal\" data-description=\"Die neuen Erstkl\u00e4sser im Konzertsaal\" data-caption=\"Die neuen Erstkl\u00e4sser im Konzertsaal\" data-title=\"einschulung2\" style=\" width:250px; height:250px;\" \/><\/div><FIGCAPTION class=\"\" data-alpha=\"5\" style=\"color:#ffffff; background-color:#6f0000; font-size:140; text-align:left; font-family:Default;\" ><div class=\"grid-gallery-figcaption-wrap\" style=\"\"><\/div><\/FIGCAPTION><\/FIGURE><FIGURE class=\"grid-gallery-caption\" data-grid-gallery-type=\"quarter-slide-up\" data-index=\"2\" style=\"display:none;border-radius:00;; margin:5.3px; width:2500;\" ><div class=\"crop\" style=\" width:2500; height:2500; overflow:hidden;\"><img decoding=\"async\" src=\"https:\/\/grundschule-badsoden.de\/wp-content\/uploads\/2023\/09\/einschulung3-scaled-250x250.jpg\" class=\"ggImg\" alt=\"einschulung3\" title=\"Die Klassen 4a und 4b auf der B\u00fchne warten auf den Start\" data-description=\"Die Klassen 4a und 4b auf der B\u00fchne warten auf den Start\" data-caption=\"Die Klassen 4a und 4b auf der B\u00fchne warten auf den Start\" data-title=\"einschulung3\" style=\" width:250px; height:250px;\" \/><\/div><FIGCAPTION class=\"\" data-alpha=\"5\" style=\"color:#ffffff; background-color:#6f0000; font-size:140; text-align:left; font-family:Default;\" ><div class=\"grid-gallery-figcaption-wrap\" style=\"\"><\/div><\/FIGCAPTION><\/FIGURE><FIGURE class=\"grid-gallery-caption\" data-grid-gallery-type=\"quarter-slide-up\" data-index=\"3\" style=\"display:none;border-radius:00;; margin:5.3px; width:2500;\" ><div class=\"crop\" style=\" width:2500; height:2500; overflow:hidden;\"><img decoding=\"async\" src=\"https:\/\/grundschule-badsoden.de\/wp-content\/uploads\/2023\/09\/einschulung4-scaled-250x250.jpg\" class=\"ggImg\" alt=\"einschulung4\" title=\"Der Start des St\u00fcckes &quot;Ich nehm dich an die Hand&quot; mit einem Lied\" data-description=\"Der Start des St\u00fcckes &quot;Ich nehm dich an die Hand&quot; mit einem Lied\" data-caption=\"Der Start des St\u00fcckes &quot;Ich nehm dich an die Hand&quot; mit einem Lied\" data-title=\"einschulung4\" style=\" width:250px; height:250px;\" \/><\/div><FIGCAPTION class=\"\" data-alpha=\"5\" style=\"color:#ffffff; background-color:#6f0000; font-size:140; text-align:left; font-family:Default;\" ><div class=\"grid-gallery-figcaption-wrap\" style=\"\"><\/div><\/FIGCAPTION><\/FIGURE><FIGURE class=\"grid-gallery-caption\" data-grid-gallery-type=\"quarter-slide-up\" data-index=\"4\" style=\"display:none;border-radius:00;; margin:5.3px; width:2500;\" ><div class=\"crop\" style=\" width:2500; height:2500; overflow:hidden;\"><img decoding=\"async\" src=\"https:\/\/grundschule-badsoden.de\/wp-content\/uploads\/2023\/09\/einschulung5-scaled-250x250.jpg\" class=\"ggImg\" alt=\"einschulung5\" title=\"Rektorin Frau Sch\u00e4fer begr\u00fc\u00dft die Schulgemeinde und die neuen Erstkl\u00e4sser\" data-description=\"Rektorin Frau Sch\u00e4fer begr\u00fc\u00dft die Schulgemeinde und die neuen Erstkl\u00e4sser\" data-caption=\"Rektorin Frau Sch\u00e4fer begr\u00fc\u00dft die Schulgemeinde und die neuen Erstkl\u00e4sser\" data-title=\"einschulung5\" style=\" width:250px; height:250px;\" \/><\/div><FIGCAPTION class=\"\" data-alpha=\"5\" style=\"color:#ffffff; background-color:#6f0000; font-size:140; text-align:left; font-family:Default;\" ><div class=\"grid-gallery-figcaption-wrap\" style=\"\"><\/div><\/FIGCAPTION><\/FIGURE><FIGURE class=\"grid-gallery-caption\" data-grid-gallery-type=\"quarter-slide-up\" data-index=\"5\" style=\"display:none;border-radius:00;; margin:5.3px; width:2500;\" ><div class=\"crop\" style=\" width:2500; height:2500; overflow:hidden;\"><img decoding=\"async\" src=\"https:\/\/grundschule-badsoden.de\/wp-content\/uploads\/2023\/09\/einschulung6-scaled-250x250.jpg\" class=\"ggImg\" alt=\"einschulung6\" title=\"Das Theaterst\u00fcck, hier Spiele auf dem Pausenhof dargestellt\" data-description=\"Das Theaterst\u00fcck, hier Spiele auf dem Pausenhof dargestellt\" data-caption=\"Das Theaterst\u00fcck, hier Spiele auf dem Pausenhof dargestellt\" data-title=\"einschulung6\" style=\" width:250px; height:250px;\" \/><\/div><FIGCAPTION class=\"\" data-alpha=\"5\" style=\"color:#ffffff; background-color:#6f0000; font-size:140; text-align:left; font-family:Default;\" ><div class=\"grid-gallery-figcaption-wrap\" style=\"\"><\/div><\/FIGCAPTION><\/FIGURE><FIGURE class=\"grid-gallery-caption\" data-grid-gallery-type=\"quarter-slide-up\" data-index=\"6\" style=\"display:none;border-radius:00;; margin:5.3px; width:2500;\" ><div class=\"crop\" style=\" width:2500; height:2500; overflow:hidden;\"><img decoding=\"async\" src=\"https:\/\/grundschule-badsoden.de\/wp-content\/uploads\/2023\/09\/einschulung7-scaled-250x250.jpg\" class=\"ggImg\" alt=\"einschulung7\" title=\"Das Theaterst\u00fcck, hier Spiele auf dem Pausenhof dargestellt\" data-description=\"Das Theaterst\u00fcck, hier Spiele auf dem Pausenhof dargestellt\" data-caption=\"Das Theaterst\u00fcck, hier Spiele auf dem Pausenhof dargestellt\" data-title=\"einschulung7\" style=\" width:250px; height:250px;\" \/><\/div><FIGCAPTION class=\"\" data-alpha=\"5\" style=\"color:#ffffff; background-color:#6f0000; font-size:140; text-align:left; font-family:Default;\" ><div class=\"grid-gallery-figcaption-wrap\" style=\"\"><\/div><\/FIGCAPTION><\/FIGURE><FIGURE class=\"grid-gallery-caption\" data-grid-gallery-type=\"quarter-slide-up\" data-index=\"7\" style=\"display:none;border-radius:00;; margin:5.3px; width:2500;\" ><div class=\"crop\" style=\" width:2500; height:2500; overflow:hidden;\"><img decoding=\"async\" src=\"https:\/\/grundschule-badsoden.de\/wp-content\/uploads\/2023\/09\/einschulung8-scaled-250x250.jpg\" class=\"ggImg\" alt=\"einschulung8\" title=\"Das Theaterst\u00fcck, hier Spiele auf dem Pausenhof dargestellt\" data-description=\"Das Theaterst\u00fcck, hier Spiele auf dem Pausenhof dargestellt\" data-caption=\"Das Theaterst\u00fcck, hier Spiele auf dem Pausenhof dargestellt\" data-title=\"einschulung8\" style=\" width:250px; height:250px;\" \/><\/div><FIGCAPTION class=\"\" data-alpha=\"5\" style=\"color:#ffffff; background-color:#6f0000; font-size:140; text-align:left; font-family:Default;\" ><div class=\"grid-gallery-figcaption-wrap\" style=\"\"><\/div><\/FIGCAPTION><\/FIGURE><FIGURE class=\"grid-gallery-caption\" data-grid-gallery-type=\"quarter-slide-up\" data-index=\"8\" style=\"display:none;border-radius:00;; margin:5.3px; width:2500;\" ><div class=\"crop\" style=\" width:2500; height:2500; overflow:hidden;\"><img decoding=\"async\" src=\"https:\/\/grundschule-badsoden.de\/wp-content\/uploads\/2023\/09\/einschulung9-scaled-250x250.jpg\" class=\"ggImg\" alt=\"einschulung9\" title=\"Unterhaltung \u00fcber die Patenkinder\" data-description=\"Unterhaltung \u00fcber die Patenkinder\" data-caption=\"Unterhaltung \u00fcber die Patenkinder\" data-title=\"einschulung9\" style=\" width:250px; height:250px;\" \/><\/div><FIGCAPTION class=\"\" data-alpha=\"5\" style=\"color:#ffffff; background-color:#6f0000; font-size:140; text-align:left; font-family:Default;\" ><div class=\"grid-gallery-figcaption-wrap\" style=\"\"><\/div><\/FIGCAPTION><\/FIGURE><FIGURE class=\"grid-gallery-caption\" data-grid-gallery-type=\"quarter-slide-up\" data-index=\"9\" style=\"display:none;border-radius:00;; margin:5.3px; width:2500;\" ><div class=\"crop\" style=\" width:2500; height:2500; overflow:hidden;\"><img decoding=\"async\" src=\"https:\/\/grundschule-badsoden.de\/wp-content\/uploads\/2023\/09\/einschulung10-scaled-250x250.jpg\" class=\"ggImg\" alt=\"einschulung10\" title=\"Unterhaltung \u00fcber die Patenkinder\" data-description=\"Unterhaltung \u00fcber die Patenkinder\" data-caption=\"Unterhaltung \u00fcber die Patenkinder\" data-title=\"einschulung10\" style=\" width:250px; height:250px;\" \/><\/div><FIGCAPTION class=\"\" data-alpha=\"5\" style=\"color:#ffffff; background-color:#6f0000; font-size:140; text-align:left; font-family:Default;\" ><div class=\"grid-gallery-figcaption-wrap\" style=\"\"><\/div><\/FIGCAPTION><\/FIGURE><FIGURE class=\"grid-gallery-caption\" data-grid-gallery-type=\"quarter-slide-up\" data-index=\"10\" style=\"display:none;border-radius:00;; margin:5.3px; width:2500;\" ><div class=\"crop\" style=\" width:2500; height:2500; overflow:hidden;\"><img decoding=\"async\" src=\"https:\/\/grundschule-badsoden.de\/wp-content\/uploads\/2023\/09\/einschulung11-scaled-250x250.jpg\" class=\"ggImg\" alt=\"einschulung11\" title=\"Klasse 1a mit ihren Paten auf der B\u00fchne und der Klassenlehrerin Frau Fehler\" data-description=\"Klasse 1a mit ihren Paten auf der B\u00fchne und der Klassenlehrerin Frau Fehler\" data-caption=\"Klasse 1a mit ihren Paten auf der B\u00fchne und der Klassenlehrerin Frau Fehler\" data-title=\"einschulung11\" style=\" width:250px; height:250px;\" \/><\/div><FIGCAPTION class=\"\" data-alpha=\"5\" style=\"color:#ffffff; background-color:#6f0000; font-size:140; text-align:left; font-family:Default;\" ><div class=\"grid-gallery-figcaption-wrap\" style=\"\"><\/div><\/FIGCAPTION><\/FIGURE><FIGURE class=\"grid-gallery-caption\" data-grid-gallery-type=\"quarter-slide-up\" data-index=\"11\" style=\"display:none;border-radius:00;; margin:5.3px; width:2500;\" ><div class=\"crop\" style=\" width:2500; height:2500; overflow:hidden;\"><img decoding=\"async\" src=\"https:\/\/grundschule-badsoden.de\/wp-content\/uploads\/2023\/09\/einschulung12-scaled-250x250.jpg\" class=\"ggImg\" alt=\"einschulung12\" title=\"Frau Sch\u00e4fer ruft die Klasse 1a auf die B\u00fchne zu ihren Paten\" data-description=\"Frau Sch\u00e4fer ruft die Klasse 1a auf die B\u00fchne zu ihren Paten\" data-caption=\"Frau Sch\u00e4fer ruft die Klasse 1b auf die B\u00fchne zu ihren Paten\" data-title=\"einschulung12\" style=\" width:250px; height:250px;\" \/><\/div><FIGCAPTION class=\"\" data-alpha=\"5\" style=\"color:#ffffff; background-color:#6f0000; font-size:140; text-align:left; font-family:Default;\" ><div class=\"grid-gallery-figcaption-wrap\" style=\"\"><\/div><\/FIGCAPTION><\/FIGURE><FIGURE class=\"grid-gallery-caption\" data-grid-gallery-type=\"quarter-slide-up\" data-index=\"12\" style=\"display:none;border-radius:00;; margin:5.3px; width:2500;\" ><div class=\"crop\" style=\" width:2500; height:2500; overflow:hidden;\"><img decoding=\"async\" src=\"https:\/\/grundschule-badsoden.de\/wp-content\/uploads\/2023\/09\/einschulung13-scaled-250x250.jpg\" class=\"ggImg\" alt=\"einschulung13\" title=\"Klasse 1b mit ihren Paten und der Klassenlehrerin Frau Schittrigkeit und dem Klassenlehrer Herrn Vogeley\" data-description=\"Klasse 1b mit ihren Paten und der Klassenlehrerin Frau Schittrigkeit und dem Klassenlehrer Herrn Vogeley\" data-caption=\"Klasse 1b mit ihren Paten und der Klassenlehrerin Frau Schittrigkeit und dem Klassenlehrer Herrn Vogeley\" data-title=\"einschulung13\" style=\" width:250px; height:250px;\" \/><\/div><FIGCAPTION class=\"\" data-alpha=\"5\" style=\"color:#ffffff; background-color:#6f0000; font-size:140; text-align:left; font-family:Default;\" ><div class=\"grid-gallery-figcaption-wrap\" style=\"\"><\/div><\/FIGCAPTION><\/FIGURE> <div class=\"grid-gallery-clearfix\"><\/div> <\/div> <div class=\"gallery-sharing-bottom\" style=\"display:none;\"> <\/div> <div class=\"gallery-sharing-image\" style=\"display:none;\"> <\/div> <div class=\"gallery-sharing-popup\" style=\"display:none;\"> <\/div> <div class=\"grid-gallery-clearfix\"><\/div> <\/div> <!-- Gallery by Supsystic plugin1.16.0 --><a title=\"WordPress Photo Gallery Plugin\" style=\"display:none;\" href=\"https:\/\/supsystic.com\/plugins\/photo-gallery\/?utm_medium=love_link\" target=\"_blank\">WordPress Photo Gallery Plugin<\/a>\n","protected":false},"excerpt":{"rendered":"<p>Die Klassen 4a und 4b f\u00fchrten unter der Leitung von Frau Merlau und Frau Wennesheimer das gelungene kleine Theaterst\u00fcck &#8222;Ich nehm dich an die Hand&#8220; auf, bei dem es um [&hellip;]<\/p>\n","protected":false},"author":1,"featured_media":0,"parent":0,"menu_order":0,"comment_status":"closed","ping_status":"closed","template":"","meta":{"footnotes":""},"class_list":["post-2707","page","type-page","status-publish","hentry"],"_links":{"self":[{"href":"https:\/\/grundschule-badsoden.de\/index.php\/wp-json\/wp\/v2\/pages\/2707","targetHints":{"allow":["GET"]}}],"collection":[{"href":"https:\/\/grundschule-badsoden.de\/index.php\/wp-json\/wp\/v2\/pages"}],"about":[{"href":"https:\/\/grundschule-badsoden.de\/index.php\/wp-json\/wp\/v2\/types\/page"}],"author":[{"embeddable":true,"href":"https:\/\/grundschule-badsoden.de\/index.php\/wp-json\/wp\/v2\/users\/1"}],"replies":[{"embeddable":true,"href":"https:\/\/grundschule-badsoden.de\/index.php\/wp-json\/wp\/v2\/comments?post=2707"}],"version-history":[{"count":0,"href":"https:\/\/grundschule-badsoden.de\/index.php\/wp-json\/wp\/v2\/pages\/2707\/revisions"}],"wp:attachment":[{"href":"https:\/\/grundschule-badsoden.de\/index.php\/wp-json\/wp\/v2\/media?parent=2707"}],"curies":[{"name":"wp","href":"https:\/\/api.w.org\/{rel}","templated":true}]}}