{"id":332,"date":"2020-06-08T12:08:55","date_gmt":"2020-06-08T10:08:55","guid":{"rendered":"http:\/\/grundschule-badsoden.de\/?page_id=332"},"modified":"2020-07-30T17:21:55","modified_gmt":"2020-07-30T15:21:55","slug":"adventsbasar-2018","status":"publish","type":"page","link":"https:\/\/grundschule-badsoden.de\/index.php\/adventsbasar-2018\/","title":{"rendered":"Adventsbasar 2018"},"content":{"rendered":"\n<p>Die Er\u00f6ffnung des Adventsbasares durch Frau Geisen fand auf dem Schulhof statt, anschlie\u00dfend sangen die Jahrg\u00e4nge 1 und 2 ein Weihnachtslied, danach die Jahrg\u00e4nge 3 und 4. Es konnten im Schulgeb\u00e4ude weihnachtliche Bastelarbeiten der Kinder erworben werden. Gem\u00fctliches Beisammensein bei Kaffee und Kuchen (durch den Elternbeirat organisiert) und\/ oder W\u00fcrstchen (durch den F\u00f6rderverein) rundeten das Fest ab. <\/p>\n\n\n\n<p>Beim Adventsbasar 2018 spielte die Theater-AG das Theaterst\u00fcck &#8222;Weihnachtsmann und Schneemann&#8220; von Lutz und Thekla Sch\u00e4fer. <\/p>\n\n\n\n<p>Handlung: Es ist kurz vor Weihnachten und alle erwarten mit gro\u00dfer Spannung das Fest. Geht dieses Jahr alles gut? Letztes Jahr war der Weihnachtsmann krank, die Geschenke wurden gestohlen und deshalb w\u00e4re das Fest beinahe ausgefallen.<br>Damit dieses Jahr alles gut geht, hat der Weihnachtsmann die Geschenke sicher in den Tresorraum der Bank einschlie\u00dfen lassen. Dort m\u00f6chte er sie nun abholen.<br>Aber die beiden Diebe Diesel und D\u00f6sel kommen dem Weihnachtsmann zuvor. Sie wollen in der Bank das Geld stehlen.<br>Als sie verkleidet in der Bank auftauchen und tats\u00e4chlich in den Tresor kommen, \u00fcberschlagen sich die Ereignisse:<br>Der Weihnachtsmann wird verhaftet, der Sohnemann leitet die Rettungsaktion ein und der Schneemann hilft bei der Aufkl\u00e4rung des Falles, als er die Ganoven bei ihrem Fluchtversuch beobachtet.<br>Zum Schluss kommt sogar noch der Bankdirektor frei und das Fest kann beginnen.<\/p>\n\n\n\n<div id=\"grid-gallery-8-9163\" data-gg-id=\"8\" data-title=\"Adventsbasar 2018\" data-grid-type=\"0\" data-offset=\"5.3\" data-area-position=\"center\" data-icons=\"\" data-preloader=\"true\" data-width=\"215\" data-height=\"215\" data-padding=\"0\" data-quicksand=\"disabled\" data-quicksand-duration=\"none\" data-popup-theme=\"theme_6\" data-popup-type=\"pretty-photo\" data-popup-image-text=\"data-description\" data-popup-widthsize=\"auto\" data-popup-heightsize=\"auto\" data-popup-i18n-words=\"{&quot;close&quot;:&quot;schlie\\u00dfen&quot;,&quot;next&quot;:&quot;n\\u00e4chste&quot;,&quot;previous&quot;:&quot;vorherige&quot;,&quot;start_slideshow&quot;:&quot;Starte Slideshow&quot;,&quot;stop_slideshow&quot;:&quot;Stoppe Slideshow&quot;,&quot;image&quot;:&quot;Bild&quot;,&quot;of&quot;:&quot;von&quot;,&quot;prev&quot;:&quot;vorherige&quot;,&quot;cExpand&quot;:&quot;Erweitere&quot;,&quot;cPrevious&quot;:&quot;Vorheriges&quot;,&quot;cNext&quot;:&quot;N\\u00e4chstes&quot;,&quot;cExpandStr&quot;:&quot;Erweitere Bild&quot;,&quot;cRotate&quot;:&quot;Rotate&quot;,&quot;cDetails&quot;:&quot;Details&quot;}\" data-popup-slideshow=\"false\" data-popup-slideshow-speed=\"2500\" data-popup-hoverstop=\"true\" data-popup-slideshow-auto=\"false\" data-popup-background=\"\" data-popup-transparency=\"30\" data-popup-disable-history=\"\" data-popup-disable-changed-url=\"\" data-popup-border-type=\"solid\" data-popup-border-color=\"\" data-popup-border-width=\"\" data-popup-border-enable=\"\" data-fullscreen=\"false\" data-hide-tooltip=\"false\" data-caption-font-family=\"Default\" data-caption-text-size=\"140\" data-is-mobile=\"0\" data-caption-mobile=\"false\" data-hide-long-tltp-title=\"0\" data-caption-disabled-on-mobile=\"false\" data-popup-placement-type=\"0\" data-social-sharing=\"{&quot;enabled&quot;:&quot;&quot;,&quot;gallerySharing&quot;:{&quot;enabled&quot;:null,&quot;position&quot;:null},&quot;imageSharing&quot;:{&quot;enabled&quot;:null,&quot;wrapperClass&quot;:&quot; vertical &quot;},&quot;popupSharing&quot;:{&quot;enabled&quot;:null,&quot;wrapperClass&quot;:&quot; vertical &quot;}}\" class=\"grid-gallery grid-gallery-fixed \" style=\" width:100%; height:auto; margin-left:auto; margin-right:auto;position:relative;\"> <div class=\"gallery-loading\"> <div class=\"blocks\"> <div class=\"block\"><\/div> <div class=\"block\"><\/div> <div class=\"block\"><\/div> <div class=\"block\"><\/div> <\/div> <\/div> <div class=\"gallery-sharing-top\" style=\"display:none;\"> <\/div> <div id=\"photos-8\" class=\"grid-gallery-photos\"><FIGURE class=\"grid-gallery-caption\" data-grid-gallery-type=\"quarter-slide-up\" data-index=\"0\" style=\"display:none;border-radius:00;; margin:5.3px; width:2150;\" ><div class=\"crop\" style=\" width:2150; height:2150; overflow:hidden;\"><img decoding=\"async\" src=\"http:\/\/grundschule-badsoden.de\/wp-content\/uploads\/2020\/07\/2018abasar_13-215x215.jpg\" class=\"ggImg\" alt=\"Er\u00f6ffnung\" title=\"2018abasar_13\" data-description=\"2018abasar_13\" data-caption=\"2018abasar_13\" data-title=\"2018abasar_13\" style=\" width:215px; height:215px;\" \/><\/div><FIGCAPTION class=\"\" data-alpha=\"5\" style=\"color:#ffffff; background-color:#6f0000; font-size:140; text-align:left; font-family:Default;\" ><div class=\"grid-gallery-figcaption-wrap\" style=\"\"><\/div><\/FIGCAPTION><\/FIGURE><FIGURE class=\"grid-gallery-caption\" data-grid-gallery-type=\"quarter-slide-up\" data-index=\"1\" style=\"display:none;border-radius:00;; margin:5.3px; width:2150;\" ><div class=\"crop\" style=\" width:2150; height:2150; overflow:hidden;\"><img decoding=\"async\" src=\"http:\/\/grundschule-badsoden.de\/wp-content\/uploads\/2020\/07\/2018abasar_14-215x215.jpg\" class=\"ggImg\" alt=\"Weihnachtslieder\" title=\"2018abasar_14\" data-description=\"2018abasar_14\" data-caption=\"2018abasar_14\" data-title=\"2018abasar_14\" style=\" width:215px; height:215px;\" \/><\/div><FIGCAPTION class=\"\" data-alpha=\"5\" style=\"color:#ffffff; background-color:#6f0000; font-size:140; text-align:left; font-family:Default;\" ><div class=\"grid-gallery-figcaption-wrap\" style=\"\"><\/div><\/FIGCAPTION><\/FIGURE><FIGURE class=\"grid-gallery-caption\" data-grid-gallery-type=\"quarter-slide-up\" data-index=\"2\" style=\"display:none;border-radius:00;; margin:5.3px; width:2150;\" ><div class=\"crop\" style=\" width:2150; height:2150; overflow:hidden;\"><img decoding=\"async\" src=\"http:\/\/grundschule-badsoden.de\/wp-content\/uploads\/2020\/07\/2018abasar_15-215x215.jpg\" class=\"ggImg\" alt=\"Weihnachtslieder\" title=\"2018abasar_15\" data-description=\"2018abasar_15\" data-caption=\"2018abasar_15\" data-title=\"2018abasar_15\" style=\" width:215px; height:215px;\" \/><\/div><FIGCAPTION class=\"\" data-alpha=\"5\" style=\"color:#ffffff; background-color:#6f0000; font-size:140; text-align:left; font-family:Default;\" ><div class=\"grid-gallery-figcaption-wrap\" style=\"\"><\/div><\/FIGCAPTION><\/FIGURE><FIGURE class=\"grid-gallery-caption\" data-grid-gallery-type=\"quarter-slide-up\" data-index=\"3\" style=\"display:none;border-radius:00;; margin:5.3px; width:2150;\" ><div class=\"crop\" style=\" width:2150; height:2150; overflow:hidden;\"><img decoding=\"async\" src=\"http:\/\/grundschule-badsoden.de\/wp-content\/uploads\/2020\/07\/2018abasar_19-215x215.jpg\" class=\"ggImg\" alt=\"Theaterst\u00fcck\" title=\"Weihnachtsmann und Schneemann\" data-description=\"Weihnachtsmann und Schneemann\" data-caption=\"2018abasar_19\" data-title=\"2018abasar_19\" style=\" width:215px; height:215px;\" \/><\/div><FIGCAPTION class=\"\" data-alpha=\"5\" style=\"color:#ffffff; background-color:#6f0000; font-size:140; text-align:left; font-family:Default;\" ><div class=\"grid-gallery-figcaption-wrap\" style=\"\"><\/div><\/FIGCAPTION><\/FIGURE><FIGURE class=\"grid-gallery-caption\" data-grid-gallery-type=\"quarter-slide-up\" data-index=\"4\" style=\"display:none;border-radius:00;; margin:5.3px; width:2150;\" ><div class=\"crop\" style=\" width:2150; height:2150; overflow:hidden;\"><img decoding=\"async\" src=\"http:\/\/grundschule-badsoden.de\/wp-content\/uploads\/2020\/07\/2018abasar_20-215x215.jpg\" class=\"ggImg\" alt=\"Theaterst\u00fcck\" title=\"Schneemann und Eisprinzessin\" data-description=\"Schneemann und Eisprinzessin\" data-caption=\"2018abasar_20\" data-title=\"2018abasar_20\" style=\" width:215px; height:215px;\" \/><\/div><FIGCAPTION class=\"\" data-alpha=\"5\" style=\"color:#ffffff; background-color:#6f0000; font-size:140; text-align:left; font-family:Default;\" ><div class=\"grid-gallery-figcaption-wrap\" style=\"\"><\/div><\/FIGCAPTION><\/FIGURE><FIGURE class=\"grid-gallery-caption\" data-grid-gallery-type=\"quarter-slide-up\" data-index=\"5\" style=\"display:none;border-radius:00;; margin:5.3px; width:2150;\" ><div class=\"crop\" style=\" width:2150; height:2150; overflow:hidden;\"><img decoding=\"async\" src=\"http:\/\/grundschule-badsoden.de\/wp-content\/uploads\/2020\/07\/2018abasar_21-215x215.jpg\" class=\"ggImg\" alt=\"Theaterst\u00fcck\" title=\"Der Wetterbericht, Sprecherin Finia\" data-description=\"Der Wetterbericht, Sprecherin Finia\" data-caption=\"2018abasar_21\" data-title=\"2018abasar_21\" style=\" width:215px; height:215px;\" \/><\/div><FIGCAPTION class=\"\" data-alpha=\"5\" style=\"color:#ffffff; background-color:#6f0000; font-size:140; text-align:left; font-family:Default;\" ><div class=\"grid-gallery-figcaption-wrap\" style=\"\"><\/div><\/FIGCAPTION><\/FIGURE><FIGURE class=\"grid-gallery-caption\" data-grid-gallery-type=\"quarter-slide-up\" data-index=\"6\" style=\"display:none;border-radius:00;; margin:5.3px; width:2150;\" ><div class=\"crop\" style=\" width:2150; height:2150; overflow:hidden;\"><img decoding=\"async\" src=\"http:\/\/grundschule-badsoden.de\/wp-content\/uploads\/2020\/07\/2018abasar_22-215x215.jpg\" class=\"ggImg\" alt=\"Theaterst\u00fcck\" title=\"Alle Helfer vom Weihnachtsmann beraten sich\" data-description=\"Alle Helfer vom Weihnachtsmann beraten sich\" data-caption=\"2018abasar_22\" data-title=\"2018abasar_22\" style=\" width:215px; height:215px;\" \/><\/div><FIGCAPTION class=\"\" data-alpha=\"5\" style=\"color:#ffffff; background-color:#6f0000; font-size:140; text-align:left; font-family:Default;\" ><div class=\"grid-gallery-figcaption-wrap\" style=\"\"><\/div><\/FIGCAPTION><\/FIGURE><FIGURE class=\"grid-gallery-caption\" data-grid-gallery-type=\"quarter-slide-up\" data-index=\"7\" style=\"display:none;border-radius:00;; margin:5.3px; width:2150;\" ><div class=\"crop\" style=\" width:2150; height:2150; overflow:hidden;\"><img decoding=\"async\" src=\"http:\/\/grundschule-badsoden.de\/wp-content\/uploads\/2020\/07\/2018abasar_23-215x215.jpg\" class=\"ggImg\" alt=\"Theaterst\u00fcck\" title=\"Der Weihnachtsmann telefoniert mit dem Bankdirektor\" data-description=\"Der Weihnachtsmann telefoniert mit dem Bankdirektor\" data-caption=\"2018abasar_23\" data-title=\"2018abasar_23\" style=\" width:215px; height:215px;\" \/><\/div><FIGCAPTION class=\"\" data-alpha=\"5\" style=\"color:#ffffff; background-color:#6f0000; font-size:140; text-align:left; font-family:Default;\" ><div class=\"grid-gallery-figcaption-wrap\" style=\"\"><\/div><\/FIGCAPTION><\/FIGURE><FIGURE class=\"grid-gallery-caption\" data-grid-gallery-type=\"quarter-slide-up\" data-index=\"8\" style=\"display:none;border-radius:00;; margin:5.3px; width:2150;\" ><div class=\"crop\" style=\" width:2150; height:2150; overflow:hidden;\"><img decoding=\"async\" src=\"http:\/\/grundschule-badsoden.de\/wp-content\/uploads\/2020\/07\/2018abasar_24-215x215.jpg\" class=\"ggImg\" alt=\"Theaterst\u00fcck\" title=\"Die beiden Diebe\" data-description=\"Die beiden Diebe\" data-caption=\"2018abasar_24\" data-title=\"2018abasar_24\" style=\" width:215px; height:215px;\" \/><\/div><FIGCAPTION class=\"\" data-alpha=\"5\" style=\"color:#ffffff; background-color:#6f0000; font-size:140; text-align:left; font-family:Default;\" ><div class=\"grid-gallery-figcaption-wrap\" style=\"\"><\/div><\/FIGCAPTION><\/FIGURE><FIGURE class=\"grid-gallery-caption\" data-grid-gallery-type=\"quarter-slide-up\" data-index=\"9\" style=\"display:none;border-radius:00;; margin:5.3px; width:2150;\" ><div class=\"crop\" style=\" width:2150; height:2150; overflow:hidden;\"><img decoding=\"async\" src=\"http:\/\/grundschule-badsoden.de\/wp-content\/uploads\/2020\/07\/2018abasar_31-215x215.jpg\" class=\"ggImg\" alt=\"Theaterst\u00fcck\" title=\"Der Polizist soll helfen\" data-description=\"Der Polizist soll helfen\" data-caption=\"2018abasar_31\" data-title=\"2018abasar_31\" style=\" width:215px; height:215px;\" \/><\/div><FIGCAPTION class=\"\" data-alpha=\"5\" style=\"color:#ffffff; background-color:#6f0000; font-size:140; text-align:left; font-family:Default;\" ><div class=\"grid-gallery-figcaption-wrap\" style=\"\"><\/div><\/FIGCAPTION><\/FIGURE><FIGURE class=\"grid-gallery-caption\" data-grid-gallery-type=\"quarter-slide-up\" data-index=\"10\" style=\"display:none;border-radius:00;; margin:5.3px; width:2150;\" ><div class=\"crop\" style=\" width:2150; height:2150; overflow:hidden;\"><img decoding=\"async\" src=\"http:\/\/grundschule-badsoden.de\/wp-content\/uploads\/2020\/07\/2018abasar_25-215x215.jpg\" class=\"ggImg\" alt=\"Theaterst\u00fcck\" title=\"Die Diebe als Weihnachtmann verkleidet\" data-description=\"Die Diebe als Weihnachtmann verkleidet\" data-caption=\"2018abasar_25\" data-title=\"2018abasar_25\" style=\" width:215px; height:215px;\" \/><\/div><FIGCAPTION class=\"\" data-alpha=\"5\" style=\"color:#ffffff; background-color:#6f0000; font-size:140; text-align:left; font-family:Default;\" ><div class=\"grid-gallery-figcaption-wrap\" style=\"\"><\/div><\/FIGCAPTION><\/FIGURE><FIGURE class=\"grid-gallery-caption\" data-grid-gallery-type=\"quarter-slide-up\" data-index=\"11\" style=\"display:none;border-radius:00;; margin:5.3px; width:2150;\" ><div class=\"crop\" style=\" width:2150; height:2150; overflow:hidden;\"><img decoding=\"async\" src=\"http:\/\/grundschule-badsoden.de\/wp-content\/uploads\/2020\/07\/2018abasar_26-215x215.jpg\" class=\"ggImg\" alt=\"Theaterst\u00fcck\" title=\"Die Diebe \u00fcberlisten den Bankdirektor\" data-description=\"Die Diebe \u00fcberlisten den Bankdirektor\" data-caption=\"2018abasar_26\" data-title=\"2018abasar_26\" style=\" width:215px; height:215px;\" \/><\/div><FIGCAPTION class=\"\" data-alpha=\"5\" style=\"color:#ffffff; background-color:#6f0000; font-size:140; text-align:left; font-family:Default;\" ><div class=\"grid-gallery-figcaption-wrap\" style=\"\"><\/div><\/FIGCAPTION><\/FIGURE><FIGURE class=\"grid-gallery-caption\" data-grid-gallery-type=\"quarter-slide-up\" data-index=\"12\" style=\"display:none;border-radius:00;; margin:5.3px; width:2150;\" ><div class=\"crop\" style=\" width:2150; height:2150; overflow:hidden;\"><img decoding=\"async\" src=\"http:\/\/grundschule-badsoden.de\/wp-content\/uploads\/2020\/07\/2018abasar_27-215x215.jpg\" class=\"ggImg\" alt=\"Theaterst\u00fcck\" title=\"Ratlosigkeit beim Weihnachtsmann und seinem Sohn\" data-description=\"Ratlosigkeit beim Weihnachtsmann und seinem Sohn\" data-caption=\"2018abasar_27\" data-title=\"2018abasar_27\" style=\" width:215px; height:215px;\" \/><\/div><FIGCAPTION class=\"\" data-alpha=\"5\" style=\"color:#ffffff; background-color:#6f0000; font-size:140; text-align:left; font-family:Default;\" ><div class=\"grid-gallery-figcaption-wrap\" style=\"\"><\/div><\/FIGCAPTION><\/FIGURE><FIGURE class=\"grid-gallery-caption\" data-grid-gallery-type=\"quarter-slide-up\" data-index=\"13\" style=\"display:none;border-radius:00;; margin:5.3px; width:2150;\" ><div class=\"crop\" style=\" width:2150; height:2150; overflow:hidden;\"><img decoding=\"async\" src=\"http:\/\/grundschule-badsoden.de\/wp-content\/uploads\/2020\/07\/2018abasar_28-215x215.jpg\" class=\"ggImg\" alt=\"Theaterst\u00fcck\" title=\"Die Diebe im Reiseb\u00fcro\" data-description=\"Die Diebe im Reiseb\u00fcro\" data-caption=\"2018abasar_28\" data-title=\"2018abasar_28\" style=\" width:215px; height:215px;\" \/><\/div><FIGCAPTION class=\"\" data-alpha=\"5\" style=\"color:#ffffff; background-color:#6f0000; font-size:140; text-align:left; font-family:Default;\" ><div class=\"grid-gallery-figcaption-wrap\" style=\"\"><\/div><\/FIGCAPTION><\/FIGURE><FIGURE class=\"grid-gallery-caption\" data-grid-gallery-type=\"quarter-slide-up\" data-index=\"14\" style=\"display:none;border-radius:00;; margin:5.3px; width:2150;\" ><div class=\"crop\" style=\" width:2150; height:2150; overflow:hidden;\"><img decoding=\"async\" src=\"http:\/\/grundschule-badsoden.de\/wp-content\/uploads\/2020\/07\/2018abasar_30-215x215.jpg\" class=\"ggImg\" alt=\"Theaterst\u00fcck\" title=\"Der echte Weihnachtsmann \u00fcberf\u00fchrt die Diebe\" data-description=\"Der echte Weihnachtsmann \u00fcberf\u00fchrt die Diebe\" data-caption=\"2018abasar_30\" data-title=\"2018abasar_30\" style=\" width:215px; height:215px;\" \/><\/div><FIGCAPTION class=\"\" data-alpha=\"5\" style=\"color:#ffffff; background-color:#6f0000; font-size:140; text-align:left; font-family:Default;\" ><div class=\"grid-gallery-figcaption-wrap\" style=\"\"><\/div><\/FIGCAPTION><\/FIGURE><FIGURE class=\"grid-gallery-caption\" data-grid-gallery-type=\"quarter-slide-up\" data-index=\"15\" style=\"display:none;border-radius:00;; margin:5.3px; width:2150;\" ><div class=\"crop\" style=\" width:2150; height:2150; overflow:hidden;\"><img decoding=\"async\" src=\"http:\/\/grundschule-badsoden.de\/wp-content\/uploads\/2020\/07\/2018abasar_32-215x215.jpg\" class=\"ggImg\" alt=\"Theatersst\u00fcck\" title=\"Schlussaufstellung\" data-description=\"Schlussaufstellung\" data-caption=\"2018abasar_32\" data-title=\"2018abasar_32\" style=\" width:215px; height:215px;\" \/><\/div><FIGCAPTION class=\"\" data-alpha=\"5\" style=\"color:#ffffff; background-color:#6f0000; font-size:140; text-align:left; font-family:Default;\" ><div class=\"grid-gallery-figcaption-wrap\" style=\"\"><\/div><\/FIGCAPTION><\/FIGURE><FIGURE class=\"grid-gallery-caption\" data-grid-gallery-type=\"quarter-slide-up\" data-index=\"16\" style=\"display:none;border-radius:00;; margin:5.3px; width:2150;\" ><div class=\"crop\" style=\" width:2150; height:2150; overflow:hidden;\"><img decoding=\"async\" src=\"http:\/\/grundschule-badsoden.de\/wp-content\/uploads\/2020\/07\/2018abasar_33-215x215.jpg\" class=\"ggImg\" alt=\"Theatersst\u00fcck\" title=\"Schlussaufstellung\" data-description=\"Schlussaufstellung\" data-caption=\"2018abasar_33\" data-title=\"2018abasar_33\" style=\" width:215px; height:215px;\" \/><\/div><FIGCAPTION class=\"\" data-alpha=\"5\" style=\"color:#ffffff; background-color:#6f0000; font-size:140; text-align:left; font-family:Default;\" ><div class=\"grid-gallery-figcaption-wrap\" style=\"\"><\/div><\/FIGCAPTION><\/FIGURE> <div class=\"grid-gallery-clearfix\"><\/div> <\/div> <div class=\"gallery-sharing-bottom\" style=\"display:none;\"> <\/div> <div class=\"gallery-sharing-image\" style=\"display:none;\"> <\/div> <div class=\"gallery-sharing-popup\" style=\"display:none;\"> <\/div> <div class=\"grid-gallery-clearfix\"><\/div> <\/div> <!-- Gallery by Supsystic plugin1.16.0 --><a title=\"WordPress Photo Gallery Plugin\" style=\"display:none;\" href=\"https:\/\/supsystic.com\/plugins\/photo-gallery\/?utm_medium=love_link\" target=\"_blank\">WordPress Photo Gallery Plugin<\/a>\n","protected":false},"excerpt":{"rendered":"<p>Die Er\u00f6ffnung des Adventsbasares durch Frau Geisen fand auf dem Schulhof statt, anschlie\u00dfend sangen die Jahrg\u00e4nge 1 und 2 ein Weihnachtslied, danach die Jahrg\u00e4nge 3 und 4. Es konnten im [&hellip;]<\/p>\n","protected":false},"author":1,"featured_media":0,"parent":0,"menu_order":0,"comment_status":"closed","ping_status":"closed","template":"","meta":{"footnotes":""},"class_list":["post-332","page","type-page","status-publish","hentry"],"_links":{"self":[{"href":"https:\/\/grundschule-badsoden.de\/index.php\/wp-json\/wp\/v2\/pages\/332","targetHints":{"allow":["GET"]}}],"collection":[{"href":"https:\/\/grundschule-badsoden.de\/index.php\/wp-json\/wp\/v2\/pages"}],"about":[{"href":"https:\/\/grundschule-badsoden.de\/index.php\/wp-json\/wp\/v2\/types\/page"}],"author":[{"embeddable":true,"href":"https:\/\/grundschule-badsoden.de\/index.php\/wp-json\/wp\/v2\/users\/1"}],"replies":[{"embeddable":true,"href":"https:\/\/grundschule-badsoden.de\/index.php\/wp-json\/wp\/v2\/comments?post=332"}],"version-history":[{"count":0,"href":"https:\/\/grundschule-badsoden.de\/index.php\/wp-json\/wp\/v2\/pages\/332\/revisions"}],"wp:attachment":[{"href":"https:\/\/grundschule-badsoden.de\/index.php\/wp-json\/wp\/v2\/media?parent=332"}],"curies":[{"name":"wp","href":"https:\/\/api.w.org\/{rel}","templated":true}]}}