{"id":405,"date":"2020-06-08T12:27:46","date_gmt":"2020-06-08T10:27:46","guid":{"rendered":"http:\/\/grundschule-badsoden.de\/?page_id=405"},"modified":"2020-08-03T12:36:40","modified_gmt":"2020-08-03T10:36:40","slug":"kochmuetzen-2018-2","status":"publish","type":"page","link":"https:\/\/grundschule-badsoden.de\/index.php\/kochmuetzen-2018-2\/","title":{"rendered":"Kochm\u00fctzen 2018"},"content":{"rendered":"\n<p>Die Median Kinzigtalklinik betreut die Klassen 1a und 1b.<br>Die Klinik St Marien ist die Patenklinik f\u00fcr die Klassen 2a und 2b.<br>Die Klasse 3a geht in die Salztalklinik, ebenso die Klasse 3b, aber versetzt.<br>Die Knappschaftsklinik betreut die Klasse 4a.<\/p>\n\n\n\n<p>Jede Klinik f\u00fchrt mit den Klassen meist zwei Projekte zum Thema Gesunde Ern\u00e4hrung durch.<br>Das kann z.B. sein:<br>Gesundes Fr\u00fchst\u00fcck mit Obst und Gem\u00fcse<br>Rund um das Ei<br>Alles mit Milch<br>Viele verschiedene leckere Sachen aus Getreide<br>und vieles mehr<\/p>\n\n\n\n<p>Seit dem Schuljahr 2012\/2013 findet j\u00e4hrlich ein Mal-Wettbewerb, organisiert vom Netzwerk f\u00fcr Gesundheit, statt, an dem alle &#8222;Kochm\u00fctzen&#8220; (alle Kinder der Grundschule an der Salz) teilnehmen. Auf die vier Gewinner (aus jedem Jahrgang wird das beste Bild ausgew\u00e4hlt), warten tolle Preise.<\/p>\n\n\n\n<p>Im Schuljahr 2018\/2019 existieren Bilder von der Klasse 3a und der Klasse 4a (2 Besuche), zum Thema &#8222;Getreide&#8220; und zum Thema &#8222;Kartoffel&#8220;.<\/p>\n\n\n\n<div id=\"grid-gallery-19-45595\" data-gg-id=\"19\" data-title=\"Kochm\u00fctzen 2018\" data-grid-type=\"0\" data-offset=\"5.3\" data-area-position=\"center\" data-icons=\"\" data-preloader=\"true\" data-width=\"250\" data-height=\"250\" data-padding=\"0\" data-quicksand=\"disabled\" data-quicksand-duration=\"none\" data-popup-theme=\"theme_6\" data-popup-type=\"pretty-photo\" data-popup-image-text=\"data-description\" data-popup-widthsize=\"auto\" data-popup-heightsize=\"auto\" data-popup-i18n-words=\"{&quot;close&quot;:&quot;schlie\\u00dfen&quot;,&quot;next&quot;:&quot;n\\u00e4chste&quot;,&quot;previous&quot;:&quot;vorherige&quot;,&quot;start_slideshow&quot;:&quot;Starte Slideshow&quot;,&quot;stop_slideshow&quot;:&quot;Stoppe Slideshow&quot;,&quot;image&quot;:&quot;Bild&quot;,&quot;of&quot;:&quot;von&quot;,&quot;prev&quot;:&quot;vorherige&quot;,&quot;cExpand&quot;:&quot;Erweitere&quot;,&quot;cPrevious&quot;:&quot;Vorheriges&quot;,&quot;cNext&quot;:&quot;N\\u00e4chstes&quot;,&quot;cExpandStr&quot;:&quot;Erweitere Bild&quot;,&quot;cRotate&quot;:&quot;Rotate&quot;,&quot;cDetails&quot;:&quot;Details&quot;}\" data-popup-slideshow=\"false\" data-popup-slideshow-speed=\"2500\" data-popup-hoverstop=\"true\" data-popup-slideshow-auto=\"false\" data-popup-background=\"\" data-popup-transparency=\"30\" data-popup-disable-history=\"\" data-popup-disable-changed-url=\"\" data-popup-border-type=\"solid\" data-popup-border-color=\"\" data-popup-border-width=\"\" data-popup-border-enable=\"\" data-fullscreen=\"false\" data-hide-tooltip=\"false\" data-caption-font-family=\"Default\" data-caption-text-size=\"140\" data-is-mobile=\"0\" data-caption-mobile=\"false\" data-hide-long-tltp-title=\"0\" data-caption-disabled-on-mobile=\"false\" data-popup-placement-type=\"0\" data-social-sharing=\"{&quot;enabled&quot;:&quot;&quot;,&quot;gallerySharing&quot;:{&quot;enabled&quot;:null,&quot;position&quot;:null},&quot;imageSharing&quot;:{&quot;enabled&quot;:null,&quot;wrapperClass&quot;:&quot; vertical &quot;},&quot;popupSharing&quot;:{&quot;enabled&quot;:null,&quot;wrapperClass&quot;:&quot; vertical &quot;}}\" class=\"grid-gallery grid-gallery-fixed \" style=\" width:100%; height:auto; margin-left:auto; margin-right:auto;position:relative;\"> <div class=\"gallery-loading\"> <div class=\"blocks\"> <div class=\"block\"><\/div> <div class=\"block\"><\/div> <div class=\"block\"><\/div> <div class=\"block\"><\/div> <\/div> <\/div> <div class=\"gallery-sharing-top\" style=\"display:none;\"> <\/div> <div id=\"photos-19\" class=\"grid-gallery-photos\"><FIGURE class=\"grid-gallery-caption\" data-grid-gallery-type=\"quarter-slide-up\" data-index=\"0\" style=\"display:none;border-radius:00;; margin:5.3px; width:2500;\" ><div class=\"crop\" style=\" width:2500; height:2500; overflow:hidden;\"><img decoding=\"async\" src=\"http:\/\/grundschule-badsoden.de\/wp-content\/uploads\/2020\/08\/2016km_2-250x250.jpg\" class=\"ggImg\" alt=\"Kochm\u00fctzen 2018\" title=\"Beim Sport\" data-description=\"Beim Sport\" data-caption=\"Klasse 4a in der Knappschaftsklinik, Thema &quot;Getreide&quot;\" data-title=\"2016km_2\" style=\" width:250px; height:250px;\" \/><\/div><FIGCAPTION class=\"\" data-alpha=\"5\" style=\"color:#ffffff; background-color:#6f0000; font-size:140; text-align:left; font-family:Default;\" ><div class=\"grid-gallery-figcaption-wrap\" style=\"\"><\/div><\/FIGCAPTION><\/FIGURE><FIGURE class=\"grid-gallery-caption\" data-grid-gallery-type=\"quarter-slide-up\" data-index=\"1\" style=\"display:none;border-radius:00;; margin:5.3px; width:2500;\" ><div class=\"crop\" style=\" width:2500; height:2500; overflow:hidden;\"><img decoding=\"async\" src=\"http:\/\/grundschule-badsoden.de\/wp-content\/uploads\/2020\/08\/2016km_3-250x250.jpg\" class=\"ggImg\" alt=\"Kochm\u00fctzen 2018\" title=\"Kochen mit K\u00fcchenchef Herrn Stein...\" data-description=\"Kochen mit K\u00fcchenchef Herrn Stein...\" data-caption=\"2016km_3\" data-title=\"2016km_3\" style=\" width:250px; height:250px;\" \/><\/div><FIGCAPTION class=\"\" data-alpha=\"5\" style=\"color:#ffffff; background-color:#6f0000; font-size:140; text-align:left; font-family:Default;\" ><div class=\"grid-gallery-figcaption-wrap\" style=\"\"><\/div><\/FIGCAPTION><\/FIGURE><FIGURE class=\"grid-gallery-caption\" data-grid-gallery-type=\"quarter-slide-up\" data-index=\"2\" style=\"display:none;border-radius:00;; margin:5.3px; width:2500;\" ><div class=\"crop\" style=\" width:2500; height:2500; overflow:hidden;\"><img decoding=\"async\" src=\"http:\/\/grundschule-badsoden.de\/wp-content\/uploads\/2020\/08\/2016km_4-250x250.jpg\" class=\"ggImg\" alt=\"Kochm\u00fctzen 2018\" title=\"... und der Di\u00e4tassistentin \" data-description=\"... und der Di\u00e4tassistentin \" data-caption=\"2016km_4\" data-title=\"2016km_4\" style=\" width:250px; height:250px;\" \/><\/div><FIGCAPTION class=\"\" data-alpha=\"5\" style=\"color:#ffffff; background-color:#6f0000; font-size:140; text-align:left; font-family:Default;\" ><div class=\"grid-gallery-figcaption-wrap\" style=\"\"><\/div><\/FIGCAPTION><\/FIGURE><FIGURE class=\"grid-gallery-caption\" data-grid-gallery-type=\"quarter-slide-up\" data-index=\"3\" style=\"display:none;border-radius:00;; margin:5.3px; width:2500;\" ><div class=\"crop\" style=\" width:2500; height:2500; overflow:hidden;\"><img decoding=\"async\" src=\"http:\/\/grundschule-badsoden.de\/wp-content\/uploads\/2020\/08\/2016km_5-250x250.jpg\" class=\"ggImg\" alt=\"Kochm\u00fctzen 2018\" title=\"Kr\u00e4uter wiegen\" data-description=\"Kr\u00e4uter wiegen\" data-caption=\"2016km_5\" data-title=\"2016km_5\" style=\" width:250px; height:250px;\" \/><\/div><FIGCAPTION class=\"\" data-alpha=\"5\" style=\"color:#ffffff; background-color:#6f0000; font-size:140; text-align:left; font-family:Default;\" ><div class=\"grid-gallery-figcaption-wrap\" style=\"\"><\/div><\/FIGCAPTION><\/FIGURE><FIGURE class=\"grid-gallery-caption\" data-grid-gallery-type=\"quarter-slide-up\" data-index=\"4\" style=\"display:none;border-radius:00;; margin:5.3px; width:2500;\" ><div class=\"crop\" style=\" width:2500; height:2500; overflow:hidden;\"><img decoding=\"async\" src=\"http:\/\/grundschule-badsoden.de\/wp-content\/uploads\/2020\/08\/2016km_7-250x250.jpg\" class=\"ggImg\" alt=\"Kochm\u00fctzen 2018\" title=\"Sport mit der Physiotherapeutin\" data-description=\"Sport mit der Physiotherapeutin\" data-caption=\"2016km_7\" data-title=\"2016km_7\" style=\" width:250px; height:250px;\" \/><\/div><FIGCAPTION class=\"\" data-alpha=\"5\" style=\"color:#ffffff; background-color:#6f0000; font-size:140; text-align:left; font-family:Default;\" ><div class=\"grid-gallery-figcaption-wrap\" style=\"\"><\/div><\/FIGCAPTION><\/FIGURE><FIGURE class=\"grid-gallery-caption\" data-grid-gallery-type=\"quarter-slide-up\" data-index=\"5\" style=\"display:none;border-radius:00;; margin:5.3px; width:2500;\" ><div class=\"crop\" style=\" width:2500; height:2500; overflow:hidden;\"><img decoding=\"async\" src=\"http:\/\/grundschule-badsoden.de\/wp-content\/uploads\/2020\/08\/2016km_12-250x250.jpg\" class=\"ggImg\" alt=\"Kochm\u00fctzen 2018\" title=\"Brei stampfen\" data-description=\"Brei stampfen\" data-caption=\"2016km_12\" data-title=\"2016km_12\" style=\" width:250px; height:250px;\" \/><\/div><FIGCAPTION class=\"\" data-alpha=\"5\" style=\"color:#ffffff; background-color:#6f0000; font-size:140; text-align:left; font-family:Default;\" ><div class=\"grid-gallery-figcaption-wrap\" style=\"\"><\/div><\/FIGCAPTION><\/FIGURE><FIGURE class=\"grid-gallery-caption\" data-grid-gallery-type=\"quarter-slide-up\" data-index=\"6\" style=\"display:none;border-radius:00;; margin:5.3px; width:2500;\" ><div class=\"crop\" style=\" width:2500; height:2500; overflow:hidden;\"><img decoding=\"async\" src=\"http:\/\/grundschule-badsoden.de\/wp-content\/uploads\/2020\/08\/2016km_15-250x250.jpg\" class=\"ggImg\" alt=\"Kochm\u00fctzen 2018\" title=\"Hmm, es schmeckt\" data-description=\"Hmm, es schmeckt\" data-caption=\"2016km_15\" data-title=\"2016km_15\" style=\" width:250px; height:250px;\" \/><\/div><FIGCAPTION class=\"\" data-alpha=\"5\" style=\"color:#ffffff; background-color:#6f0000; font-size:140; text-align:left; font-family:Default;\" ><div class=\"grid-gallery-figcaption-wrap\" style=\"\"><\/div><\/FIGCAPTION><\/FIGURE><FIGURE class=\"grid-gallery-caption\" data-grid-gallery-type=\"quarter-slide-up\" data-index=\"7\" style=\"display:none;border-radius:00;; margin:5.3px; width:2500;\" ><div class=\"crop\" style=\" width:2500; height:2500; overflow:hidden;\"><img decoding=\"async\" src=\"http:\/\/grundschule-badsoden.de\/wp-content\/uploads\/2020\/08\/2016km_16-250x250.jpg\" class=\"ggImg\" alt=\"Kochm\u00fctzen 2018\" title=\"Und diesen Damen auch\" data-description=\"Und diesen Damen auch\" data-caption=\"2016km_16\" data-title=\"2016km_16\" style=\" width:250px; height:250px;\" \/><\/div><FIGCAPTION class=\"\" data-alpha=\"5\" style=\"color:#ffffff; background-color:#6f0000; font-size:140; text-align:left; font-family:Default;\" ><div class=\"grid-gallery-figcaption-wrap\" style=\"\"><\/div><\/FIGCAPTION><\/FIGURE><FIGURE class=\"grid-gallery-caption\" data-grid-gallery-type=\"quarter-slide-up\" data-index=\"8\" style=\"display:none;border-radius:00;; margin:5.3px; width:2500;\" ><div class=\"crop\" style=\" width:2500; height:2500; overflow:hidden;\"><img decoding=\"async\" src=\"http:\/\/grundschule-badsoden.de\/wp-content\/uploads\/2020\/08\/2016km_29-250x250.jpg\" class=\"ggImg\" alt=\"Kochm\u00fctzen 2018\" title=\"Herr Stein stellt Kartoffeln vor\" data-description=\"Herr Stein stellt Kartoffeln vor\" data-caption=\"Klasse 4a in der Knappschaftsklink, Thema &quot; Kartoffel&quot;\" data-title=\"2016km_29\" style=\" width:250px; height:250px;\" \/><\/div><FIGCAPTION class=\"\" data-alpha=\"5\" style=\"color:#ffffff; background-color:#6f0000; font-size:140; text-align:left; font-family:Default;\" ><div class=\"grid-gallery-figcaption-wrap\" style=\"\"><\/div><\/FIGCAPTION><\/FIGURE><FIGURE class=\"grid-gallery-caption\" data-grid-gallery-type=\"quarter-slide-up\" data-index=\"9\" style=\"display:none;border-radius:00;; margin:5.3px; width:2500;\" ><div class=\"crop\" style=\" width:2500; height:2500; overflow:hidden;\"><img decoding=\"async\" src=\"http:\/\/grundschule-badsoden.de\/wp-content\/uploads\/2020\/08\/2016km_32-250x250.jpg\" class=\"ggImg\" alt=\"Kochm\u00fctzen 2018\" title=\"Kartoffeln reiben\" data-description=\"Kartoffeln reiben\" data-caption=\"2016km_32\" data-title=\"2016km_32\" style=\" width:250px; height:250px;\" \/><\/div><FIGCAPTION class=\"\" data-alpha=\"5\" style=\"color:#ffffff; background-color:#6f0000; font-size:140; text-align:left; font-family:Default;\" ><div class=\"grid-gallery-figcaption-wrap\" style=\"\"><\/div><\/FIGCAPTION><\/FIGURE><FIGURE class=\"grid-gallery-caption\" data-grid-gallery-type=\"quarter-slide-up\" data-index=\"10\" style=\"display:none;border-radius:00;; margin:5.3px; width:2500;\" ><div class=\"crop\" style=\" width:2500; height:2500; overflow:hidden;\"><img decoding=\"async\" src=\"http:\/\/grundschule-badsoden.de\/wp-content\/uploads\/2020\/08\/2016km_36-250x250.jpg\" class=\"ggImg\" alt=\"Kochm\u00fctzen 2018\" title=\"Sport mit der Physiotherapeutin\" data-description=\"Sport mit der Physiotherapeutin\" data-caption=\"2016km_36\" data-title=\"2016km_36\" style=\" width:250px; height:250px;\" \/><\/div><FIGCAPTION class=\"\" data-alpha=\"5\" style=\"color:#ffffff; background-color:#6f0000; font-size:140; text-align:left; font-family:Default;\" ><div class=\"grid-gallery-figcaption-wrap\" style=\"\"><\/div><\/FIGCAPTION><\/FIGURE><FIGURE class=\"grid-gallery-caption\" data-grid-gallery-type=\"quarter-slide-up\" data-index=\"11\" style=\"display:none;border-radius:00;; margin:5.3px; width:2500;\" ><div class=\"crop\" style=\" width:2500; height:2500; overflow:hidden;\"><img decoding=\"async\" src=\"http:\/\/grundschule-badsoden.de\/wp-content\/uploads\/2020\/08\/2016km_41-250x250.jpg\" class=\"ggImg\" alt=\"Kochm\u00fctzen 2018\" title=\"Ein kleiner Vortrag\" data-description=\"Ein kleiner Vortrag\" data-caption=\"2016km_41\" data-title=\"2016km_41\" style=\" width:250px; height:250px;\" \/><\/div><FIGCAPTION class=\"\" data-alpha=\"5\" style=\"color:#ffffff; background-color:#6f0000; font-size:140; text-align:left; font-family:Default;\" ><div class=\"grid-gallery-figcaption-wrap\" style=\"\"><\/div><\/FIGCAPTION><\/FIGURE><FIGURE class=\"grid-gallery-caption\" data-grid-gallery-type=\"quarter-slide-up\" data-index=\"12\" style=\"display:none;border-radius:00;; margin:5.3px; width:2500;\" ><div class=\"crop\" style=\" width:2500; height:2500; overflow:hidden;\"><img decoding=\"async\" src=\"http:\/\/grundschule-badsoden.de\/wp-content\/uploads\/2020\/08\/2016km_42-250x250.jpg\" class=\"ggImg\" alt=\"Kochm\u00fctzen 2018\" title=\"Und die gedeckte Tafel\" data-description=\"Und die gedeckte Tafel\" data-caption=\"2016km_42\" data-title=\"2016km_42\" style=\" width:250px; height:250px;\" \/><\/div><FIGCAPTION class=\"\" data-alpha=\"5\" style=\"color:#ffffff; background-color:#6f0000; font-size:140; text-align:left; font-family:Default;\" ><div class=\"grid-gallery-figcaption-wrap\" style=\"\"><\/div><\/FIGCAPTION><\/FIGURE><FIGURE class=\"grid-gallery-caption\" data-grid-gallery-type=\"quarter-slide-up\" data-index=\"13\" style=\"display:none;border-radius:00;; margin:5.3px; width:2500;\" ><div class=\"crop\" style=\" width:2500; height:2500; overflow:hidden;\"><img decoding=\"async\" src=\"http:\/\/grundschule-badsoden.de\/wp-content\/uploads\/2020\/08\/2016km_43-250x250.jpg\" class=\"ggImg\" alt=\"Kochm\u00fctzen 2018\" title=\"Lecker!\" data-description=\"Lecker!\" data-caption=\"2016km_43\" data-title=\"2016km_43\" style=\" width:250px; height:250px;\" \/><\/div><FIGCAPTION class=\"\" data-alpha=\"5\" style=\"color:#ffffff; background-color:#6f0000; font-size:140; text-align:left; font-family:Default;\" ><div class=\"grid-gallery-figcaption-wrap\" style=\"\"><\/div><\/FIGCAPTION><\/FIGURE><FIGURE class=\"grid-gallery-caption\" data-grid-gallery-type=\"quarter-slide-up\" data-index=\"14\" style=\"display:none;border-radius:00;; margin:5.3px; width:2500;\" ><div class=\"crop\" style=\" width:2500; height:2500; overflow:hidden;\"><img decoding=\"async\" src=\"http:\/\/grundschule-badsoden.de\/wp-content\/uploads\/2020\/08\/2016km_53-250x250.jpg\" class=\"ggImg\" alt=\"Kochm\u00fctzen 2018\" title=\"Erwartungsvoll\" data-description=\"Erwartungsvoll\" data-caption=\"Klasse 3a in der Salztalklinik\" data-title=\"2016km_53\" style=\" width:250px; height:250px;\" \/><\/div><FIGCAPTION class=\"\" data-alpha=\"5\" style=\"color:#ffffff; background-color:#6f0000; font-size:140; text-align:left; font-family:Default;\" ><div class=\"grid-gallery-figcaption-wrap\" style=\"\"><\/div><\/FIGCAPTION><\/FIGURE><FIGURE class=\"grid-gallery-caption\" data-grid-gallery-type=\"quarter-slide-up\" data-index=\"15\" style=\"display:none;border-radius:00;; margin:5.3px; width:2500;\" ><div class=\"crop\" style=\" width:2500; height:2500; overflow:hidden;\"><img decoding=\"async\" src=\"http:\/\/grundschule-badsoden.de\/wp-content\/uploads\/2020\/08\/2016km_54-250x250.jpg\" class=\"ggImg\" alt=\"Kochm\u00fctzen 2018\" title=\"Mit dem K\u00fcchenchef und der Di\u00e4tassistentin\" data-description=\"Mit dem K\u00fcchenchef und der Di\u00e4tassistentin\" data-caption=\"2016km_54\" data-title=\"2016km_54\" style=\" width:250px; height:250px;\" \/><\/div><FIGCAPTION class=\"\" data-alpha=\"5\" style=\"color:#ffffff; background-color:#6f0000; font-size:140; text-align:left; font-family:Default;\" ><div class=\"grid-gallery-figcaption-wrap\" style=\"\"><\/div><\/FIGCAPTION><\/FIGURE><FIGURE class=\"grid-gallery-caption\" data-grid-gallery-type=\"quarter-slide-up\" data-index=\"16\" style=\"display:none;border-radius:00;; margin:5.3px; width:2500;\" ><div class=\"crop\" style=\" width:2500; height:2500; overflow:hidden;\"><img decoding=\"async\" src=\"http:\/\/grundschule-badsoden.de\/wp-content\/uploads\/2020\/08\/2016km_58-250x250.jpg\" class=\"ggImg\" alt=\"Kochm\u00fctzen 2018\" title=\"Es schmeckt auch hier\" data-description=\"Es schmeckt auch hier\" data-caption=\"2016km_58\" data-title=\"2016km_58\" style=\" width:250px; height:250px;\" \/><\/div><FIGCAPTION class=\"\" data-alpha=\"5\" style=\"color:#ffffff; background-color:#6f0000; font-size:140; text-align:left; font-family:Default;\" ><div class=\"grid-gallery-figcaption-wrap\" style=\"\"><\/div><\/FIGCAPTION><\/FIGURE> <div class=\"grid-gallery-clearfix\"><\/div> <\/div> <div class=\"gallery-sharing-bottom\" style=\"display:none;\"> <\/div> <div class=\"gallery-sharing-image\" style=\"display:none;\"> <\/div> <div class=\"gallery-sharing-popup\" style=\"display:none;\"> <\/div> <div class=\"grid-gallery-clearfix\"><\/div> <\/div> <!-- Gallery by Supsystic plugin1.15.32 --><a title=\"WordPress Photo Gallery Plugin\" style=\"display:none;\" href=\"https:\/\/supsystic.com\/plugins\/photo-gallery\/?utm_medium=love_link\" target=\"_blank\">WordPress Photo Gallery Plugin<\/a>\n","protected":false},"excerpt":{"rendered":"<p>Die Median Kinzigtalklinik betreut die Klassen 1a und 1b.Die Klinik St Marien ist die Patenklinik f\u00fcr die Klassen 2a und 2b.Die Klasse 3a geht in die Salztalklinik, ebenso die Klasse [&hellip;]<\/p>\n","protected":false},"author":1,"featured_media":0,"parent":0,"menu_order":0,"comment_status":"closed","ping_status":"closed","template":"","meta":{"footnotes":""},"class_list":["post-405","page","type-page","status-publish","hentry"],"_links":{"self":[{"href":"https:\/\/grundschule-badsoden.de\/index.php\/wp-json\/wp\/v2\/pages\/405","targetHints":{"allow":["GET"]}}],"collection":[{"href":"https:\/\/grundschule-badsoden.de\/index.php\/wp-json\/wp\/v2\/pages"}],"about":[{"href":"https:\/\/grundschule-badsoden.de\/index.php\/wp-json\/wp\/v2\/types\/page"}],"author":[{"embeddable":true,"href":"https:\/\/grundschule-badsoden.de\/index.php\/wp-json\/wp\/v2\/users\/1"}],"replies":[{"embeddable":true,"href":"https:\/\/grundschule-badsoden.de\/index.php\/wp-json\/wp\/v2\/comments?post=405"}],"version-history":[{"count":0,"href":"https:\/\/grundschule-badsoden.de\/index.php\/wp-json\/wp\/v2\/pages\/405\/revisions"}],"wp:attachment":[{"href":"https:\/\/grundschule-badsoden.de\/index.php\/wp-json\/wp\/v2\/media?parent=405"}],"curies":[{"name":"wp","href":"https:\/\/api.w.org\/{rel}","templated":true}]}}