{"id":41,"date":"2020-05-22T15:24:05","date_gmt":"2020-05-22T13:24:05","guid":{"rendered":"http:\/\/grundschule-badsoden.de\/?page_id=41"},"modified":"2020-10-04T11:46:43","modified_gmt":"2020-10-04T09:46:43","slug":"sponsoren","status":"publish","type":"page","link":"https:\/\/grundschule-badsoden.de\/index.php\/sponsoren\/","title":{"rendered":"Sponsoren"},"content":{"rendered":"\n<p>&#8211; <a href=\"http:\/\/grundschule-badsoden.de\/Aktuelles\">F\u00f6rderv<\/a><a href=\"http:\/\/grundschule-badsoden.de\/aktuelles\">erein der Grundschule an der Salz<\/a><br>&#8211; <a href=\"http:\/\/www.nfg-mkk.de\/\">Netzwerk f\u00fcr Gesundheit Main-Kinzig<\/a><br>&#8211; <a href=\"http:\/\/www.steinbach-partner.com\/\">Firma Steinbach und Partner<\/a><br>&#8211; <a href=\"http:\/\/www.edv-schule.net\/\">EDV-Schule Heil<\/a><br>&#8211; <a rel=\"noreferrer noopener\" href=\"http:\/\/www.fotofreund.de\" target=\"_blank\">Fotofreund Schl\u00fcchtern<\/a><\/p>\n\n\n\n<p><\/p>\n","protected":false},"excerpt":{"rendered":"<p>&#8211; F\u00f6rderverein der Grundschule an der Salz&#8211; Netzwerk f\u00fcr Gesundheit Main-Kinzig&#8211; Firma Steinbach und Partner&#8211; EDV-Schule Heil&#8211; Fotofreund Schl\u00fcchtern<\/p>\n","protected":false},"author":1,"featured_media":0,"parent":0,"menu_order":0,"comment_status":"closed","ping_status":"closed","template":"","meta":{"footnotes":""},"class_list":["post-41","page","type-page","status-publish","hentry"],"_links":{"self":[{"href":"https:\/\/grundschule-badsoden.de\/index.php\/wp-json\/wp\/v2\/pages\/41","targetHints":{"allow":["GET"]}}],"collection":[{"href":"https:\/\/grundschule-badsoden.de\/index.php\/wp-json\/wp\/v2\/pages"}],"about":[{"href":"https:\/\/grundschule-badsoden.de\/index.php\/wp-json\/wp\/v2\/types\/page"}],"author":[{"embeddable":true,"href":"https:\/\/grundschule-badsoden.de\/index.php\/wp-json\/wp\/v2\/users\/1"}],"replies":[{"embeddable":true,"href":"https:\/\/grundschule-badsoden.de\/index.php\/wp-json\/wp\/v2\/comments?post=41"}],"version-history":[{"count":0,"href":"https:\/\/grundschule-badsoden.de\/index.php\/wp-json\/wp\/v2\/pages\/41\/revisions"}],"wp:attachment":[{"href":"https:\/\/grundschule-badsoden.de\/index.php\/wp-json\/wp\/v2\/media?parent=41"}],"curies":[{"name":"wp","href":"https:\/\/api.w.org\/{rel}","templated":true}]}}