{"id":410,"date":"2020-06-08T12:28:18","date_gmt":"2020-06-08T10:28:18","guid":{"rendered":"http:\/\/grundschule-badsoden.de\/?page_id=410"},"modified":"2020-08-03T10:30:17","modified_gmt":"2020-08-03T08:30:17","slug":"kochmuetzen-2020-2","status":"publish","type":"page","link":"https:\/\/grundschule-badsoden.de\/index.php\/kochmuetzen-2020-2\/","title":{"rendered":"Kochm\u00fctzen 2020"},"content":{"rendered":"\n<p>Die Klinik Bellevue betreut die Klasse 2a und die Klinik Lohrey die Klasse 2b.<br>Die Median Kinzigtalklinik betreut die Klassen 3a und 3b.<br>Die Klinik St Marien ist die Patenklinik f\u00fcr die Klassen 4a und 4b.<br>Die Knappschaftsklinik \u00fcbernimmt die Klasse 1a.<\/p>\n\n\n\n<p>Jede Klinik f\u00fchrt mit den Klassen meist zwei Projekte zum Thema Gesunde Ern\u00e4hrung durch.<br>Das kann z.B. sein:<br>Gesundes Fr\u00fchst\u00fcck mit Obst und Gem\u00fcse<br>Rund um das Ei<br>Alles mit Milch<br>Viele verschiedene leckere Sachen aus Getreide<br>und vieles mehr<\/p>\n\n\n\n<p>Seit dem Schuljahr 2012\/2013 findet j\u00e4hrlich ein Mal-Wettbewerb, organisiert vom Netzwerk f\u00fcr Gesundheit, statt, an dem alle &#8222;Kochm\u00fctzen&#8220; (alle Kinder der Grundschule an der Salz) teilnehmen. Auf die vier Gewinner (aus jedem Jahrgang wird das beste Bild ausgew\u00e4hlt), warten tolle Preise.<\/p>\n\n\n\n<p>Im Folgenden Bilder der Klasse 2a in der Klinik Bellevue; Thema &#8222;Weihnachtsgeb\u00e4ck in verschiedenen L\u00e4ndern.&#8220; Weitere  Veranstaltungen mit anderen Klassen gab es wegen der Corona-Pandemie in diesem Schuljahr nicht. <\/p>\n\n\n\n<div id=\"grid-gallery-17-9870\" data-gg-id=\"17\" data-title=\"Kochm\u00fctzen 2020\" data-grid-type=\"0\" data-offset=\"5.3\" data-area-position=\"center\" data-icons=\"\" data-preloader=\"true\" data-width=\"250\" data-height=\"250\" data-padding=\"0\" data-quicksand=\"disabled\" data-quicksand-duration=\"none\" data-popup-theme=\"theme_6\" data-popup-type=\"pretty-photo\" data-popup-image-text=\"data-description\" data-popup-widthsize=\"auto\" data-popup-heightsize=\"auto\" data-popup-i18n-words=\"{&quot;close&quot;:&quot;schlie\\u00dfen&quot;,&quot;next&quot;:&quot;n\\u00e4chste&quot;,&quot;previous&quot;:&quot;vorherige&quot;,&quot;start_slideshow&quot;:&quot;Starte Slideshow&quot;,&quot;stop_slideshow&quot;:&quot;Stoppe Slideshow&quot;,&quot;image&quot;:&quot;Bild&quot;,&quot;of&quot;:&quot;von&quot;,&quot;prev&quot;:&quot;vorherige&quot;,&quot;cExpand&quot;:&quot;Erweitere&quot;,&quot;cPrevious&quot;:&quot;Vorheriges&quot;,&quot;cNext&quot;:&quot;N\\u00e4chstes&quot;,&quot;cExpandStr&quot;:&quot;Erweitere Bild&quot;,&quot;cRotate&quot;:&quot;Rotate&quot;,&quot;cDetails&quot;:&quot;Details&quot;}\" data-popup-slideshow=\"false\" data-popup-slideshow-speed=\"2500\" data-popup-hoverstop=\"true\" data-popup-slideshow-auto=\"false\" data-popup-background=\"\" data-popup-transparency=\"30\" data-popup-disable-history=\"\" data-popup-disable-changed-url=\"\" data-popup-border-type=\"solid\" data-popup-border-color=\"\" data-popup-border-width=\"\" data-popup-border-enable=\"\" data-fullscreen=\"false\" data-hide-tooltip=\"false\" data-caption-font-family=\"Default\" data-caption-text-size=\"140\" data-is-mobile=\"0\" data-caption-mobile=\"false\" data-hide-long-tltp-title=\"0\" data-caption-disabled-on-mobile=\"false\" data-popup-placement-type=\"0\" data-social-sharing=\"{&quot;enabled&quot;:&quot;&quot;,&quot;gallerySharing&quot;:{&quot;enabled&quot;:null,&quot;position&quot;:null},&quot;imageSharing&quot;:{&quot;enabled&quot;:null,&quot;wrapperClass&quot;:&quot; vertical &quot;},&quot;popupSharing&quot;:{&quot;enabled&quot;:null,&quot;wrapperClass&quot;:&quot; vertical &quot;}}\" class=\"grid-gallery grid-gallery-fixed \" style=\" width:100%; height:auto; margin-left:auto; margin-right:auto;position:relative;\"> <div class=\"gallery-loading\"> <div class=\"blocks\"> <div class=\"block\"><\/div> <div class=\"block\"><\/div> <div class=\"block\"><\/div> <div class=\"block\"><\/div> <\/div> <\/div> <div class=\"gallery-sharing-top\" style=\"display:none;\"> <\/div> <div id=\"photos-17\" class=\"grid-gallery-photos\"><FIGURE class=\"grid-gallery-caption\" data-grid-gallery-type=\"quarter-slide-up\" data-index=\"0\" style=\"display:none;border-radius:00;; margin:5.3px; width:2500;\" ><div class=\"crop\" style=\" width:2500; height:2500; overflow:hidden;\"><img decoding=\"async\" src=\"http:\/\/grundschule-badsoden.de\/wp-content\/uploads\/2020\/08\/km2019_1-250x250.jpg\" class=\"ggImg\" alt=\"Kochm\u00fctzen 2020\" title=\"Frau Klug (Di\u00e4tassistentin) zeigt Gew\u00fcrze\" data-description=\"Frau Klug (Di\u00e4tassistentin) zeigt Gew\u00fcrze\" data-caption=\"Klasse 2a in der Klinik Bellevue Thema: Weihnachts- geb\u00e4ck in verschiedenen L\u00e4ndern\" data-title=\"km2019_1\" style=\" width:250px; height:250px;\" \/><\/div><FIGCAPTION class=\"\" data-alpha=\"5\" style=\"color:#ffffff; background-color:#6f0000; font-size:140; text-align:left; font-family:Default;\" ><div class=\"grid-gallery-figcaption-wrap\" style=\"\"><\/div><\/FIGCAPTION><\/FIGURE><FIGURE class=\"grid-gallery-caption\" data-grid-gallery-type=\"quarter-slide-up\" data-index=\"1\" style=\"display:none;border-radius:00;; margin:5.3px; width:2500;\" ><div class=\"crop\" style=\" width:2500; height:2500; overflow:hidden;\"><img decoding=\"async\" src=\"http:\/\/grundschule-badsoden.de\/wp-content\/uploads\/2020\/08\/km2019_4-250x250.jpg\" class=\"ggImg\" alt=\"Kochm\u00fctzen 2020\" title=\"Backen mit Frau Herrpich (Di\u00e4tassistentin)\" data-description=\"Backen mit Frau Herrpich (Di\u00e4tassistentin)\" data-caption=\"km2019_4\" data-title=\"km2019_4\" style=\" width:250px; height:250px;\" \/><\/div><FIGCAPTION class=\"\" data-alpha=\"5\" style=\"color:#ffffff; background-color:#6f0000; font-size:140; text-align:left; font-family:Default;\" ><div class=\"grid-gallery-figcaption-wrap\" style=\"\"><\/div><\/FIGCAPTION><\/FIGURE><FIGURE class=\"grid-gallery-caption\" data-grid-gallery-type=\"quarter-slide-up\" data-index=\"2\" style=\"display:none;border-radius:00;; margin:5.3px; width:2500;\" ><div class=\"crop\" style=\" width:2500; height:2500; overflow:hidden;\"><img decoding=\"async\" src=\"http:\/\/grundschule-badsoden.de\/wp-content\/uploads\/2020\/08\/km2019_5-250x250.jpg\" class=\"ggImg\" alt=\"Kochm\u00fctzen 2020\" title=\"Zubereitung...\" data-description=\"Zubereitung...\" data-caption=\"km2019_5\" data-title=\"km2019_5\" style=\" width:250px; height:250px;\" \/><\/div><FIGCAPTION class=\"\" data-alpha=\"5\" style=\"color:#ffffff; background-color:#6f0000; font-size:140; text-align:left; font-family:Default;\" ><div class=\"grid-gallery-figcaption-wrap\" style=\"\"><\/div><\/FIGCAPTION><\/FIGURE><FIGURE class=\"grid-gallery-caption\" data-grid-gallery-type=\"quarter-slide-up\" data-index=\"3\" style=\"display:none;border-radius:00;; margin:5.3px; width:2500;\" ><div class=\"crop\" style=\" width:2500; height:2500; overflow:hidden;\"><img decoding=\"async\" src=\"http:\/\/grundschule-badsoden.de\/wp-content\/uploads\/2020\/08\/km2019_6-250x250.jpg\" class=\"ggImg\" alt=\"Kochm\u00fctzen 2020\" title=\"...verschiedener...\" data-description=\"...verschiedener...\" data-caption=\"km2019_6\" data-title=\"km2019_6\" style=\" width:250px; height:250px;\" \/><\/div><FIGCAPTION class=\"\" data-alpha=\"5\" style=\"color:#ffffff; background-color:#6f0000; font-size:140; text-align:left; font-family:Default;\" ><div class=\"grid-gallery-figcaption-wrap\" style=\"\"><\/div><\/FIGCAPTION><\/FIGURE><FIGURE class=\"grid-gallery-caption\" data-grid-gallery-type=\"quarter-slide-up\" data-index=\"4\" style=\"display:none;border-radius:00;; margin:5.3px; width:2500;\" ><div class=\"crop\" style=\" width:2500; height:2500; overflow:hidden;\"><img decoding=\"async\" src=\"http:\/\/grundschule-badsoden.de\/wp-content\/uploads\/2020\/08\/km2019_7-250x250.jpg\" class=\"ggImg\" alt=\"Kochm\u00fctzen 2020\" title=\"...Backwaren aus...\" data-description=\"...Backwaren aus...\" data-caption=\"km2019_7\" data-title=\"km2019_7\" style=\" width:250px; height:250px;\" \/><\/div><FIGCAPTION class=\"\" data-alpha=\"5\" style=\"color:#ffffff; background-color:#6f0000; font-size:140; text-align:left; font-family:Default;\" ><div class=\"grid-gallery-figcaption-wrap\" style=\"\"><\/div><\/FIGCAPTION><\/FIGURE><FIGURE class=\"grid-gallery-caption\" data-grid-gallery-type=\"quarter-slide-up\" data-index=\"5\" style=\"display:none;border-radius:00;; margin:5.3px; width:2500;\" ><div class=\"crop\" style=\" width:2500; height:2500; overflow:hidden;\"><img decoding=\"async\" src=\"http:\/\/grundschule-badsoden.de\/wp-content\/uploads\/2020\/08\/km2019_8-250x250.jpg\" class=\"ggImg\" alt=\"Kochm\u00fctzen 2020\" title=\"...verschiedenen L\u00e4ndern\" data-description=\"...verschiedenen L\u00e4ndern\" data-caption=\"km2019_8\" data-title=\"km2019_8\" style=\" width:250px; height:250px;\" \/><\/div><FIGCAPTION class=\"\" data-alpha=\"5\" style=\"color:#ffffff; background-color:#6f0000; font-size:140; text-align:left; font-family:Default;\" ><div class=\"grid-gallery-figcaption-wrap\" style=\"\"><\/div><\/FIGCAPTION><\/FIGURE><FIGURE class=\"grid-gallery-caption\" data-grid-gallery-type=\"quarter-slide-up\" data-index=\"6\" style=\"display:none;border-radius:00;; margin:5.3px; width:2500;\" ><div class=\"crop\" style=\" width:2500; height:2500; overflow:hidden;\"><img decoding=\"async\" src=\"http:\/\/grundschule-badsoden.de\/wp-content\/uploads\/2020\/08\/km2019_9-250x250.jpg\" class=\"ggImg\" alt=\"Kochm\u00fctzen 2020\" title=\"Unter Anleitung der...\" data-description=\"Unter Anleitung der...\" data-caption=\"km2019_9\" data-title=\"km2019_9\" style=\" width:250px; height:250px;\" \/><\/div><FIGCAPTION class=\"\" data-alpha=\"5\" style=\"color:#ffffff; background-color:#6f0000; font-size:140; text-align:left; font-family:Default;\" ><div class=\"grid-gallery-figcaption-wrap\" style=\"\"><\/div><\/FIGCAPTION><\/FIGURE><FIGURE class=\"grid-gallery-caption\" data-grid-gallery-type=\"quarter-slide-up\" data-index=\"7\" style=\"display:none;border-radius:00;; margin:5.3px; width:2500;\" ><div class=\"crop\" style=\" width:2500; height:2500; overflow:hidden;\"><img decoding=\"async\" src=\"http:\/\/grundschule-badsoden.de\/wp-content\/uploads\/2020\/08\/km2019_10-250x250.jpg\" class=\"ggImg\" alt=\"Kochm\u00fctzen 2020\" title=\"...Di\u00e4tassistentinnen\" data-description=\"...Di\u00e4tassistentinnen\" data-caption=\"km2019_10\" data-title=\"km2019_10\" style=\" width:250px; height:250px;\" \/><\/div><FIGCAPTION class=\"\" data-alpha=\"5\" style=\"color:#ffffff; background-color:#6f0000; font-size:140; text-align:left; font-family:Default;\" ><div class=\"grid-gallery-figcaption-wrap\" style=\"\"><\/div><\/FIGCAPTION><\/FIGURE><FIGURE class=\"grid-gallery-caption\" data-grid-gallery-type=\"quarter-slide-up\" data-index=\"8\" style=\"display:none;border-radius:00;; margin:5.3px; width:2500;\" ><div class=\"crop\" style=\" width:2500; height:2500; overflow:hidden;\"><img decoding=\"async\" src=\"http:\/\/grundschule-badsoden.de\/wp-content\/uploads\/2020\/08\/km2019_16-250x250.jpg\" class=\"ggImg\" alt=\"Kochm\u00fctzen 2020\" title=\"Bewegung in der Turnhalle mit Herrn M\u00f6ller (Physiotherapeut)\" data-description=\"Bewegung in der Turnhalle mit Herrn M\u00f6ller (Physiotherapeut)\" data-caption=\"km2019_16\" data-title=\"km2019_16\" style=\" width:250px; height:250px;\" \/><\/div><FIGCAPTION class=\"\" data-alpha=\"5\" style=\"color:#ffffff; background-color:#6f0000; font-size:140; text-align:left; font-family:Default;\" ><div class=\"grid-gallery-figcaption-wrap\" style=\"\"><\/div><\/FIGCAPTION><\/FIGURE><FIGURE class=\"grid-gallery-caption\" data-grid-gallery-type=\"quarter-slide-up\" data-index=\"9\" style=\"display:none;border-radius:00;; margin:5.3px; width:2500;\" ><div class=\"crop\" style=\" width:2500; height:2500; overflow:hidden;\"><img decoding=\"async\" src=\"http:\/\/grundschule-badsoden.de\/wp-content\/uploads\/2020\/08\/km2019_17-250x250.jpg\" class=\"ggImg\" alt=\"Kochm\u00fctzen 2020\" title=\"Und alles darf probiert werden\" data-description=\"Und alles darf probiert werden\" data-caption=\"km2019_17\" data-title=\"km2019_17\" style=\" width:250px; height:250px;\" \/><\/div><FIGCAPTION class=\"\" data-alpha=\"5\" style=\"color:#ffffff; background-color:#6f0000; font-size:140; text-align:left; font-family:Default;\" ><div class=\"grid-gallery-figcaption-wrap\" style=\"\"><\/div><\/FIGCAPTION><\/FIGURE> <div class=\"grid-gallery-clearfix\"><\/div> <\/div> <div class=\"gallery-sharing-bottom\" style=\"display:none;\"> <\/div> <div class=\"gallery-sharing-image\" style=\"display:none;\"> <\/div> <div class=\"gallery-sharing-popup\" style=\"display:none;\"> <\/div> <div class=\"grid-gallery-clearfix\"><\/div> <\/div> <!-- Gallery by Supsystic plugin1.16.0 --><a title=\"WordPress Photo Gallery Plugin\" style=\"display:none;\" href=\"https:\/\/supsystic.com\/plugins\/photo-gallery\/?utm_medium=love_link\" target=\"_blank\">WordPress Photo Gallery Plugin<\/a>\n","protected":false},"excerpt":{"rendered":"<p>Die Klinik Bellevue betreut die Klasse 2a und die Klinik Lohrey die Klasse 2b.Die Median Kinzigtalklinik betreut die Klassen 3a und 3b.Die Klinik St Marien ist die Patenklinik f\u00fcr die [&hellip;]<\/p>\n","protected":false},"author":1,"featured_media":0,"parent":0,"menu_order":0,"comment_status":"closed","ping_status":"closed","template":"","meta":{"footnotes":""},"class_list":["post-410","page","type-page","status-publish","hentry"],"_links":{"self":[{"href":"https:\/\/grundschule-badsoden.de\/index.php\/wp-json\/wp\/v2\/pages\/410","targetHints":{"allow":["GET"]}}],"collection":[{"href":"https:\/\/grundschule-badsoden.de\/index.php\/wp-json\/wp\/v2\/pages"}],"about":[{"href":"https:\/\/grundschule-badsoden.de\/index.php\/wp-json\/wp\/v2\/types\/page"}],"author":[{"embeddable":true,"href":"https:\/\/grundschule-badsoden.de\/index.php\/wp-json\/wp\/v2\/users\/1"}],"replies":[{"embeddable":true,"href":"https:\/\/grundschule-badsoden.de\/index.php\/wp-json\/wp\/v2\/comments?post=410"}],"version-history":[{"count":0,"href":"https:\/\/grundschule-badsoden.de\/index.php\/wp-json\/wp\/v2\/pages\/410\/revisions"}],"wp:attachment":[{"href":"https:\/\/grundschule-badsoden.de\/index.php\/wp-json\/wp\/v2\/media?parent=410"}],"curies":[{"name":"wp","href":"https:\/\/api.w.org\/{rel}","templated":true}]}}