{"id":45,"date":"2020-05-22T15:30:32","date_gmt":"2020-05-22T13:30:32","guid":{"rendered":"http:\/\/grundschule-badsoden.de\/?page_id=45"},"modified":"2025-10-01T17:27:35","modified_gmt":"2025-10-01T15:27:35","slug":"oeffnungszeiten","status":"publish","type":"page","link":"https:\/\/grundschule-badsoden.de\/index.php\/oeffnungszeiten\/","title":{"rendered":"\u00d6ffnungszeiten"},"content":{"rendered":"\n<p>Unser Schulvormittag beginnt in der Regel um <strong>7.45 Uhr<\/strong> und <strong>endet sp\u00e4testens um 13.10 Uhr.<\/strong><br><br>Die Kinder der 1. und 2. Klasse werden nie ohne vorherige Information an die Eltern fr\u00fcher nach Hause geschickt (Ausnahme Hitzefrei!). Die Sch\u00fcler der 3. und 4. Klasse k\u00f6nnen ohne vorherige Information der Eltern nach Hause geschickt werden, sofern nicht die &#8222;Verl\u00e4ssliche Schule&#8220; greift. Ausfallen k\u00f6nnen zum Beispiel AG-Stunden und F\u00f6rderkurse. Deshalb bitten wir Sie darum, mit Ihrem Kind dar\u00fcber zu reden, wie es sich in einem solchem Fall verhalten soll.<br><br>Der Schultag beginnt bei uns damit, dass die Kinder bereits <strong>ab 7.45 Uhr<\/strong> in ihre Klassenr\u00e4ume k\u00f6nnen. Dort d\u00fcrfen sie spielen, lesen, sich unterhalten, usw., <strong>bis um 8.00 Uhr der Unterricht beginnt.<\/strong> Toben und Rennen ist aus Sicherheitsgr\u00fcnden nicht erlaubt. Durch diese Gleitzeit versuchen wir, den Schulanfang ruhiger zu gestalten und den Kindern Zeit zu geben, soziales Verhalten zu erlernen. Eine Kollegin hat in dieser Zeit Aufsicht im Pavillon und die Lehrer im Lehrerzimmer sind verantwortlich f\u00fcr das Hauptgeb\u00e4ude.<br><br>Wir haben mit dieser Art des Schulbeginns bisher sehr <strong>gute Erfahrungen<\/strong> gemacht, da die Kinder diese 15 Minuten sehr gerne angenommen haben, um sich mit ihren Mitsch\u00fclern zu treffen und auszutauschen.<\/p>\n\n\n\n<p>An AG-Tagen (momentan mittwochs und donnerstags) endet der Unterricht um 14:30 Uhr f\u00fcr alle Kinder, die an einer AG teilnehmen. Die AG-Kinder k\u00f6nnen in der Pause zwischen der 6. Stunde und der AG ein Mittagessen in der Betreuung bestellen oder ein selbst mitgebrachtes Essen verzehren.<\/p>\n\n\n\n<p><strong>Unsere Schulzeiten<\/strong><\/p>\n\n\n\n<div class=\"wp-block-columns is-layout-flex wp-container-core-columns-is-layout-9d6595d7 wp-block-columns-is-layout-flex\">\n<div class=\"wp-block-column is-layout-flow wp-block-column-is-layout-flow\" style=\"flex-basis:100%\">\n<figure class=\"wp-block-table\"><table><tbody><tr><td><strong>1. Stunde<\/strong><\/td><td><strong>8.00 Uhr bis 8.45 Uhr<\/strong><\/td><\/tr><tr><td><strong>2. Stunde<\/strong><\/td><td><strong>8.45 Uhr bis 9.30 Uhr<\/strong><\/td><\/tr><tr><td>Fr\u00fchst\u00fcckspause<\/td><td>9.30 Uhr bis 9.40 Uhr<br>Gemeinsames Fr\u00fchst\u00fcck im Klassenzimmer<\/td><\/tr><tr><td>Hofpause<\/td><td>9.40 Uhr bis 9.55 Uhr<\/td><\/tr><tr><td><strong>3. Stunde<\/strong><\/td><td><strong>9.55 Uhr bis 10.40 Uhr<\/strong><\/td><\/tr><tr><td><strong>4. Stunde<\/strong><\/td><td><strong>10.40 Uhr bis 11.25 Uhr<\/strong><\/td><\/tr><tr><td>Hofpause<\/td><td>11.25 Uhr bis 11.40 Uhr<\/td><\/tr><tr><td><strong>5. Stunde<\/strong><\/td><td><strong>11.40 Uhr bis 12.25 Uhr<\/strong><\/td><\/tr><tr><td><strong>6. Stunde<\/strong><\/td><td><strong>12.25 Uhr bis 13.10 Uhr<\/strong><\/td><\/tr><tr><td><\/td><td><\/td><\/tr><tr><td><strong>AG Stunde<\/strong><\/td><td><strong>13:30 Uhr bis 14:30 Uhr<\/strong><\/td><\/tr><\/tbody><\/table><\/figure>\n<\/div>\n<\/div>\n","protected":false},"excerpt":{"rendered":"<p>Unser Schulvormittag beginnt in der Regel um 7.45 Uhr und endet sp\u00e4testens um 13.10 Uhr. Die Kinder der 1. und 2. Klasse werden nie ohne vorherige Information an die Eltern [&hellip;]<\/p>\n","protected":false},"author":1,"featured_media":0,"parent":0,"menu_order":0,"comment_status":"closed","ping_status":"closed","template":"","meta":{"footnotes":""},"class_list":["post-45","page","type-page","status-publish","hentry"],"_links":{"self":[{"href":"https:\/\/grundschule-badsoden.de\/index.php\/wp-json\/wp\/v2\/pages\/45","targetHints":{"allow":["GET"]}}],"collection":[{"href":"https:\/\/grundschule-badsoden.de\/index.php\/wp-json\/wp\/v2\/pages"}],"about":[{"href":"https:\/\/grundschule-badsoden.de\/index.php\/wp-json\/wp\/v2\/types\/page"}],"author":[{"embeddable":true,"href":"https:\/\/grundschule-badsoden.de\/index.php\/wp-json\/wp\/v2\/users\/1"}],"replies":[{"embeddable":true,"href":"https:\/\/grundschule-badsoden.de\/index.php\/wp-json\/wp\/v2\/comments?post=45"}],"version-history":[{"count":0,"href":"https:\/\/grundschule-badsoden.de\/index.php\/wp-json\/wp\/v2\/pages\/45\/revisions"}],"wp:attachment":[{"href":"https:\/\/grundschule-badsoden.de\/index.php\/wp-json\/wp\/v2\/media?parent=45"}],"curies":[{"name":"wp","href":"https:\/\/api.w.org\/{rel}","templated":true}]}}