{"id":47,"date":"2020-05-22T15:30:59","date_gmt":"2020-05-22T13:30:59","guid":{"rendered":"http:\/\/grundschule-badsoden.de\/?page_id=47"},"modified":"2025-09-01T16:45:43","modified_gmt":"2025-09-01T14:45:43","slug":"schulfreie-zeiten","status":"publish","type":"page","link":"https:\/\/grundschule-badsoden.de\/index.php\/schulfreie-zeiten\/","title":{"rendered":"Schulfreie Zeiten"},"content":{"rendered":"\n<p>Um Ihnen Ihre pers\u00f6nliche Planung zu erleichtern,<br>m\u00f6chten wir Ihnen wichtige Termine f\u00fcr das Schuljahr 2025\/2026 bekannt geben.<\/p>\n\n\n\n<p><strong>\u00dcbersicht \u00fcber die schulfreien Zeiten des 1. Halbjahres 2025\/202<\/strong>6<\/p>\n\n\n\n<figure class=\"wp-block-table\"><table><tbody><tr><th>Datum<\/th><th>Tag<\/th><th>Betreff<\/th><th class=\"has-text-align-center\" data-align=\"center\">Uhrzeit<\/th><\/tr><tr><td><\/td><td><\/td><td><br><br><\/td><td class=\"has-text-align-center\" data-align=\"center\"><\/td><\/tr><tr><td><br>3.10.2025<br><\/td><td>Freitag<\/td><td>Tag der deutschen Einheit<\/td><td class=\"has-text-align-center\" data-align=\"center\">ganztags<\/td><\/tr><tr><td><br><\/td><td><\/td><td><\/td><td class=\"has-text-align-center\" data-align=\"center\"><\/td><\/tr><tr><td><br>2.10.2025<br><\/td><td>Freitag<\/td><td>Beginn der Herbstferien<br>Unterrichtsschluss f\u00fcr alle Kinder<\/td><td class=\"has-text-align-center\" data-align=\"center\">10:40 Uhr<\/td><\/tr><tr><td>19.12.2025<\/td><td>Freitag<\/td><td><br>Beginn der Weihnachtsferien<br>Unterrichtsschluss f\u00fcr alle Kinder<br><\/td><td class=\"has-text-align-center\" data-align=\"center\"><br>10:40 Uhr<\/td><\/tr><tr><td>30.01.2026<\/td><td>Freitag<\/td><td><br>Zeugnisausgabe, Ende 1. Halbjahr<br>Unterrichtsschluss f\u00fcr alle Kinder<br><\/td><td class=\"has-text-align-center\" data-align=\"center\"><br>10:40 Uhr<\/td><\/tr><\/tbody><\/table><\/figure>\n\n\n\n<p><strong>\u00dcbersicht \u00fcber die schulfreien Zeiten des 2. Halbjahres 2025\/202<\/strong>6<\/p>\n\n\n\n<figure class=\"wp-block-table\"><table><tbody><tr><th>Datum<\/th><th>Tag<\/th><th>Betreff<\/th><th>Uhrzeit<\/th><\/tr><tr><td>02.02.2026<\/td><td>Montag<\/td><td><br>Kennenlerntag der Schulanf\u00e4nger<br><\/td><td>ganztags<\/td><\/tr><tr><td>16.02.2026<\/td><td>Montag<\/td><td><br>Rosenmontag (Beweglicher Ferientag)<br><\/td><td>ganztags<\/td><\/tr><tr><td><br>17.02.26<br><\/td><td>Dienstag<\/td><td>Beweglicher Ferientag<\/td><td>ganztags<\/td><\/tr><tr><td>27.03.2026<\/td><td>Freitag<\/td><td><br>Beginn der Osterferien<br>Unterrichtsschluss f\u00fcr alle Kinder<br><\/td><td>10.40 Uhr<\/td><\/tr><tr><td>14.05.2026<\/td><td>Donnerstag<\/td><td><br>Christi Himmelfahrt<br><\/td><td>ganztags<\/td><\/tr><tr><td>15.05.2026<\/td><td>Freitag<\/td><td><br>Beweglicher Ferientag<br><\/td><td>ganztags<\/td><\/tr><tr><td>25.05.2026<\/td><td>Montag<\/td><td><br>Pfingstmontag<br><\/td><td>ganztags<\/td><\/tr><tr><td>4.06.2026<\/td><td>Donnerstag<\/td><td><br>Fronleichnam<br><\/td><td>ganztags<\/td><\/tr><tr><td>5.06.2026<\/td><td>Freitag<\/td><td><br>Beweglicher Ferientag<br><\/td><td>ganztags<\/td><\/tr><tr><td>26.06.2026<\/td><td>Freitag<\/td><td><br>Beginn der Sommerferien, Zeugnisausgabe<br>Unterrichtsschluss f\u00fcr alle Kinder<br><\/td><td><br>10.40 Uhr<\/td><\/tr><\/tbody><\/table><\/figure>\n\n\n\n<p>Herbstferien vom 2.10.2025 bis 17.10.2025<br>Weihnachtsferien vom 22.12.2025 bis 9.01.2026<br>Osterferien vom 27.03.2026 bis 10.04.2026<br>Sommerferien vom 26.06.2026 bis 7.8.2026<br><br><\/p>\n","protected":false},"excerpt":{"rendered":"<p>Um Ihnen Ihre pers\u00f6nliche Planung zu erleichtern,m\u00f6chten wir Ihnen wichtige Termine f\u00fcr das Schuljahr 2025\/2026 bekannt geben. \u00dcbersicht \u00fcber die schulfreien Zeiten des 1. Halbjahres 2025\/2026 Datum Tag Betreff Uhrzeit [&hellip;]<\/p>\n","protected":false},"author":1,"featured_media":0,"parent":0,"menu_order":0,"comment_status":"closed","ping_status":"closed","template":"","meta":{"footnotes":""},"class_list":["post-47","page","type-page","status-publish","hentry"],"_links":{"self":[{"href":"https:\/\/grundschule-badsoden.de\/index.php\/wp-json\/wp\/v2\/pages\/47","targetHints":{"allow":["GET"]}}],"collection":[{"href":"https:\/\/grundschule-badsoden.de\/index.php\/wp-json\/wp\/v2\/pages"}],"about":[{"href":"https:\/\/grundschule-badsoden.de\/index.php\/wp-json\/wp\/v2\/types\/page"}],"author":[{"embeddable":true,"href":"https:\/\/grundschule-badsoden.de\/index.php\/wp-json\/wp\/v2\/users\/1"}],"replies":[{"embeddable":true,"href":"https:\/\/grundschule-badsoden.de\/index.php\/wp-json\/wp\/v2\/comments?post=47"}],"version-history":[{"count":0,"href":"https:\/\/grundschule-badsoden.de\/index.php\/wp-json\/wp\/v2\/pages\/47\/revisions"}],"wp:attachment":[{"href":"https:\/\/grundschule-badsoden.de\/index.php\/wp-json\/wp\/v2\/media?parent=47"}],"curies":[{"name":"wp","href":"https:\/\/api.w.org\/{rel}","templated":true}]}}