{"id":52,"date":"2020-05-22T15:31:54","date_gmt":"2020-05-22T13:31:54","guid":{"rendered":"http:\/\/grundschule-badsoden.de\/?page_id=52"},"modified":"2020-06-15T15:54:29","modified_gmt":"2020-06-15T13:54:29","slug":"interessante-links","status":"publish","type":"page","link":"https:\/\/grundschule-badsoden.de\/index.php\/interessante-links\/","title":{"rendered":"Interessante Links und Adressen"},"content":{"rendered":"\n<figure class=\"wp-block-table\"><table><tbody><tr><td>Unter <a href=\"http:\/\/www.uvhg.de\/\">www.uvhg.de<\/a> finden Sie die Internetseite<br>des Ulrich-von-Hutten-Gymnasiums<\/td><td>Ulrich-von-Hutten-Gymnasium<br>Sekretariat<br>Im Kloster 1<br>36381 Schl\u00fcchtern<br>Tel.: 0 66 61 \/ 96 25 &#8211; 0<br>Fax: 0 66 61 \/ 96 25 &#8211; 99<\/td><\/tr><tr><td>Unter <a href=\"http:\/\/www.henry-harnischfeger-schule.de\/\">www.henry-harnischfeger-schule.de<\/a> finden Sie die Internetseite<br>der Henry-Harnischfeger-Schule in Salm\u00fcnster<\/td><td><br>Henry-Harnischfeger-Schule<br>Integrierte Gesamtschule<br>Frankfurter Str. 67<br>63628 Bad Soden- Salm\u00fcnster<br>Tel: 0 60 56 &#8211; 20 98 0<\/td><\/tr><tr><td>Unter <a href=\"http:\/\/www.bgs-steinau.de\/\">www.brueder-grimm-schule.de<\/a> finden Sie die Internetseite<br>der Br\u00fcder-Grimm-Schule in Steinau<\/td><td><br>Br\u00fcder-Grimm-Schule<br>Grund-, Haupt- und Realschule mit F\u00f6rderschule<br>Schlo\u00dfstr. 22<br>36396 Steinau an der Stra\u00dfe<br>Tel: 0 66 63 &#8211; 461<br>Fax: 0 66 63 &#8211; 91 96 03<\/td><\/tr><tr><td>Unter <a href=\"http:\/\/www.genth-schule.de\/\">www.genth-schule.de<\/a> finden Sie die Internetseite<br>der Friedrich-August-Genth-Schule in W\u00e4chtersbach<\/td><td><br>Friedrich-August-Genth-Schule<br>Kooperative Gesamtschule des Main-Kinzig-Kreises<br>Gelnh\u00e4user Str. 1-5<br>63607 W\u00e4chtersbach<br>Tel: 0 60 53 &#8211; 61 58 0<br>Fax: 0 60 53 &#8211; 61 58 46<br><\/td><\/tr><tr><td>Unter <a href=\"http:\/\/www.grimmels.de\/\">www.grimmels.de<\/a> finden Sie die Internetseite<br>des Grimmelshausen-Gymnasiums in Gelnhausen<\/td><td>Grimmelshausen Gymnasium<br>In der Aue 3<br>63571 Gelnhausen<br>Tel: 0 60 51 &#8211; 170 08<\/td><\/tr><tr><td>Unter <a href=\"http:\/\/www.stadtschule-schluechtern.de\/\">www.stadtschule-schluechtern.de<\/a> finden Sie die Internetseite<br>der Stadtschule in Schl\u00fcchtern<\/td><td><br>Stadtschule Schl\u00fcchtern<br>Haupt-und Realschule<br>Lotichiusstra\u00dfe 29<br>36381 Schl\u00fcchtern<\/td><\/tr><tr><td>Unter <a href=\"http:\/\/www.bergwinkel-bfz.schluechtern.schule.hessen.de\/\">www.bergwinkel-bfz.schluechtern.schule.hessen.de<\/a><br>finden Sie die Internetseite der Bergwinkelschule f\u00fcr Lernhilfe in Schl\u00fcchtern<\/td><td><br>Bergwinkelschule &#8211; BFZ<br>Schule f\u00fcr Lernhilfe<br>Struthweg 39<br>36381 Schl\u00fcchtern<br>Tel: 0 66 61 &#8211; 74 72 530<br>Fax: 0 66 61 &#8211; 74 72 540<\/td><\/tr><tr><td>Unter <a href=\"http:\/\/www.sprachheilschule-sinntal.de\/\">www.sprachheilschule-sinntal.de<\/a><br>finden Sie die Internetseite der Sprachheilschule in Sterbfritz<\/td><td><br>Bergwinkel-Sprachheilschule<br>Seemeweg 21<br>36391 Sinntal<br>Tel: 0 66 64 &#8211; 40 22 95<br>Fax: 0 66 64 &#8211; 40 22 96<\/td><\/tr><tr><td>Unter <a href=\"http:\/\/www.zkjf.de\/\">www.zkjf.de<\/a>finden Sie die Erziehungsberatungsstelle Gelnhausen<\/td><td><br>Beratungsstelle f\u00fcr Eltern, Kinder und Jugendliche<br>Philipp-Reis-Str. 2<br>63571 Gelnhausen Tel: 0 60 51 &#8211; 911 010 e-mail: erziehungsberatung.gn@zkjf.de<\/td><\/tr><\/tbody><\/table><\/figure>\n","protected":false},"excerpt":{"rendered":"<p>Unter www.uvhg.de finden Sie die Internetseitedes Ulrich-von-Hutten-Gymnasiums Ulrich-von-Hutten-GymnasiumSekretariatIm Kloster 136381 Schl\u00fcchternTel.: 0 66 61 \/ 96 25 &#8211; 0Fax: 0 66 61 \/ 96 25 &#8211; 99 Unter www.henry-harnischfeger-schule.de finden [&hellip;]<\/p>\n","protected":false},"author":1,"featured_media":0,"parent":0,"menu_order":0,"comment_status":"closed","ping_status":"closed","template":"","meta":{"footnotes":""},"class_list":["post-52","page","type-page","status-publish","hentry"],"_links":{"self":[{"href":"https:\/\/grundschule-badsoden.de\/index.php\/wp-json\/wp\/v2\/pages\/52","targetHints":{"allow":["GET"]}}],"collection":[{"href":"https:\/\/grundschule-badsoden.de\/index.php\/wp-json\/wp\/v2\/pages"}],"about":[{"href":"https:\/\/grundschule-badsoden.de\/index.php\/wp-json\/wp\/v2\/types\/page"}],"author":[{"embeddable":true,"href":"https:\/\/grundschule-badsoden.de\/index.php\/wp-json\/wp\/v2\/users\/1"}],"replies":[{"embeddable":true,"href":"https:\/\/grundschule-badsoden.de\/index.php\/wp-json\/wp\/v2\/comments?post=52"}],"version-history":[{"count":0,"href":"https:\/\/grundschule-badsoden.de\/index.php\/wp-json\/wp\/v2\/pages\/52\/revisions"}],"wp:attachment":[{"href":"https:\/\/grundschule-badsoden.de\/index.php\/wp-json\/wp\/v2\/media?parent=52"}],"curies":[{"name":"wp","href":"https:\/\/api.w.org\/{rel}","templated":true}]}}