{"id":63,"date":"2020-05-22T15:38:04","date_gmt":"2020-05-22T13:38:04","guid":{"rendered":"http:\/\/grundschule-badsoden.de\/?page_id=63"},"modified":"2025-09-06T14:33:03","modified_gmt":"2025-09-06T12:33:03","slug":"statistik","status":"publish","type":"page","link":"https:\/\/grundschule-badsoden.de\/index.php\/statistik\/","title":{"rendered":"Statistik"},"content":{"rendered":"\n<p>Hier finden Sie eine Aufstellung \u00fcber die aktuellen Sch\u00fclerzahlen in den einzelnen Klassen:<\/p>\n\n\n\n<figure class=\"wp-block-table\"><table><tbody><tr><td><strong>Klasse<\/strong><\/td><td><strong>Klassenleitung<\/strong><\/td><td>&nbsp;<\/td><td><strong>Jungen<\/strong><\/td><td><strong>M\u00e4dchen<\/strong><\/td><td><strong>Gesamt<\/strong><\/td><\/tr><tr><\/tr><tr><\/tr><tr><td>1a<\/td><td>Frau Kreis<\/td><td>&nbsp;<\/td><td>6<\/td><td>9<\/td><td>15<\/td><\/tr><tr><td>1b<\/td><td>Frau Schulz<\/td><td><\/td><td>8<\/td><td>7<\/td><td>15<\/td><\/tr><tr><td>&nbsp;<\/td><td>&nbsp;<\/td><td><span class=\"has-inline-color has-primary-color\">Gesamt:<br>1. Klasse<\/span><\/td><td><strong>14<\/strong><\/td><td><strong>16<\/strong><\/td><td><strong>30<\/strong><\/td><\/tr><tr><td>2a<\/td><td>Frau Wennesheimer<\/td><td>&nbsp;<\/td><td>9<\/td><td>10<\/td><td>19<\/td><\/tr><tr><td>2b<\/td><td>Frau Merlau<\/td><td><\/td><td>7<\/td><td>13<\/td><td>20<\/td><\/tr><tr><td>&nbsp;<\/td><td>&nbsp;<\/td><td><span class=\"has-inline-color has-primary-color\">Gesamt: <br>2. Klasse<\/span><\/td><td><strong>16<\/strong><\/td><td><strong>23<\/strong><\/td><td><strong>39<\/strong><\/td><\/tr><tr><td>3a<\/td><td>Frau Fehler<\/td><td>&nbsp;<\/td><td>9<\/td><td>6<\/td><td>15<\/td><\/tr><tr><td>3b<\/td><td>Frau Schittrigkeit<\/td><td><\/td><td>6<\/td><td>9<\/td><td>15<\/td><\/tr><tr><td>&nbsp;<\/td><td>&nbsp;<\/td><td><span class=\"has-inline-color has-primary-color\">Gesamt: <br>3. Klasse<\/span><\/td><td><strong>15<\/strong><\/td><td><strong>15<\/strong><\/td><td><strong>30<\/strong><\/td><\/tr><tr><td>4a<\/td><td>Frau B\u00f6hme<\/td><td>&nbsp;<\/td><td>8<\/td><td>9<\/td><td>17<\/td><\/tr><tr><td>4b<\/td><td>Herr Vogeley<\/td><td><\/td><td>6<\/td><td>9<\/td><td>15<\/td><\/tr><tr><td>&nbsp;<\/td><td>&nbsp;<\/td><td><span class=\"has-inline-color has-primary-color\">Gesamt: <br>4. Klasse<\/span><\/td><td><strong>14<\/strong><\/td><td><strong>18<\/strong><\/td><td><strong>32<\/strong><\/td><\/tr><tr><td>&nbsp;<\/td><td>&nbsp;<\/td><td><strong><span style=\"color:#1a1b69\" class=\"has-inline-color\">Gesamtsumme<br>aller Sch\u00fcler:<\/span><\/strong><\/td><td><br><strong>59<br><\/strong><\/td><td><br><strong>72<br><\/strong><\/td><td><strong>131<\/strong><\/td><\/tr><\/tbody><\/table><\/figure>\n\n\n\n<p><\/p>\n","protected":false},"excerpt":{"rendered":"<p>Hier finden Sie eine Aufstellung \u00fcber die aktuellen Sch\u00fclerzahlen in den einzelnen Klassen: Klasse Klassenleitung &nbsp; Jungen M\u00e4dchen Gesamt 1a Frau Kreis &nbsp; 6 9 15 1b Frau Schulz 8 [&hellip;]<\/p>\n","protected":false},"author":1,"featured_media":0,"parent":0,"menu_order":0,"comment_status":"closed","ping_status":"closed","template":"","meta":{"footnotes":""},"class_list":["post-63","page","type-page","status-publish","hentry"],"_links":{"self":[{"href":"https:\/\/grundschule-badsoden.de\/index.php\/wp-json\/wp\/v2\/pages\/63","targetHints":{"allow":["GET"]}}],"collection":[{"href":"https:\/\/grundschule-badsoden.de\/index.php\/wp-json\/wp\/v2\/pages"}],"about":[{"href":"https:\/\/grundschule-badsoden.de\/index.php\/wp-json\/wp\/v2\/types\/page"}],"author":[{"embeddable":true,"href":"https:\/\/grundschule-badsoden.de\/index.php\/wp-json\/wp\/v2\/users\/1"}],"replies":[{"embeddable":true,"href":"https:\/\/grundschule-badsoden.de\/index.php\/wp-json\/wp\/v2\/comments?post=63"}],"version-history":[{"count":0,"href":"https:\/\/grundschule-badsoden.de\/index.php\/wp-json\/wp\/v2\/pages\/63\/revisions"}],"wp:attachment":[{"href":"https:\/\/grundschule-badsoden.de\/index.php\/wp-json\/wp\/v2\/media?parent=63"}],"curies":[{"name":"wp","href":"https:\/\/api.w.org\/{rel}","templated":true}]}}