{"id":67,"date":"2020-05-22T15:38:46","date_gmt":"2020-05-22T13:38:46","guid":{"rendered":"http:\/\/grundschule-badsoden.de\/?page_id=67"},"modified":"2023-09-14T17:19:40","modified_gmt":"2023-09-14T15:19:40","slug":"gebaeude","status":"publish","type":"page","link":"https:\/\/grundschule-badsoden.de\/index.php\/gebaeude\/","title":{"rendered":"Geb\u00e4ude"},"content":{"rendered":"\n<p><strong>Geschichte und Aktuelles<\/strong><br><br>Die Schule wurde 1928 erbaut, 1944 geschlossen und 1945 wieder er\u00f6ffnet. 1969 wurde die Schule durch einen Pavillon erweitert. Das neue Geb\u00e4ude f\u00fcr weitere drei Klassen macht es m\u00f6glich, eine Verbindungst\u00fcre zwischen zwei Klassenr\u00e4umen zu \u00f6ffnen und so einen gro\u00dfen Raum zu erhalten, der f\u00fcr gr\u00f6\u00dfere Veranstaltungen nutzbar ist. Der Pavillon wurde im Schuljahr 2009\/2010 saniert. Er erhielt ein neues Dach, neue Fenster und Oberlichter, die zu \u00f6ffnen sind, W\u00e4rmeisolierung, einen neuen Anstrich und wurde auch von innen komplett erneuert.<\/p>\n\n\n<div class=\"wp-block-image\">\n<figure class=\"aligncenter size-large\"><img loading=\"lazy\" decoding=\"async\" width=\"500\" height=\"375\" src=\"http:\/\/grundschule-badsoden.de\/wp-content\/uploads\/2020\/08\/pavillion.jpg\" alt=\"\" class=\"wp-image-1544\" srcset=\"https:\/\/grundschule-badsoden.de\/wp-content\/uploads\/2020\/08\/pavillion.jpg 500w, https:\/\/grundschule-badsoden.de\/wp-content\/uploads\/2020\/08\/pavillion-300x225.jpg 300w, https:\/\/grundschule-badsoden.de\/wp-content\/uploads\/2020\/08\/pavillion-360x270.jpg 360w, https:\/\/grundschule-badsoden.de\/wp-content\/uploads\/2020\/08\/pavillion-80x60.jpg 80w\" sizes=\"auto, (max-width: 500px) 100vw, 500px\" \/><figcaption class=\"wp-element-caption\">Der Pavillon seit 2010<\/figcaption><\/figure>\n<\/div>\n\n\n<p>Die Schule war bis 1971 eine Grund- und Mittelschule, dann wurde sie eine reine Grundschule. Bis 1965 besuchten zus\u00e4tzlich Sch\u00fcler aus Salm\u00fcnster das 9. Schuljahr in Bad Soden.<\/p>\n\n\n\n<p>Bis Ende November 2005 hie\u00df unsere Schule &#8222;Grundschule Bad Soden&#8220;. Auf dem Adventsbasar 2005 erhielt die Grundschule den Namen &#8222;Grundschule an der Salz&#8220;.<\/p>\n\n\n\n<p>Zu der Grundschule geh\u00f6ren die zwei Schulgeb\u00e4ude, der Schulhof und eine kleine Rasenfl\u00e4che. Die Schulgeb\u00e4ude sind rings um den Schulhof angeordnet. Der Schulhof wurde im Jahr 2010 umgestaltet. So k\u00f6nnen die Kinder jetzt in den Pausen auf dem Kletterturm mit Rutsche und H\u00e4ngebr\u00fccke spielen oder das sechseckige Kletterger\u00fcst mit Kletterwand nutzen, um ihre Kletterk\u00fcnste zu verbessern. Au\u00dferdem befinden sich noch Balancierelemente auf dem Hof.<br><br>Direkt an die Schule wurde ein \u00fcberdachter Pausengang gebaut, der eine Verbindung zu den au\u00dferhalb des Geb\u00e4udes liegenden Toiletten darstellt.<br><br>Zwischen Toiletten und Pavillon befindet sich ein Spiele-H\u00e4uschen, in dem Spielger\u00e4te f\u00fcr die Pause aufbewahrt werden. Die Sch\u00fcler der dritten und vierten Klassen sind im Wechsel &#8222;Spiele-Dienst&#8220; und f\u00fcr die Aus- und R\u00fcckgabe der Pausenspielger\u00e4te zust\u00e4ndig.<br><br>Eine eigene Turnhalle geh\u00f6rt nicht zur Schule. F\u00fcr den Sportunterricht wird die Mehrzweckhalle des Spessartforums genutzt.<\/p>\n\n\n\n<p>Zur Schule geh\u00f6rt eine eigene <strong>Sch\u00fclerb\u00fccherei,<\/strong> die sich unter dem Dach befindet<\/p>\n\n\n<div class=\"wp-block-image\">\n<figure class=\"aligncenter size-large is-resized\"><img loading=\"lazy\" decoding=\"async\" src=\"https:\/\/grundschule-badsoden.de\/wp-content\/uploads\/2023\/09\/IMG_2742-1024x768.jpeg\" alt=\"\" class=\"wp-image-2742\" style=\"width:485px;height:364px\" width=\"485\" height=\"364\" srcset=\"https:\/\/grundschule-badsoden.de\/wp-content\/uploads\/2023\/09\/IMG_2742-1024x768.jpeg 1024w, https:\/\/grundschule-badsoden.de\/wp-content\/uploads\/2023\/09\/IMG_2742-300x225.jpeg 300w, https:\/\/grundschule-badsoden.de\/wp-content\/uploads\/2023\/09\/IMG_2742-768x576.jpeg 768w, https:\/\/grundschule-badsoden.de\/wp-content\/uploads\/2023\/09\/IMG_2742-1536x1152.jpeg 1536w, https:\/\/grundschule-badsoden.de\/wp-content\/uploads\/2023\/09\/IMG_2742-2048x1536.jpeg 2048w, https:\/\/grundschule-badsoden.de\/wp-content\/uploads\/2023\/09\/IMG_2742-360x270.jpeg 360w, https:\/\/grundschule-badsoden.de\/wp-content\/uploads\/2023\/09\/IMG_2742-80x60.jpeg 80w\" sizes=\"auto, (max-width: 485px) 100vw, 485px\" \/><figcaption class=\"wp-element-caption\">Die &#8222;neue&#8220; B\u00fccherei seit dem Fr\u00fchjahr 2023. Die alte B\u00fccherei musste einem neuen Klassenraum weichen.<\/figcaption><\/figure>\n<\/div>\n\n<div class=\"wp-block-image\">\n<figure class=\"aligncenter size-large is-resized\"><img loading=\"lazy\" decoding=\"async\" src=\"https:\/\/grundschule-badsoden.de\/wp-content\/uploads\/2023\/09\/IMG_2744-1024x768.jpeg\" alt=\"\" class=\"wp-image-2744\" style=\"width:485px;height:364px\" width=\"485\" height=\"364\" srcset=\"https:\/\/grundschule-badsoden.de\/wp-content\/uploads\/2023\/09\/IMG_2744-1024x768.jpeg 1024w, https:\/\/grundschule-badsoden.de\/wp-content\/uploads\/2023\/09\/IMG_2744-300x225.jpeg 300w, https:\/\/grundschule-badsoden.de\/wp-content\/uploads\/2023\/09\/IMG_2744-768x576.jpeg 768w, https:\/\/grundschule-badsoden.de\/wp-content\/uploads\/2023\/09\/IMG_2744-1536x1152.jpeg 1536w, https:\/\/grundschule-badsoden.de\/wp-content\/uploads\/2023\/09\/IMG_2744-2048x1536.jpeg 2048w, https:\/\/grundschule-badsoden.de\/wp-content\/uploads\/2023\/09\/IMG_2744-360x270.jpeg 360w, https:\/\/grundschule-badsoden.de\/wp-content\/uploads\/2023\/09\/IMG_2744-80x60.jpeg 80w\" sizes=\"auto, (max-width: 485px) 100vw, 485px\" \/><figcaption class=\"wp-element-caption\">Der Raum f\u00fcr die Erst- und Zweitkl\u00e4ssler<\/figcaption><\/figure>\n<\/div>\n\n<div class=\"wp-block-image\">\n<figure class=\"aligncenter size-large is-resized\"><img loading=\"lazy\" decoding=\"async\" src=\"https:\/\/grundschule-badsoden.de\/wp-content\/uploads\/2023\/09\/IMG_2743-1024x768.jpeg\" alt=\"\" class=\"wp-image-2743\" style=\"width:484px;height:363px\" width=\"484\" height=\"363\" srcset=\"https:\/\/grundschule-badsoden.de\/wp-content\/uploads\/2023\/09\/IMG_2743-1024x768.jpeg 1024w, https:\/\/grundschule-badsoden.de\/wp-content\/uploads\/2023\/09\/IMG_2743-300x225.jpeg 300w, https:\/\/grundschule-badsoden.de\/wp-content\/uploads\/2023\/09\/IMG_2743-768x576.jpeg 768w, https:\/\/grundschule-badsoden.de\/wp-content\/uploads\/2023\/09\/IMG_2743-1536x1152.jpeg 1536w, https:\/\/grundschule-badsoden.de\/wp-content\/uploads\/2023\/09\/IMG_2743-2048x1536.jpeg 2048w, https:\/\/grundschule-badsoden.de\/wp-content\/uploads\/2023\/09\/IMG_2743-360x270.jpeg 360w, https:\/\/grundschule-badsoden.de\/wp-content\/uploads\/2023\/09\/IMG_2743-80x60.jpeg 80w\" sizes=\"auto, (max-width: 484px) 100vw, 484px\" \/><\/figure>\n<\/div>\n\n\n<p><\/p>\n\n\n<div class=\"wp-block-image\">\n<figure class=\"aligncenter size-large is-resized\"><img loading=\"lazy\" decoding=\"async\" src=\"https:\/\/grundschule-badsoden.de\/wp-content\/uploads\/2023\/09\/IMG_2745-1024x768.jpeg\" alt=\"\" class=\"wp-image-2745\" style=\"width:488px;height:366px\" width=\"488\" height=\"366\" srcset=\"https:\/\/grundschule-badsoden.de\/wp-content\/uploads\/2023\/09\/IMG_2745-1024x768.jpeg 1024w, https:\/\/grundschule-badsoden.de\/wp-content\/uploads\/2023\/09\/IMG_2745-300x225.jpeg 300w, https:\/\/grundschule-badsoden.de\/wp-content\/uploads\/2023\/09\/IMG_2745-768x576.jpeg 768w, https:\/\/grundschule-badsoden.de\/wp-content\/uploads\/2023\/09\/IMG_2745-1536x1152.jpeg 1536w, https:\/\/grundschule-badsoden.de\/wp-content\/uploads\/2023\/09\/IMG_2745-2048x1536.jpeg 2048w, https:\/\/grundschule-badsoden.de\/wp-content\/uploads\/2023\/09\/IMG_2745-360x270.jpeg 360w, https:\/\/grundschule-badsoden.de\/wp-content\/uploads\/2023\/09\/IMG_2745-80x60.jpeg 80w\" sizes=\"auto, (max-width: 488px) 100vw, 488px\" \/><figcaption class=\"wp-element-caption\">Die Ecke f\u00fcr die 3. und 4. Klassen<\/figcaption><\/figure>\n<\/div>\n\n\n<p class=\"has-large-font-size\"><\/p>\n\n\n\n<p>Zum Schuljahr 2023\/24 wurde im Dachgeschoss in der ehemaligen B\u00fccherei ein neuer Klassenraum eingerichtet. So sieht er aus:<\/p>\n\n\n<div class=\"wp-block-image\">\n<figure class=\"aligncenter size-large is-resized\"><img loading=\"lazy\" decoding=\"async\" src=\"https:\/\/grundschule-badsoden.de\/wp-content\/uploads\/2023\/09\/IMG_2747-1024x768.jpeg\" alt=\"\" class=\"wp-image-2747\" style=\"width:488px;height:366px\" width=\"488\" height=\"366\" srcset=\"https:\/\/grundschule-badsoden.de\/wp-content\/uploads\/2023\/09\/IMG_2747-1024x768.jpeg 1024w, https:\/\/grundschule-badsoden.de\/wp-content\/uploads\/2023\/09\/IMG_2747-300x225.jpeg 300w, https:\/\/grundschule-badsoden.de\/wp-content\/uploads\/2023\/09\/IMG_2747-768x576.jpeg 768w, https:\/\/grundschule-badsoden.de\/wp-content\/uploads\/2023\/09\/IMG_2747-1536x1152.jpeg 1536w, https:\/\/grundschule-badsoden.de\/wp-content\/uploads\/2023\/09\/IMG_2747-2048x1536.jpeg 2048w, https:\/\/grundschule-badsoden.de\/wp-content\/uploads\/2023\/09\/IMG_2747-360x270.jpeg 360w, https:\/\/grundschule-badsoden.de\/wp-content\/uploads\/2023\/09\/IMG_2747-80x60.jpeg 80w\" sizes=\"auto, (max-width: 488px) 100vw, 488px\" \/><\/figure>\n<\/div>\n\n\n<p class=\"has-large-font-size\"><\/p>\n\n\n<div class=\"wp-block-image\">\n<figure class=\"aligncenter size-large is-resized\"><img loading=\"lazy\" decoding=\"async\" src=\"https:\/\/grundschule-badsoden.de\/wp-content\/uploads\/2023\/09\/IMG_2748-1024x768.jpeg\" alt=\"\" class=\"wp-image-2748\" style=\"width:492px;height:369px\" width=\"492\" height=\"369\" srcset=\"https:\/\/grundschule-badsoden.de\/wp-content\/uploads\/2023\/09\/IMG_2748-1024x768.jpeg 1024w, https:\/\/grundschule-badsoden.de\/wp-content\/uploads\/2023\/09\/IMG_2748-300x225.jpeg 300w, https:\/\/grundschule-badsoden.de\/wp-content\/uploads\/2023\/09\/IMG_2748-768x576.jpeg 768w, https:\/\/grundschule-badsoden.de\/wp-content\/uploads\/2023\/09\/IMG_2748-1536x1152.jpeg 1536w, https:\/\/grundschule-badsoden.de\/wp-content\/uploads\/2023\/09\/IMG_2748-2048x1536.jpeg 2048w, https:\/\/grundschule-badsoden.de\/wp-content\/uploads\/2023\/09\/IMG_2748-360x270.jpeg 360w, https:\/\/grundschule-badsoden.de\/wp-content\/uploads\/2023\/09\/IMG_2748-80x60.jpeg 80w\" sizes=\"auto, (max-width: 492px) 100vw, 492px\" \/><\/figure>\n<\/div>\n\n\n<p class=\"has-large-font-size\"><\/p>\n\n\n\n<p>Ansicht des Schulgeb\u00e4udes bis zum Jahr 2005:<\/p>\n\n\n<div class=\"wp-block-image\">\n<figure class=\"aligncenter size-large\"><img loading=\"lazy\" decoding=\"async\" width=\"500\" height=\"375\" src=\"http:\/\/grundschule-badsoden.de\/wp-content\/uploads\/2020\/06\/sch_gebaeude1.jpg\" alt=\"\" class=\"wp-image-277\" srcset=\"https:\/\/grundschule-badsoden.de\/wp-content\/uploads\/2020\/06\/sch_gebaeude1.jpg 500w, https:\/\/grundschule-badsoden.de\/wp-content\/uploads\/2020\/06\/sch_gebaeude1-300x225.jpg 300w\" sizes=\"auto, (max-width: 500px) 100vw, 500px\" \/><\/figure>\n<\/div>\n\n\n<p>Ansicht des Schulgeb\u00e4udes seit November 2005:<\/p>\n\n\n<div class=\"wp-block-image\">\n<figure class=\"aligncenter size-large\"><img loading=\"lazy\" decoding=\"async\" width=\"511\" height=\"363\" src=\"http:\/\/grundschule-badsoden.de\/wp-content\/uploads\/2020\/06\/sch_schulhaus.jpg\" alt=\"\" class=\"wp-image-288\" srcset=\"https:\/\/grundschule-badsoden.de\/wp-content\/uploads\/2020\/06\/sch_schulhaus.jpg 511w, https:\/\/grundschule-badsoden.de\/wp-content\/uploads\/2020\/06\/sch_schulhaus-300x213.jpg 300w\" sizes=\"auto, (max-width: 511px) 100vw, 511px\" \/><\/figure>\n<\/div>\n\n\n<p>Unser Schulhof seit 2010:<\/p>\n\n\n<div class=\"wp-block-image\">\n<figure class=\"aligncenter size-large is-resized\"><img loading=\"lazy\" decoding=\"async\" src=\"http:\/\/grundschule-badsoden.de\/wp-content\/uploads\/2020\/06\/sch_schulhof5.jpg\" alt=\"\" class=\"wp-image-293\" style=\"width:533px;height:400px\" width=\"533\" height=\"400\" srcset=\"https:\/\/grundschule-badsoden.de\/wp-content\/uploads\/2020\/06\/sch_schulhof5.jpg 650w, https:\/\/grundschule-badsoden.de\/wp-content\/uploads\/2020\/06\/sch_schulhof5-300x225.jpg 300w\" sizes=\"auto, (max-width: 533px) 100vw, 533px\" \/><figcaption class=\"wp-element-caption\">Ansicht des Geb\u00e4udes von der R\u00fcckseite mit dem Schulhof und dem Kletterturm mit Rutsche<\/figcaption><\/figure>\n<\/div>\n\n<div class=\"wp-block-image\">\n<figure class=\"aligncenter size-large is-resized\"><img loading=\"lazy\" decoding=\"async\" src=\"http:\/\/grundschule-badsoden.de\/wp-content\/uploads\/2020\/06\/sch_schulhof3.jpg\" alt=\"\" class=\"wp-image-291\" style=\"width:541px;height:406px\" width=\"541\" height=\"406\" srcset=\"https:\/\/grundschule-badsoden.de\/wp-content\/uploads\/2020\/06\/sch_schulhof3.jpg 650w, https:\/\/grundschule-badsoden.de\/wp-content\/uploads\/2020\/06\/sch_schulhof3-300x225.jpg 300w\" sizes=\"auto, (max-width: 541px) 100vw, 541px\" \/><figcaption class=\"wp-element-caption\">Das Klettersechseck mit Kletterwand<\/figcaption><\/figure>\n<\/div>\n\n<div class=\"wp-block-image\">\n<figure class=\"aligncenter size-large is-resized\"><img loading=\"lazy\" decoding=\"async\" src=\"http:\/\/grundschule-badsoden.de\/wp-content\/uploads\/2020\/06\/sch_schulhof2.jpg\" alt=\"\" class=\"wp-image-290\" style=\"width:540px;height:406px\" width=\"540\" height=\"406\" srcset=\"https:\/\/grundschule-badsoden.de\/wp-content\/uploads\/2020\/06\/sch_schulhof2.jpg 650w, https:\/\/grundschule-badsoden.de\/wp-content\/uploads\/2020\/06\/sch_schulhof2-300x225.jpg 300w\" sizes=\"auto, (max-width: 540px) 100vw, 540px\" \/><figcaption class=\"wp-element-caption\">Weitere Spielelemente (Wackelbr\u00fccke, H\u00e4ngebr\u00fccke&#8230;)<\/figcaption><\/figure>\n<\/div>\n\n<div class=\"wp-block-image\">\n<figure class=\"aligncenter size-large is-resized\"><img loading=\"lazy\" decoding=\"async\" src=\"http:\/\/grundschule-badsoden.de\/wp-content\/uploads\/2020\/06\/sch_schulhof4.jpg\" alt=\"\" class=\"wp-image-292\" style=\"width:541px;height:406px\" width=\"541\" height=\"406\" srcset=\"https:\/\/grundschule-badsoden.de\/wp-content\/uploads\/2020\/06\/sch_schulhof4.jpg 650w, https:\/\/grundschule-badsoden.de\/wp-content\/uploads\/2020\/06\/sch_schulhof4-300x225.jpg 300w\" sizes=\"auto, (max-width: 541px) 100vw, 541px\" \/><figcaption class=\"wp-element-caption\">Die runde Tischtennisplatte<\/figcaption><\/figure>\n<\/div>\n\n\n<p>Ebenfalls zu unserer Schule geh\u00f6ren die R\u00e4ume der Betreuung. Hier findet die Betreuung der Kinder statt, deren Eltern berufst\u00e4tig sind:<\/p>\n\n\n<div class=\"wp-block-image\">\n<figure class=\"aligncenter size-large is-resized\"><img loading=\"lazy\" decoding=\"async\" src=\"http:\/\/grundschule-badsoden.de\/wp-content\/uploads\/2020\/06\/sch_betreuung1.jpg\" alt=\"\" class=\"wp-image-267\" style=\"width:569px;height:427px\" width=\"569\" height=\"427\" srcset=\"https:\/\/grundschule-badsoden.de\/wp-content\/uploads\/2020\/06\/sch_betreuung1.jpg 600w, https:\/\/grundschule-badsoden.de\/wp-content\/uploads\/2020\/06\/sch_betreuung1-300x225.jpg 300w\" sizes=\"auto, (max-width: 569px) 100vw, 569px\" \/><figcaption class=\"wp-element-caption\">Hausaufgaben mit der Betreuerin Frau Klein<\/figcaption><\/figure>\n<\/div>\n\n<div class=\"wp-block-image\">\n<figure class=\"aligncenter size-large\"><img loading=\"lazy\" decoding=\"async\" width=\"600\" height=\"450\" src=\"http:\/\/grundschule-badsoden.de\/wp-content\/uploads\/2020\/06\/sch_betreuung2.jpg\" alt=\"\" class=\"wp-image-268\" srcset=\"https:\/\/grundschule-badsoden.de\/wp-content\/uploads\/2020\/06\/sch_betreuung2.jpg 600w, https:\/\/grundschule-badsoden.de\/wp-content\/uploads\/2020\/06\/sch_betreuung2-300x225.jpg 300w\" sizes=\"auto, (max-width: 600px) 100vw, 600px\" \/><figcaption class=\"wp-element-caption\">Nat\u00fcrlich wird auch gespielt<\/figcaption><\/figure>\n<\/div>\n\n<div class=\"wp-block-image\">\n<figure class=\"aligncenter size-large\"><img loading=\"lazy\" decoding=\"async\" width=\"600\" height=\"450\" src=\"http:\/\/grundschule-badsoden.de\/wp-content\/uploads\/2020\/06\/sch_betreuung3.jpg\" alt=\"\" class=\"wp-image-269\" srcset=\"https:\/\/grundschule-badsoden.de\/wp-content\/uploads\/2020\/06\/sch_betreuung3.jpg 600w, https:\/\/grundschule-badsoden.de\/wp-content\/uploads\/2020\/06\/sch_betreuung3-300x225.jpg 300w\" sizes=\"auto, (max-width: 600px) 100vw, 600px\" \/><figcaption class=\"wp-element-caption\">Unsere Sofaecke in der Betreuung<\/figcaption><\/figure>\n<\/div>\n\n\n<p><\/p>\n\n\n\n\n","protected":false},"excerpt":{"rendered":"<p>Geschichte und Aktuelles Die Schule wurde 1928 erbaut, 1944 geschlossen und 1945 wieder er\u00f6ffnet. 1969 wurde die Schule durch einen Pavillon erweitert. Das neue Geb\u00e4ude f\u00fcr weitere drei Klassen macht [&hellip;]<\/p>\n","protected":false},"author":1,"featured_media":0,"parent":0,"menu_order":0,"comment_status":"closed","ping_status":"closed","template":"","meta":{"footnotes":""},"class_list":["post-67","page","type-page","status-publish","hentry"],"_links":{"self":[{"href":"https:\/\/grundschule-badsoden.de\/index.php\/wp-json\/wp\/v2\/pages\/67","targetHints":{"allow":["GET"]}}],"collection":[{"href":"https:\/\/grundschule-badsoden.de\/index.php\/wp-json\/wp\/v2\/pages"}],"about":[{"href":"https:\/\/grundschule-badsoden.de\/index.php\/wp-json\/wp\/v2\/types\/page"}],"author":[{"embeddable":true,"href":"https:\/\/grundschule-badsoden.de\/index.php\/wp-json\/wp\/v2\/users\/1"}],"replies":[{"embeddable":true,"href":"https:\/\/grundschule-badsoden.de\/index.php\/wp-json\/wp\/v2\/comments?post=67"}],"version-history":[{"count":0,"href":"https:\/\/grundschule-badsoden.de\/index.php\/wp-json\/wp\/v2\/pages\/67\/revisions"}],"wp:attachment":[{"href":"https:\/\/grundschule-badsoden.de\/index.php\/wp-json\/wp\/v2\/media?parent=67"}],"curies":[{"name":"wp","href":"https:\/\/api.w.org\/{rel}","templated":true}]}}