{"id":82,"date":"2020-06-02T11:42:36","date_gmt":"2020-06-02T09:42:36","guid":{"rendered":"http:\/\/grundschule-badsoden.de\/?page_id=82"},"modified":"2025-10-01T18:35:29","modified_gmt":"2025-10-01T16:35:29","slug":"ferien","status":"publish","type":"page","link":"https:\/\/grundschule-badsoden.de\/index.php\/ferien\/","title":{"rendered":"Ferien"},"content":{"rendered":"\n<p><strong>Hallo liebe Sch\u00fclerin, lieber Sch\u00fcler !<\/strong><\/p>\n\n\n\n<p>M\u00f6chtest du wissen, wann in der n\u00e4chsten Zeit die Ferien sind?<br>Hier erf\u00e4hrst du es!<\/p>\n\n\n\n<p><strong>Jahr 202<\/strong>5<\/p>\n\n\n\n<figure class=\"wp-block-table\"><table><tbody><tr><td><img loading=\"lazy\" decoding=\"async\" width=\"150\" height=\"150\" class=\"wp-image-658\" style=\"width: 150px;\" alt=\"\" src=\"http:\/\/grundschule-badsoden.de\/wp-content\/uploads\/2020\/06\/herbst-1.jpg\" srcset=\"https:\/\/grundschule-badsoden.de\/wp-content\/uploads\/2020\/06\/herbst-1.jpg 1600w, https:\/\/grundschule-badsoden.de\/wp-content\/uploads\/2020\/06\/herbst-1-300x300.jpg 300w, https:\/\/grundschule-badsoden.de\/wp-content\/uploads\/2020\/06\/herbst-1-1024x1024.jpg 1024w, https:\/\/grundschule-badsoden.de\/wp-content\/uploads\/2020\/06\/herbst-1-150x150.jpg 150w, https:\/\/grundschule-badsoden.de\/wp-content\/uploads\/2020\/06\/herbst-1-768x768.jpg 768w, https:\/\/grundschule-badsoden.de\/wp-content\/uploads\/2020\/06\/herbst-1-1536x1536.jpg 1536w\" sizes=\"auto, (max-width: 150px) 100vw, 150px\" \/><\/td><td>Die Herbstferien dauern vom 6. Oktober bis zum 17. Oktober 2025.<\/td><\/tr><tr><td><img loading=\"lazy\" decoding=\"async\" width=\"150\" height=\"150\" class=\"wp-image-660\" style=\"width: 150px;\" alt=\"\" src=\"http:\/\/grundschule-badsoden.de\/wp-content\/uploads\/2020\/06\/winter.jpg\" srcset=\"https:\/\/grundschule-badsoden.de\/wp-content\/uploads\/2020\/06\/winter.jpg 1600w, https:\/\/grundschule-badsoden.de\/wp-content\/uploads\/2020\/06\/winter-300x300.jpg 300w, https:\/\/grundschule-badsoden.de\/wp-content\/uploads\/2020\/06\/winter-1024x1024.jpg 1024w, https:\/\/grundschule-badsoden.de\/wp-content\/uploads\/2020\/06\/winter-150x150.jpg 150w, https:\/\/grundschule-badsoden.de\/wp-content\/uploads\/2020\/06\/winter-768x768.jpg 768w, https:\/\/grundschule-badsoden.de\/wp-content\/uploads\/2020\/06\/winter-1536x1536.jpg 1536w\" sizes=\"auto, (max-width: 150px) 100vw, 150px\" \/><\/td><td>Die Weihnachtsferien gehen vom 22. Dezember 2025 bis zum 9. Januar 2026<\/td><\/tr><\/tbody><\/table><\/figure>\n\n\n\n<p><strong>Jahr 202<\/strong>6<\/p>\n\n\n\n<figure class=\"wp-block-table\"><table><tbody><tr><td><img loading=\"lazy\" decoding=\"async\" width=\"150\" height=\"150\" class=\"wp-image-657\" style=\"width: 150px;\" alt=\"\" src=\"http:\/\/grundschule-badsoden.de\/wp-content\/uploads\/2020\/06\/fr\u00fchling.jpg\" srcset=\"https:\/\/grundschule-badsoden.de\/wp-content\/uploads\/2020\/06\/fr\u00fchling.jpg 1600w, https:\/\/grundschule-badsoden.de\/wp-content\/uploads\/2020\/06\/fr\u00fchling-300x300.jpg 300w, https:\/\/grundschule-badsoden.de\/wp-content\/uploads\/2020\/06\/fr\u00fchling-1024x1024.jpg 1024w, https:\/\/grundschule-badsoden.de\/wp-content\/uploads\/2020\/06\/fr\u00fchling-150x150.jpg 150w, https:\/\/grundschule-badsoden.de\/wp-content\/uploads\/2020\/06\/fr\u00fchling-768x768.jpg 768w, https:\/\/grundschule-badsoden.de\/wp-content\/uploads\/2020\/06\/fr\u00fchling-1536x1536.jpg 1536w\" sizes=\"auto, (max-width: 150px) 100vw, 150px\" \/><\/td><td>Die Osterferien beginnen am 30. M\u00e4rzl und enden am 9. April 2026.<\/td><\/tr><tr><td><img loading=\"lazy\" decoding=\"async\" width=\"150\" height=\"150\" class=\"wp-image-659\" style=\"width: 150px;\" alt=\"\" src=\"http:\/\/grundschule-badsoden.de\/wp-content\/uploads\/2020\/06\/sommer.jpg\" srcset=\"https:\/\/grundschule-badsoden.de\/wp-content\/uploads\/2020\/06\/sommer.jpg 1600w, https:\/\/grundschule-badsoden.de\/wp-content\/uploads\/2020\/06\/sommer-300x300.jpg 300w, https:\/\/grundschule-badsoden.de\/wp-content\/uploads\/2020\/06\/sommer-1024x1024.jpg 1024w, https:\/\/grundschule-badsoden.de\/wp-content\/uploads\/2020\/06\/sommer-150x150.jpg 150w, https:\/\/grundschule-badsoden.de\/wp-content\/uploads\/2020\/06\/sommer-768x768.jpg 768w, https:\/\/grundschule-badsoden.de\/wp-content\/uploads\/2020\/06\/sommer-1536x1536.jpg 1536w\" sizes=\"auto, (max-width: 150px) 100vw, 150px\" \/><\/td><td>Die Sommerferien fangen am 29. Juni an und enden am 7. August 2026<\/td><\/tr><tr><td><img loading=\"lazy\" decoding=\"async\" width=\"150\" height=\"150\" class=\"wp-image-658\" style=\"width: 150px;\" alt=\"\" src=\"http:\/\/grundschule-badsoden.de\/wp-content\/uploads\/2020\/06\/herbst-1.jpg\" srcset=\"https:\/\/grundschule-badsoden.de\/wp-content\/uploads\/2020\/06\/herbst-1.jpg 1600w, https:\/\/grundschule-badsoden.de\/wp-content\/uploads\/2020\/06\/herbst-1-300x300.jpg 300w, https:\/\/grundschule-badsoden.de\/wp-content\/uploads\/2020\/06\/herbst-1-1024x1024.jpg 1024w, https:\/\/grundschule-badsoden.de\/wp-content\/uploads\/2020\/06\/herbst-1-150x150.jpg 150w, https:\/\/grundschule-badsoden.de\/wp-content\/uploads\/2020\/06\/herbst-1-768x768.jpg 768w, https:\/\/grundschule-badsoden.de\/wp-content\/uploads\/2020\/06\/herbst-1-1536x1536.jpg 1536w\" sizes=\"auto, (max-width: 150px) 100vw, 150px\" \/><\/td><td>Die Herbstferien dauern vom 5. Oktober bis zum 17. Oktober 2026<\/td><\/tr><tr><td><img loading=\"lazy\" decoding=\"async\" width=\"150\" height=\"150\" class=\"wp-image-660\" style=\"width: 150px;\" alt=\"\" src=\"http:\/\/grundschule-badsoden.de\/wp-content\/uploads\/2020\/06\/winter.jpg\" srcset=\"https:\/\/grundschule-badsoden.de\/wp-content\/uploads\/2020\/06\/winter.jpg 1600w, https:\/\/grundschule-badsoden.de\/wp-content\/uploads\/2020\/06\/winter-300x300.jpg 300w, https:\/\/grundschule-badsoden.de\/wp-content\/uploads\/2020\/06\/winter-1024x1024.jpg 1024w, https:\/\/grundschule-badsoden.de\/wp-content\/uploads\/2020\/06\/winter-150x150.jpg 150w, https:\/\/grundschule-badsoden.de\/wp-content\/uploads\/2020\/06\/winter-768x768.jpg 768w, https:\/\/grundschule-badsoden.de\/wp-content\/uploads\/2020\/06\/winter-1536x1536.jpg 1536w\" sizes=\"auto, (max-width: 150px) 100vw, 150px\" \/><\/td><td>Die Weihnachtsferien gehen vom 23. Dezember 2026 bis zum 12. Januar 2027<\/td><\/tr><\/tbody><\/table><\/figure>\n\n\n\n<p><\/p>\n","protected":false},"excerpt":{"rendered":"<p>Hallo liebe Sch\u00fclerin, lieber Sch\u00fcler ! M\u00f6chtest du wissen, wann in der n\u00e4chsten Zeit die Ferien sind?Hier erf\u00e4hrst du es! Jahr 2025 Die Herbstferien dauern vom 6. Oktober bis zum [&hellip;]<\/p>\n","protected":false},"author":1,"featured_media":0,"parent":0,"menu_order":0,"comment_status":"closed","ping_status":"closed","template":"","meta":{"footnotes":""},"class_list":["post-82","page","type-page","status-publish","hentry"],"_links":{"self":[{"href":"https:\/\/grundschule-badsoden.de\/index.php\/wp-json\/wp\/v2\/pages\/82","targetHints":{"allow":["GET"]}}],"collection":[{"href":"https:\/\/grundschule-badsoden.de\/index.php\/wp-json\/wp\/v2\/pages"}],"about":[{"href":"https:\/\/grundschule-badsoden.de\/index.php\/wp-json\/wp\/v2\/types\/page"}],"author":[{"embeddable":true,"href":"https:\/\/grundschule-badsoden.de\/index.php\/wp-json\/wp\/v2\/users\/1"}],"replies":[{"embeddable":true,"href":"https:\/\/grundschule-badsoden.de\/index.php\/wp-json\/wp\/v2\/comments?post=82"}],"version-history":[{"count":0,"href":"https:\/\/grundschule-badsoden.de\/index.php\/wp-json\/wp\/v2\/pages\/82\/revisions"}],"wp:attachment":[{"href":"https:\/\/grundschule-badsoden.de\/index.php\/wp-json\/wp\/v2\/media?parent=82"}],"curies":[{"name":"wp","href":"https:\/\/api.w.org\/{rel}","templated":true}]}}