{"id":84,"date":"2020-06-02T11:43:22","date_gmt":"2020-06-02T09:43:22","guid":{"rendered":"http:\/\/grundschule-badsoden.de\/?page_id=84"},"modified":"2024-09-08T17:25:08","modified_gmt":"2024-09-08T15:25:08","slug":"ags","status":"publish","type":"page","link":"https:\/\/grundschule-badsoden.de\/index.php\/ags\/","title":{"rendered":"AGs"},"content":{"rendered":"\n<p>Arbeitsgemeinschaften (AGs)<br><br>Manchmal k\u00f6nnen in der Schule auch AGs angeboten werden, wenn gen\u00fcgend Stunden vorhanden sind.<br>Folgende AGs haben bei uns an der Schule schon stattgefunden: <strong>PC-AGs, Theater-AGs, Fl\u00f6ten- AGs, Handarbeits-AGs, Kreativwerkstatt,Garten-AGs<\/strong>, <strong>Bastel-AGs<\/strong> und <strong>Spiele-AGs<\/strong>, <strong>Mathe-Knobeleien<\/strong>.<\/p>\n\n\n\n<p>Willst du wissen, was in den  AGs passiert? Hier erf\u00e4hrst du es:<\/p>\n\n\n\n<p><strong>Die Theater-AG<\/strong><\/p>\n\n\n\n<p>In der Theater-AG lernst du, wie du dich ausdr\u00fccken kannst und deine K\u00f6rpersprache einsetzen kannst. Au\u00dferdem f\u00fchren wir immer, wenn eine Theater-AG stattfindet, Theaterst\u00fccke auf, meistens beim Schulfest.<\/p>\n\n\n\n<p><strong>Die PC-AG: <\/strong><\/p>\n\n\n\n<p>In dieser AG lernst du den Umgang mit dem PC, sinnvolles Arbeiten mit dem PC und andere interessante Dinge rund um den PC. Lass dich \u00fcberraschen!<\/p>\n\n\n\n<p><strong>Die Gl\u00fccks-AG<\/strong><\/p>\n\n\n\n<p>Eine ganz neue AG. Bist du gerne gl\u00fccklich? Was kann man tun, um gl\u00fccklich zu sein? Wann geht es dir gut? Neugierig geworden? Dann bist du hier richtig.<\/p>\n\n\n\n<p><\/p>\n\n\n\n<p><\/p>\n\n\n\n<p><strong>Wir hoffen, auch in den n\u00e4chsten Schuljahren wieder viele AGs einrichten zu k\u00f6nnen &#8211;<br>und vielleicht bist du ja dann auch dabei !<\/strong><\/p>\n\n\n\n<p><\/p>\n","protected":false},"excerpt":{"rendered":"<p>Arbeitsgemeinschaften (AGs) Manchmal k\u00f6nnen in der Schule auch AGs angeboten werden, wenn gen\u00fcgend Stunden vorhanden sind.Folgende AGs haben bei uns an der Schule schon stattgefunden: PC-AGs, Theater-AGs, Fl\u00f6ten- AGs, Handarbeits-AGs, [&hellip;]<\/p>\n","protected":false},"author":1,"featured_media":0,"parent":0,"menu_order":0,"comment_status":"closed","ping_status":"closed","template":"","meta":{"footnotes":""},"class_list":["post-84","page","type-page","status-publish","hentry"],"_links":{"self":[{"href":"https:\/\/grundschule-badsoden.de\/index.php\/wp-json\/wp\/v2\/pages\/84","targetHints":{"allow":["GET"]}}],"collection":[{"href":"https:\/\/grundschule-badsoden.de\/index.php\/wp-json\/wp\/v2\/pages"}],"about":[{"href":"https:\/\/grundschule-badsoden.de\/index.php\/wp-json\/wp\/v2\/types\/page"}],"author":[{"embeddable":true,"href":"https:\/\/grundschule-badsoden.de\/index.php\/wp-json\/wp\/v2\/users\/1"}],"replies":[{"embeddable":true,"href":"https:\/\/grundschule-badsoden.de\/index.php\/wp-json\/wp\/v2\/comments?post=84"}],"version-history":[{"count":0,"href":"https:\/\/grundschule-badsoden.de\/index.php\/wp-json\/wp\/v2\/pages\/84\/revisions"}],"wp:attachment":[{"href":"https:\/\/grundschule-badsoden.de\/index.php\/wp-json\/wp\/v2\/media?parent=84"}],"curies":[{"name":"wp","href":"https:\/\/api.w.org\/{rel}","templated":true}]}}