{"id":86,"date":"2020-06-02T11:43:55","date_gmt":"2020-06-02T09:43:55","guid":{"rendered":"http:\/\/grundschule-badsoden.de\/?page_id=86"},"modified":"2020-08-15T11:44:11","modified_gmt":"2020-08-15T09:44:11","slug":"links","status":"publish","type":"page","link":"https:\/\/grundschule-badsoden.de\/index.php\/links\/","title":{"rendered":"Links"},"content":{"rendered":"\n<p>Links f\u00fcr Kinder<\/p>\n\n\n\n<p>Arbeitest du gerne mit dem Computer?<br>Wenn ja, dann m\u00f6chtest du sicher auch Witziges, Interessantes oder Spannendes im Internet finden.<\/p>\n\n\n\n<p>Wir haben dir hier einige Webseiten f\u00fcr Kinder als Link abgelegt, auf denen du solche Sachen finden kannst.<br>Du musst einfach nur den entsprechenden Link anklicken und dann kannst du im Internet st\u00f6bern.<\/p>\n\n\n\n<p>Viel Spa\u00df dabei!<\/p>\n\n\n\n<p><strong>Also hier kommen die Links:<\/strong><\/p>\n\n\n\n<figure class=\"wp-block-table\"><table><tbody><tr><td><strong>Suchmaschinen<\/strong><br><a rel=\"noreferrer noopener\" href=\"http:\/\/www.blinde-kuh.de\/\" target=\"_blank\">Blinde Kuh<\/a><br><br><strong>Informationen zu Tieren<\/strong><br><a rel=\"noreferrer noopener\" href=\"http:\/\/www.tiere-online.de\/\" target=\"_blank\">Tiere online<\/a><br><a rel=\"noreferrer noopener\" href=\"http:\/\/www.kinder-tierlexikon.de\/\" target=\"_blank\">Kinder Tierlexikon<\/a><br><a rel=\"noreferrer noopener\" href=\"http:\/\/www.haustier-welt.de\/\" target=\"_blank\">Haustierwelt<\/a><br><a rel=\"noreferrer noopener\" href=\"http:\/\/www.tierfreund.de\/\" target=\"_blank\">Tierfreund Juniorseiten<\/a><br><a rel=\"noreferrer noopener\" href=\"http:\/\/www.dinosaurier-interesse.de\/\" target=\"_blank\">Dinosaurier<\/a><br><br><strong>Umwelt und Natur<\/strong><br><a rel=\"noreferrer noopener\" href=\"http:\/\/www.naturdetektive.de\/\" target=\"_blank\">Naturdetektive<\/a><br><a rel=\"noreferrer noopener\" href=\"http:\/\/www.naturfreundejugend.de\/\" target=\"_blank\">Naturfreundejugend Deutschland<\/a><br><a rel=\"noreferrer noopener\" href=\"http:\/\/www.physikforkids.de\/\" target=\"_blank\">Physik f\u00fcr Kids<\/a><br><a rel=\"noreferrer noopener\" href=\"http:\/\/www.nabu.de\/\" target=\"_blank\">Naturschutzbund<\/a><br><a rel=\"noreferrer noopener\" href=\"https:\/\/www.haus-der-kleinen-forscher.de\/\" target=\"_blank\">Haus der kleinen Forsche<\/a><a href=\"https:\/\/www.haus-der-kleinen-forscher.de\/\" target=\"_blank\" rel=\"noreferrer noopener\">r<\/a><br><br><strong>Verkehr<\/strong><br><a rel=\"noreferrer noopener\" href=\"http:\/\/www.helmi.at\/\" target=\"_blank\">Helmi im Internet<\/a><br><br><br><br><\/td><td><strong>Geschichten, Literatur und Film<\/strong><br><a rel=\"noreferrer noopener\" href=\"http:\/\/www.buecherwuermchen.de\/\" target=\"_blank\">B\u00fccherw\u00fcrmchen<\/a><br><a rel=\"noreferrer noopener\" href=\"http:\/\/www.detektiv-club.de\/\" target=\"_blank\">Detektiv-Club<\/a><br><a rel=\"noreferrer noopener\" href=\"http:\/\/www.fantasten.de\/\" target=\"_blank\">Pat Addys M\u00e4rchenwelt<\/a><br><a rel=\"noreferrer noopener\" href=\"http:\/\/www.efraimstochter.de\/\" target=\"_blank\">Pippi Langstrumpf<\/a><br><a rel=\"noreferrer noopener\" href=\"http:\/\/www.maerchen.com\/\" target=\"_blank\">M\u00e4rchen<\/a><br><br><strong>Gesundheit<\/strong><br><a rel=\"noreferrer noopener\" href=\"http:\/\/www.jolinchen.de\/\" target=\"_blank\">Jolinchen<\/a><br><br><strong>Seiten zu verschiedenen Themen<\/strong><br><a rel=\"noreferrer noopener\" href=\"http:\/\/www.kindersache.de\/\" target=\"_blank\">Sachen f\u00fcr Kinder<\/a><br><a rel=\"noreferrer noopener\" href=\"http:\/\/www.kidsville.de\/\" target=\"_blank\">Kidsville<\/a><br><a rel=\"noreferrer noopener\" href=\"http:\/\/www.kidsweb.de\/\" target=\"_blank\">Kidsweb<\/a><br><a rel=\"noreferrer noopener\" href=\"http:\/\/www.wasistwas.de\/\" target=\"_blank\">Was ist was?<\/a><br><a rel=\"noreferrer noopener\" href=\"http:\/\/www.zapzapzebra.de\/\" target=\"_blank\">Zap Zap Zebra<\/a><br><\/td><\/tr><\/tbody><\/table><\/figure>\n","protected":false},"excerpt":{"rendered":"<p>Links f\u00fcr Kinder Arbeitest du gerne mit dem Computer?Wenn ja, dann m\u00f6chtest du sicher auch Witziges, Interessantes oder Spannendes im Internet finden. Wir haben dir hier einige Webseiten f\u00fcr Kinder [&hellip;]<\/p>\n","protected":false},"author":1,"featured_media":0,"parent":0,"menu_order":0,"comment_status":"closed","ping_status":"closed","template":"","meta":{"footnotes":""},"class_list":["post-86","page","type-page","status-publish","hentry"],"_links":{"self":[{"href":"https:\/\/grundschule-badsoden.de\/index.php\/wp-json\/wp\/v2\/pages\/86","targetHints":{"allow":["GET"]}}],"collection":[{"href":"https:\/\/grundschule-badsoden.de\/index.php\/wp-json\/wp\/v2\/pages"}],"about":[{"href":"https:\/\/grundschule-badsoden.de\/index.php\/wp-json\/wp\/v2\/types\/page"}],"author":[{"embeddable":true,"href":"https:\/\/grundschule-badsoden.de\/index.php\/wp-json\/wp\/v2\/users\/1"}],"replies":[{"embeddable":true,"href":"https:\/\/grundschule-badsoden.de\/index.php\/wp-json\/wp\/v2\/comments?post=86"}],"version-history":[{"count":0,"href":"https:\/\/grundschule-badsoden.de\/index.php\/wp-json\/wp\/v2\/pages\/86\/revisions"}],"wp:attachment":[{"href":"https:\/\/grundschule-badsoden.de\/index.php\/wp-json\/wp\/v2\/media?parent=86"}],"curies":[{"name":"wp","href":"https:\/\/api.w.org\/{rel}","templated":true}]}}