{"id":92,"date":"2020-06-02T11:47:27","date_gmt":"2020-06-02T09:47:27","guid":{"rendered":"http:\/\/grundschule-badsoden.de\/?page_id=92"},"modified":"2025-10-13T14:29:35","modified_gmt":"2025-10-13T12:29:35","slug":"elternbeirat","status":"publish","type":"page","link":"https:\/\/grundschule-badsoden.de\/index.php\/elternbeirat\/","title":{"rendered":"Elternbeirat"},"content":{"rendered":"\n<h3 class=\"wp-block-heading\">Der Elternbeirat im Schuljahr 2025\/26:<\/h3>\n\n\n\n<p>Klasse 1a: Frau Acker und Frau Neumann<\/p>\n\n\n\n<p>Klasse 1b: Frau Zornow-Tatter und Frau Reinhold<\/p>\n\n\n\n<p>Klasse 2a: Herr Kre\u00df und Frau Werner<\/p>\n\n\n\n<p>Klasse 2b: Herr Henkel und Herr Schulze<\/p>\n\n\n\n<p>Klasse 3a: Frau Hasic und Frau El Oumrani<\/p>\n\n\n\n<p>Klasse 3b: Frau Giebe und Frau Widmayr<\/p>\n\n\n\n<p>Klasse 4a: Frau Bathon und Frau Calciano<\/p>\n\n\n\n<p>Klasse 4b: aktuell nur Frau Hirsch<\/p>\n\n\n\n<p><\/p>\n\n\n\n<p><\/p>\n\n\n\n<p><\/p>\n\n\n\n<p><\/p>\n\n\n\n<p><\/p>\n\n\n\n<p><\/p>\n\n\n\n<h3 class=\"wp-block-heading\"><strong>Die aktuellen Vorsitzenden des Elternbeirates sind:<\/strong><\/h3>\n\n\n\n<p>Frau Werner, 2a Tel: 0176\/32926598; schirmer-werner@gmx.de<br>Frau Giebe, 3b Tel: 0176\/84657160; stefaniejahn1@gmx.net<br>Frau Calciano, 4a Tel: 0173\/6614010; jennifer.calciano@gmx.de<\/p>\n\n\n\n<p><\/p>\n\n\n\n<p><\/p>\n\n\n\n<p><\/p>\n\n\n\n<p><\/p>\n\n\n\n<p><\/p>\n\n\n\n<p>Wir sind eine von den Eltern gew\u00e4hlte Vertretung und sehen uns als wichtiges Bindeglied zwischen Eltern &#8211; Lehrern &#8211; Schulleitung. Unsere Zusammenarbeit mit den Lehrern und der Schulleitung ist sehr gut und wir sind ein aktives Team, das durch sein Tun schon einiges bewegt und geleistet und manches auch erk\u00e4mpft hat.<\/p>\n\n\n\n<p><strong>Klassenelternbeirat<\/strong><br>Der Klassenelternbeirat muss innerhalb der ersten sechs Wochen eines jeden Schuljahres von den Eltern der Klasse gew\u00e4hlt werden.<br>Der Klassenelternbeirat besteht aus einem Vorsitzenden\/einer Vorsitzenden und dessen Stellvertreter\/dessen Stellvertreterin und bleibt f\u00fcr zwei Jahre im Amt. Zu den Aufgaben der Elternvertreter geh\u00f6ren unter anderem:<\/p>\n\n\n\n<ul class=\"wp-block-list\">\n<li>Die Interessen der Klassengemeinschaft gegen\u00fcber der Klassenlehrerin\/dem Klassenlehrer oder der Schulleitung zu vertreten,<\/li>\n\n\n\n<li>Elternabende (auf Wunsch Elternstammtische) gestalten,<\/li>\n\n\n\n<li>Klassen- und Schulveranstaltungen zusammen mit der Schule zu organisieren.<\/li>\n<\/ul>\n\n\n\n<p>Alle Elternvertreter bilden zusammen den Schulelternbeirat.<\/p>\n\n\n\n<p><strong>Schulelternbeirat<\/strong><br>Aus dessen Mitte wird, ebenfalls im zweij\u00e4hrigen Rhythmus, ein Vorsitzender\/eine Vorsitzende und dessen Stellvertreter\/Stellvertreterin gew\u00e4hlt. Der Schulelternbeirat wird von der Schulleiterin \u00fcber alle wesentlichen Angelegenheiten in der Schule unterrichtet. Er hat Mitbestimmungsrecht bei vielen Ma\u00dfnahmen, die f\u00fcr das Schulleben von allgemeiner Bedeutung sind. Er vertritt die Eltern bei den Schulkonferenzen.<\/p>\n","protected":false},"excerpt":{"rendered":"<p>Der Elternbeirat im Schuljahr 2025\/26: Klasse 1a: Frau Acker und Frau Neumann Klasse 1b: Frau Zornow-Tatter und Frau Reinhold Klasse 2a: Herr Kre\u00df und Frau Werner Klasse 2b: Herr Henkel [&hellip;]<\/p>\n","protected":false},"author":1,"featured_media":0,"parent":0,"menu_order":0,"comment_status":"closed","ping_status":"closed","template":"","meta":{"footnotes":""},"class_list":["post-92","page","type-page","status-publish","hentry"],"_links":{"self":[{"href":"https:\/\/grundschule-badsoden.de\/index.php\/wp-json\/wp\/v2\/pages\/92","targetHints":{"allow":["GET"]}}],"collection":[{"href":"https:\/\/grundschule-badsoden.de\/index.php\/wp-json\/wp\/v2\/pages"}],"about":[{"href":"https:\/\/grundschule-badsoden.de\/index.php\/wp-json\/wp\/v2\/types\/page"}],"author":[{"embeddable":true,"href":"https:\/\/grundschule-badsoden.de\/index.php\/wp-json\/wp\/v2\/users\/1"}],"replies":[{"embeddable":true,"href":"https:\/\/grundschule-badsoden.de\/index.php\/wp-json\/wp\/v2\/comments?post=92"}],"version-history":[{"count":0,"href":"https:\/\/grundschule-badsoden.de\/index.php\/wp-json\/wp\/v2\/pages\/92\/revisions"}],"wp:attachment":[{"href":"https:\/\/grundschule-badsoden.de\/index.php\/wp-json\/wp\/v2\/media?parent=92"}],"curies":[{"name":"wp","href":"https:\/\/api.w.org\/{rel}","templated":true}]}}