{"id":94,"date":"2020-06-02T11:48:12","date_gmt":"2020-06-02T09:48:12","guid":{"rendered":"http:\/\/grundschule-badsoden.de\/?page_id=94"},"modified":"2024-09-08T17:31:40","modified_gmt":"2024-09-08T15:31:40","slug":"elternarbeit","status":"publish","type":"page","link":"https:\/\/grundschule-badsoden.de\/index.php\/elternarbeit\/","title":{"rendered":"Elternarbeit"},"content":{"rendered":"\n<p>Unterschieden werden Veranstaltungen der einzelnen Klassen und Veranstaltungen der gesamten Schule.<\/p>\n\n\n\n<p>In den einzelnen Klassen \u00fcbernimmt es der Klassenelternbeirat bzw. die Lehrerin, die Eltern um Mitwirkung und Mithilfe bei diversen Aktivit\u00e4ten zu bitten. Hierbei handelt es sich u. a. um Begleitung bei Wanderungen, Ausfl\u00fcgen und um Unterst\u00fctzung bei Aktionen im Rahmen des Unterrichts.<\/p>\n\n\n\n<p>Bei Veranstaltungen der gesamten Schule, z. B. des Schulfestes plant der Schulelternbeirat, in Abstimmung mit der Schulleitung, die Durchf\u00fchrung. Die einzelnen Klassenelternbeir\u00e4te koordinieren die Aufgabenverteilung mit der jeweiligen Elternschaft.<\/p>\n\n\n\n<p><strong>Nur durch die enge Zusammenarbeit aller am Schulleben Beteiligten ist aktives Schulleben m\u00f6glich!!!<\/strong><\/p>\n\n\n\n<p><strong>Darum brauchen wir Sie, liebe Eltern!<\/strong><\/p>\n\n\n\n<p>Vielleicht k\u00f6nnen Sie sich bei einigen der folgenden Aktivit\u00e4ten beteiligen:<\/p>\n\n\n\n<figure class=\"wp-block-table\"><table><tbody><tr><td>&#8211; Mithilfe beim Zirkusprojekt &#8222;Soluna&#8220;<br>&#8211; Anschaffung von Pausenspielger\u00e4ten<br>&#8211; Hilfe in der Projektwoche, z.B. Duchf\u00fchrung eines Projekts<br>&#8211; Hilfe beim Schulfest<br>&#8211; Anschaffung von Lernmaterialien<br>&#8211; Mithilfe beim Bastelvormittag<br>&#8211; Unterst\u00fctzung bei Ausfl\u00fcgen<\/td><\/tr><\/tbody><\/table><\/figure>\n\n\n\n<p><strong>Wir sind auch \u00fcber jegliche andere Anregung und Hilfe dankbar!<\/strong><\/p>\n\n\n\n<p><strong>Sprechen Sie doch bitte die Schulleitung oder eine Lehrerin an<\/strong>!<\/p>\n","protected":false},"excerpt":{"rendered":"<p>Unterschieden werden Veranstaltungen der einzelnen Klassen und Veranstaltungen der gesamten Schule. In den einzelnen Klassen \u00fcbernimmt es der Klassenelternbeirat bzw. die Lehrerin, die Eltern um Mitwirkung und Mithilfe bei diversen [&hellip;]<\/p>\n","protected":false},"author":1,"featured_media":0,"parent":0,"menu_order":0,"comment_status":"closed","ping_status":"closed","template":"","meta":{"footnotes":""},"class_list":["post-94","page","type-page","status-publish","hentry"],"_links":{"self":[{"href":"https:\/\/grundschule-badsoden.de\/index.php\/wp-json\/wp\/v2\/pages\/94","targetHints":{"allow":["GET"]}}],"collection":[{"href":"https:\/\/grundschule-badsoden.de\/index.php\/wp-json\/wp\/v2\/pages"}],"about":[{"href":"https:\/\/grundschule-badsoden.de\/index.php\/wp-json\/wp\/v2\/types\/page"}],"author":[{"embeddable":true,"href":"https:\/\/grundschule-badsoden.de\/index.php\/wp-json\/wp\/v2\/users\/1"}],"replies":[{"embeddable":true,"href":"https:\/\/grundschule-badsoden.de\/index.php\/wp-json\/wp\/v2\/comments?post=94"}],"version-history":[{"count":0,"href":"https:\/\/grundschule-badsoden.de\/index.php\/wp-json\/wp\/v2\/pages\/94\/revisions"}],"wp:attachment":[{"href":"https:\/\/grundschule-badsoden.de\/index.php\/wp-json\/wp\/v2\/media?parent=94"}],"curies":[{"name":"wp","href":"https:\/\/api.w.org\/{rel}","templated":true}]}}