{"id":98,"date":"2020-06-02T11:49:42","date_gmt":"2020-06-02T09:49:42","guid":{"rendered":"http:\/\/grundschule-badsoden.de\/?page_id=98"},"modified":"2020-08-10T13:23:13","modified_gmt":"2020-08-10T11:23:13","slug":"ziele","status":"publish","type":"page","link":"https:\/\/grundschule-badsoden.de\/index.php\/ziele\/","title":{"rendered":"Ziele"},"content":{"rendered":"\n<h2 class=\"wp-block-heading\">In den letzten Jahren umgesetzte Ziele<\/h2>\n\n\n\n<p>Eine gute Zusammenarbeit zwischen Schule und Elternhaus ist eine wichtige Voraussetzung daf\u00fcr, dass sich Ihr Kind in der Schule wohl f\u00fchlt. Durch die gemeinsame Arbeit mit Eltern, Lehrern und der Schulleitung konnten wir schon vieles an der Schule bewegen:<br>So konnten wir durch die Erl\u00f6se aus Schulfesten, durch die Elternspenden und nat\u00fcrlich auch durch den pers\u00f6nlichen Einsatz der Elternschaft schon folgende Ma\u00dfnahmen erm\u00f6glichen :<\/p>\n\n\n\n<figure class=\"wp-block-table\"><table><tbody><tr><td> Organisation und Durchf\u00fchrung von Tombolas, deren Erl\u00f6s zur Anschaffung neuer Materialien oder Schulm\u00f6bel verwendet wird<br><br>Planung, Gestaltung und Umsetzung eines Spielplatzes auf dem Schulhof mit finanzieller Unterst\u00fctzung des F\u00f6rdervereins und der Stadt Bad Soden<br><br>Bewirtung der Eltern bei den Einschulungsveranstaltungen<br><br>Errichtung und Grundausstattung des Computerraumes mit finanzieller Hilfe des F\u00f6rdervereines<br><br>Anschaffung von Pausenspielger\u00e4ten, u.a. Tischtennisplatte und Basketballkorb<br><br>Bemalung und Umgestaltung des Schulhofes<br><br>Durchsetzung der Brandschutzma\u00dfnahmen<br><br>Anschaffung und Aufstellung des Spielger\u00e4teh\u00e4uschens mit Pflasterarbeiten<br><br>Anschaffung von Lernmaterialien<br><br>Mitarbeit an der Einf\u00fchrung der betreuten Grundschule<br><br>Ausstattung aller Klassenr\u00e4ume mit neuen Sch\u00fclertischen und St\u00fchlen mit finanzieller Unterst\u00fctzung des F\u00f6rdervereines<br><br>Ausstattung aller Klassenr\u00e4ume mit neuen Lehrerpulten und Lehrerst\u00fchlen mit finanzieller Unterst\u00fctzung des F\u00f6rdervereines<br><br>Ausstattung mancher Klassenr\u00e4ume mit neuen Schr\u00e4nken mit finanzieller Unterst\u00fctzung des F\u00f6rdervereines<br><br>Ausstattung der Betreuung mit neuen Tischen und St\u00fchlen mit finanzieller Unterst\u00fctzung des F\u00f6rdervereines<br><br>Anschaffung einer kompletten B\u00fchne mit Licht-und Tontechnik f\u00fcr die Theater-AG mit finanzieller Unterst\u00fctzung des F\u00f6rdervereines<\/td><\/tr><\/tbody><\/table><\/figure>\n\n\n\n<p>Auf diesem Wege m\u00f6chten wir uns herzlich bei allen f\u00fcr die Hilfe bedanken und hoffen, dass weitere Projekte folgen.<\/p>\n\n\n\n<p>Wir gr\u00fc\u00dfen Sie herzlich und freuen uns auf eine gute Zusammenarbeit!<\/p>\n\n\n\n<p>Der Elternbeirat!<\/p>\n","protected":false},"excerpt":{"rendered":"<p>In den letzten Jahren umgesetzte Ziele Eine gute Zusammenarbeit zwischen Schule und Elternhaus ist eine wichtige Voraussetzung daf\u00fcr, dass sich Ihr Kind in der Schule wohl f\u00fchlt. Durch die gemeinsame [&hellip;]<\/p>\n","protected":false},"author":1,"featured_media":0,"parent":0,"menu_order":0,"comment_status":"closed","ping_status":"closed","template":"","meta":{"footnotes":""},"class_list":["post-98","page","type-page","status-publish","hentry"],"_links":{"self":[{"href":"https:\/\/grundschule-badsoden.de\/index.php\/wp-json\/wp\/v2\/pages\/98","targetHints":{"allow":["GET"]}}],"collection":[{"href":"https:\/\/grundschule-badsoden.de\/index.php\/wp-json\/wp\/v2\/pages"}],"about":[{"href":"https:\/\/grundschule-badsoden.de\/index.php\/wp-json\/wp\/v2\/types\/page"}],"author":[{"embeddable":true,"href":"https:\/\/grundschule-badsoden.de\/index.php\/wp-json\/wp\/v2\/users\/1"}],"replies":[{"embeddable":true,"href":"https:\/\/grundschule-badsoden.de\/index.php\/wp-json\/wp\/v2\/comments?post=98"}],"version-history":[{"count":0,"href":"https:\/\/grundschule-badsoden.de\/index.php\/wp-json\/wp\/v2\/pages\/98\/revisions"}],"wp:attachment":[{"href":"https:\/\/grundschule-badsoden.de\/index.php\/wp-json\/wp\/v2\/media?parent=98"}],"curies":[{"name":"wp","href":"https:\/\/api.w.org\/{rel}","templated":true}]}}